{"id":5892,"date":"2020-03-17T12:31:50","date_gmt":"2020-03-17T10:31:50","guid":{"rendered":"https:\/\/agria-zenithcropsciences.com\/product\/trepach-9\/"},"modified":"2021-09-11T17:37:29","modified_gmt":"2021-09-11T14:37:29","slug":"trepach-9","status":"publish","type":"product","link":"https:\/\/agria-zenithcropsciences.com\/en\/product\/trepach-9\/","title":{"rendered":"TREPACH\u00ae"},"content":{"rendered":"","protected":false},"excerpt":{"rendered":"<p>Sziszt\u00e9m\u00e1s gyomirt\u00f3 szer az olajrepce, cukorr\u00e9pa \u00e9s napraforg\u00f3 gazdas\u00e1gilag fontos gabonaf\u00e9l\u00e9khez tartoz\u00f3 (vagy egyszik\u0171) gyomn\u00f6v\u00e9nyei ellen<\/p>\n<p><strong>TREPACH<\/strong> emulzi\u00f3 koncentr\u00e1tum form\u00e1j\u00e1ban ker\u00fcl forgalmaz\u00e1sra, amely 50 g\/l quizalofop-p-ethyl-t tartalmaz.<\/p>\n<p><strong>Hat\u00f3anyag megnevez\u00e9se, koncentr\u00e1ci\u00f3ja: <\/strong>50 g\/l Quizalofop-P-ethyl<\/p>\n<p><strong>Szerforma: <\/strong>Emulzi\u00f3k\u00e9pz\u0151 koncentr\u00e1tum (EC)<\/p>\n<p><span lang=\"BG\"><b>Egy\u00e9b el\u00e9rhet\u0151 kereskedelmi nevek<\/b>:\u00a0<b>DARIUM\u00ae,\u00a0<\/b><\/span><b><span lang=\"EN-GB\">ZENER<\/span><\/b><b><span lang=\"BG\">\u00ae<\/span><\/b><\/p>\n","protected":false},"featured_media":5265,"comment_status":"closed","ping_status":"closed","template":"","meta":[],"product_brand":[],"product_cat":[360,357],"product_tag":[],"class_list":{"0":"post-5892","1":"product","2":"type-product","3":"status-publish","4":"has-post-thumbnail","6":"product_cat-herbicidek-en","7":"product_cat-termekek-en","9":"first","10":"instock","11":"shipping-taxable","12":"product-type-simple"},"_links":{"self":[{"href":"https:\/\/agria-zenithcropsciences.com\/en\/wp-json\/wp\/v2\/product\/5892","targetHints":{"allow":["GET"]}}],"collection":[{"href":"https:\/\/agria-zenithcropsciences.com\/en\/wp-json\/wp\/v2\/product"}],"about":[{"href":"https:\/\/agria-zenithcropsciences.com\/en\/wp-json\/wp\/v2\/types\/product"}],"replies":[{"embeddable":true,"href":"https:\/\/agria-zenithcropsciences.com\/en\/wp-json\/wp\/v2\/comments?post=5892"}],"wp:featuredmedia":[{"embeddable":true,"href":"https:\/\/agria-zenithcropsciences.com\/en\/wp-json\/wp\/v2\/media\/5265"}],"wp:attachment":[{"href":"https:\/\/agria-zenithcropsciences.com\/en\/wp-json\/wp\/v2\/media?parent=5892"}],"wp:term":[{"taxonomy":"product_brand","embeddable":true,"href":"https:\/\/agria-zenithcropsciences.com\/en\/wp-json\/wp\/v2\/product_brand?post=5892"},{"taxonomy":"product_cat","embeddable":true,"href":"https:\/\/agria-zenithcropsciences.com\/en\/wp-json\/wp\/v2\/product_cat?post=5892"},{"taxonomy":"product_tag","embeddable":true,"href":"https:\/\/agria-zenithcropsciences.com\/en\/wp-json\/wp\/v2\/product_tag?post=5892"}],"curies":[{"name":"wp","href":"https:\/\/api.w.org\/{rel}","templated":true}]}}