{"id":5900,"date":"2020-03-12T15:04:47","date_gmt":"2020-03-12T13:04:47","guid":{"rendered":"https:\/\/agria-zenithcropsciences.com\/product\/copforce-extra-5\/"},"modified":"2020-03-12T15:04:47","modified_gmt":"2020-03-12T13:04:47","slug":"copforce-extra-5","status":"publish","type":"product","link":"https:\/\/agria-zenithcropsciences.com\/en\/product\/copforce-extra-5\/","title":{"rendered":"COPFORCE EXTRA\u00ae"},"content":{"rendered":"","protected":false},"excerpt":{"rendered":"<p>FUNGICYD o dzia\u0142aniu wg\u0142\u0119bnym i powierzchniowym w postaci granuli do sporz\u0105dzania zawiesiny wodnej (WG).<\/p>\n<p><strong>Kompozycja: <\/strong>60 g\/kg Cymoxanil + 461 g\/kg Copper oxychloride<\/p>\n<p><strong>Rodzaj preparatu: <\/strong>Postaci granuli (WG)<\/p>\n<p><strong>Inne dost\u0119pne nazwy handlowe: Cupman<sup>\u00ae<\/sup>, Pesmus<sup>\u00ae<\/sup><\/strong><\/p>\n","protected":false},"featured_media":4866,"comment_status":"closed","ping_status":"closed","template":"","meta":[],"product_brand":[],"product_cat":[366,367],"product_tag":[],"class_list":{"0":"post-5900","1":"product","2":"type-product","3":"status-publish","4":"has-post-thumbnail","6":"product_cat-fungicydy-en","7":"product_cat-products-poland-en","9":"first","10":"instock","11":"shipping-taxable","12":"product-type-simple"},"_links":{"self":[{"href":"https:\/\/agria-zenithcropsciences.com\/en\/wp-json\/wp\/v2\/product\/5900","targetHints":{"allow":["GET"]}}],"collection":[{"href":"https:\/\/agria-zenithcropsciences.com\/en\/wp-json\/wp\/v2\/product"}],"about":[{"href":"https:\/\/agria-zenithcropsciences.com\/en\/wp-json\/wp\/v2\/types\/product"}],"replies":[{"embeddable":true,"href":"https:\/\/agria-zenithcropsciences.com\/en\/wp-json\/wp\/v2\/comments?post=5900"}],"wp:featuredmedia":[{"embeddable":true,"href":"https:\/\/agria-zenithcropsciences.com\/en\/wp-json\/wp\/v2\/media\/4866"}],"wp:attachment":[{"href":"https:\/\/agria-zenithcropsciences.com\/en\/wp-json\/wp\/v2\/media?parent=5900"}],"wp:term":[{"taxonomy":"product_brand","embeddable":true,"href":"https:\/\/agria-zenithcropsciences.com\/en\/wp-json\/wp\/v2\/product_brand?post=5900"},{"taxonomy":"product_cat","embeddable":true,"href":"https:\/\/agria-zenithcropsciences.com\/en\/wp-json\/wp\/v2\/product_cat?post=5900"},{"taxonomy":"product_tag","embeddable":true,"href":"https:\/\/agria-zenithcropsciences.com\/en\/wp-json\/wp\/v2\/product_tag?post=5900"}],"curies":[{"name":"wp","href":"https:\/\/api.w.org\/{rel}","templated":true}]}}