{"id":5904,"date":"2020-03-12T15:02:25","date_gmt":"2020-03-12T13:02:25","guid":{"rendered":"https:\/\/agria-zenithcropsciences.com\/product\/stretch-9\/"},"modified":"2020-03-12T15:02:25","modified_gmt":"2020-03-12T13:02:25","slug":"stretch-9","status":"publish","type":"product","link":"https:\/\/agria-zenithcropsciences.com\/en\/product\/stretch-9\/","title":{"rendered":"STRETCH\u00ae"},"content":{"rendered":"","protected":false},"excerpt":{"rendered":"<p>HERBICYD \u00a0selektywny o dzia\u0142aniu uk\u0142adowym, stosowany nalistnie, w postaci zawiesiny olejowej (OD) do rozcie\u0144czania wod\u0105.<\/p>\n<p>Zgodnie z klasyfikacj\u0105 HRAC substancja czynna nikosulfuron zaliczana jest do grupy B.<\/p>\n<p><strong>Kompozycja<\/strong>: 40 g\/l Nicosulfuron<\/p>\n<p><strong>Rodzaj preparatu: <\/strong>Zawiesiny olejowej (OD)<\/p>\n<p><strong>Inne dost\u0119pne nazwy handlowe: DUCEL<sup>\u00ae<\/sup><\/strong><\/p>\n","protected":false},"featured_media":4876,"comment_status":"closed","ping_status":"closed","template":"","meta":[],"product_brand":[],"product_cat":[370,367],"product_tag":[],"class_list":{"0":"post-5904","1":"product","2":"type-product","3":"status-publish","4":"has-post-thumbnail","6":"product_cat-herbicydy-en","7":"product_cat-products-poland-en","9":"first","10":"instock","11":"shipping-taxable","12":"product-type-simple"},"_links":{"self":[{"href":"https:\/\/agria-zenithcropsciences.com\/en\/wp-json\/wp\/v2\/product\/5904","targetHints":{"allow":["GET"]}}],"collection":[{"href":"https:\/\/agria-zenithcropsciences.com\/en\/wp-json\/wp\/v2\/product"}],"about":[{"href":"https:\/\/agria-zenithcropsciences.com\/en\/wp-json\/wp\/v2\/types\/product"}],"replies":[{"embeddable":true,"href":"https:\/\/agria-zenithcropsciences.com\/en\/wp-json\/wp\/v2\/comments?post=5904"}],"wp:featuredmedia":[{"embeddable":true,"href":"https:\/\/agria-zenithcropsciences.com\/en\/wp-json\/wp\/v2\/media\/4876"}],"wp:attachment":[{"href":"https:\/\/agria-zenithcropsciences.com\/en\/wp-json\/wp\/v2\/media?parent=5904"}],"wp:term":[{"taxonomy":"product_brand","embeddable":true,"href":"https:\/\/agria-zenithcropsciences.com\/en\/wp-json\/wp\/v2\/product_brand?post=5904"},{"taxonomy":"product_cat","embeddable":true,"href":"https:\/\/agria-zenithcropsciences.com\/en\/wp-json\/wp\/v2\/product_cat?post=5904"},{"taxonomy":"product_tag","embeddable":true,"href":"https:\/\/agria-zenithcropsciences.com\/en\/wp-json\/wp\/v2\/product_tag?post=5904"}],"curies":[{"name":"wp","href":"https:\/\/api.w.org\/{rel}","templated":true}]}}