{"id":5911,"date":"2020-03-12T14:51:36","date_gmt":"2020-03-12T12:51:36","guid":{"rendered":"https:\/\/agria-zenithcropsciences.com\/product\/rival-14\/"},"modified":"2020-03-12T14:51:36","modified_gmt":"2020-03-12T12:51:36","slug":"rival-14","status":"publish","type":"product","link":"https:\/\/agria-zenithcropsciences.com\/en\/product\/rival-14\/","title":{"rendered":"RIVAL\u00ae"},"content":{"rendered":"","protected":false},"excerpt":{"rendered":"<p><strong>RIVAL<sup>\u00ae<\/sup><\/strong> \u00e9 um fungicida do grupo carbamato, sist\u00e9mico, com atividade preventiva e curativa. O produto atua por altera\u00e7\u00e3o da permeabilidade das membranas celulares e inibi\u00e7\u00e3o da bioss\u00edntese de \u00e1cidos gordos e fosfol\u00edpidos, reduzindo assim o crescimento micelial e o desenvolvimento dos zo\u00f3sporos e espor\u00e2ngios.<\/p>\n<p>Encontra-se indicado para prote\u00e7\u00e3o contra a murchid\u00e3o das pl\u00e2ntulas ou damping-off causada por Pythium sp. e Phytophthora sp. em tomateiro e plantas ornamentais, de estufa, provenientes de sementes, pl\u00e2ntulas ou transplantes.<\/p>\n<p><strong>Composi\u00e7\u00e3o: <\/strong>722 g\/l Propamocarb hydrochloride<\/p>\n<p><strong>Tipo de formula\u00e7\u00e3o: <\/strong>Solu\u00e7\u00e3o concentrada (SL)<\/p>\n","protected":false},"featured_media":5597,"comment_status":"closed","ping_status":"closed","template":"","meta":[],"product_brand":[],"product_cat":[372,373],"product_tag":[],"class_list":{"0":"post-5911","1":"product","2":"type-product","3":"status-publish","4":"has-post-thumbnail","6":"product_cat-fungicides-en","7":"product_cat-products-portugal-en","9":"first","10":"instock","11":"shipping-taxable","12":"product-type-simple"},"_links":{"self":[{"href":"https:\/\/agria-zenithcropsciences.com\/en\/wp-json\/wp\/v2\/product\/5911","targetHints":{"allow":["GET"]}}],"collection":[{"href":"https:\/\/agria-zenithcropsciences.com\/en\/wp-json\/wp\/v2\/product"}],"about":[{"href":"https:\/\/agria-zenithcropsciences.com\/en\/wp-json\/wp\/v2\/types\/product"}],"replies":[{"embeddable":true,"href":"https:\/\/agria-zenithcropsciences.com\/en\/wp-json\/wp\/v2\/comments?post=5911"}],"wp:featuredmedia":[{"embeddable":true,"href":"https:\/\/agria-zenithcropsciences.com\/en\/wp-json\/wp\/v2\/media\/5597"}],"wp:attachment":[{"href":"https:\/\/agria-zenithcropsciences.com\/en\/wp-json\/wp\/v2\/media?parent=5911"}],"wp:term":[{"taxonomy":"product_brand","embeddable":true,"href":"https:\/\/agria-zenithcropsciences.com\/en\/wp-json\/wp\/v2\/product_brand?post=5911"},{"taxonomy":"product_cat","embeddable":true,"href":"https:\/\/agria-zenithcropsciences.com\/en\/wp-json\/wp\/v2\/product_cat?post=5911"},{"taxonomy":"product_tag","embeddable":true,"href":"https:\/\/agria-zenithcropsciences.com\/en\/wp-json\/wp\/v2\/product_tag?post=5911"}],"curies":[{"name":"wp","href":"https:\/\/api.w.org\/{rel}","templated":true}]}}