{"id":5913,"date":"2020-03-12T14:50:25","date_gmt":"2020-03-12T12:50:25","guid":{"rendered":"https:\/\/agria-zenithcropsciences.com\/product\/stretch-8\/"},"modified":"2020-03-12T14:50:25","modified_gmt":"2020-03-12T12:50:25","slug":"stretch-8","status":"publish","type":"product","link":"https:\/\/agria-zenithcropsciences.com\/en\/product\/stretch-8\/","title":{"rendered":"STRETCH\u00ae"},"content":{"rendered":"","protected":false},"excerpt":{"rendered":"<p><strong>STRETCH\u00ae<\/strong> \u00e9 um herbicida sist\u00e9mico com alguma ac\u00e7\u00e3o residual, selectivo para a cultura do milho, formulado com base em nicossulfur\u00e3o. Este, pertence \u00e0 familia qu\u00edmica das sulfonilureias (Grupo B &#8211; HRAC), \u00e9 absorvido por via foliar e radicular, com r\u00e1pida transloca\u00e7\u00e3o no apoplasto e simplasto at\u00e9 aos meristemas. Inibe, a bioss\u00edntese dos amino\u00e1cidos valina, leucina e isoleucina (inibindo a actividade da enzima acetolactato sintase, ALS), interrompendo a divis\u00e3o celular e o crescimento da planta.<\/p>\n<p><strong>Composi\u00e7\u00e3o<\/strong>: 40 g\/l Nicosulfuron<\/p>\n<p><strong>Tipo de formula\u00e7\u00e3o<\/strong>: Dispers\u00e3o em \u00f3leo (OD)<\/p>\n","protected":false},"featured_media":5600,"comment_status":"closed","ping_status":"closed","template":"","meta":[],"product_brand":[],"product_cat":[376,373],"product_tag":[],"class_list":{"0":"post-5913","1":"product","2":"type-product","3":"status-publish","4":"has-post-thumbnail","6":"product_cat-herbicides-en","7":"product_cat-products-portugal-en","9":"first","10":"instock","11":"shipping-taxable","12":"product-type-simple"},"_links":{"self":[{"href":"https:\/\/agria-zenithcropsciences.com\/en\/wp-json\/wp\/v2\/product\/5913","targetHints":{"allow":["GET"]}}],"collection":[{"href":"https:\/\/agria-zenithcropsciences.com\/en\/wp-json\/wp\/v2\/product"}],"about":[{"href":"https:\/\/agria-zenithcropsciences.com\/en\/wp-json\/wp\/v2\/types\/product"}],"replies":[{"embeddable":true,"href":"https:\/\/agria-zenithcropsciences.com\/en\/wp-json\/wp\/v2\/comments?post=5913"}],"wp:featuredmedia":[{"embeddable":true,"href":"https:\/\/agria-zenithcropsciences.com\/en\/wp-json\/wp\/v2\/media\/5600"}],"wp:attachment":[{"href":"https:\/\/agria-zenithcropsciences.com\/en\/wp-json\/wp\/v2\/media?parent=5913"}],"wp:term":[{"taxonomy":"product_brand","embeddable":true,"href":"https:\/\/agria-zenithcropsciences.com\/en\/wp-json\/wp\/v2\/product_brand?post=5913"},{"taxonomy":"product_cat","embeddable":true,"href":"https:\/\/agria-zenithcropsciences.com\/en\/wp-json\/wp\/v2\/product_cat?post=5913"},{"taxonomy":"product_tag","embeddable":true,"href":"https:\/\/agria-zenithcropsciences.com\/en\/wp-json\/wp\/v2\/product_tag?post=5913"}],"curies":[{"name":"wp","href":"https:\/\/api.w.org\/{rel}","templated":true}]}}