{"id":5922,"date":"2020-03-12T14:32:10","date_gmt":"2020-03-12T12:32:10","guid":{"rendered":"https:\/\/agria-zenithcropsciences.com\/product\/rival-duo-8\/"},"modified":"2020-03-12T14:32:10","modified_gmt":"2020-03-12T12:32:10","slug":"rival-duo-8","status":"publish","type":"product","link":"https:\/\/agria-zenithcropsciences.com\/en\/product\/rival-duo-8\/","title":{"rendered":"RIVAL\u00ae DUO"},"content":{"rendered":"","protected":false},"excerpt":{"rendered":"<p>Syst\u00e9mov\u00fd fungic\u00edd s ochrann\u00fdm a kurat\u00edvnym \u00fa\u010dinkom vo forme suspenzn\u00e9ho koncentr\u00e1tu (SC), ktor\u00fd je ur\u010den\u00fd na ochranu zemiakov proti plesni zemiakovej (<em>Phytophthora infestans<\/em>).<\/p>\n<p><strong>\u00da\u010dinn\u00e1 l\u00e1tka: <\/strong>50 g\/l Cymoxanil and 400 g\/l Propamocarb hydrochloride<\/p>\n<p><strong>Typ zlo\u017eenia: <\/strong>Suspenzn\u00e9ho koncentr\u00e1tu (SC)<\/p>\n<p><strong>In\u00e9 dostupn\u00e9 obchodn\u00e9:<\/strong> <strong>OMIX DUO<sup>\u00ae<\/sup><\/strong><\/p>\n","protected":false},"featured_media":4942,"comment_status":"closed","ping_status":"closed","template":"","meta":[],"product_brand":[],"product_cat":[378,379],"product_tag":[],"class_list":{"0":"post-5922","1":"product","2":"type-product","3":"status-publish","4":"has-post-thumbnail","6":"product_cat-fungicidy-en","7":"product_cat-products-slovakia-en","9":"first","10":"instock","11":"shipping-taxable","12":"product-type-simple"},"_links":{"self":[{"href":"https:\/\/agria-zenithcropsciences.com\/en\/wp-json\/wp\/v2\/product\/5922","targetHints":{"allow":["GET"]}}],"collection":[{"href":"https:\/\/agria-zenithcropsciences.com\/en\/wp-json\/wp\/v2\/product"}],"about":[{"href":"https:\/\/agria-zenithcropsciences.com\/en\/wp-json\/wp\/v2\/types\/product"}],"replies":[{"embeddable":true,"href":"https:\/\/agria-zenithcropsciences.com\/en\/wp-json\/wp\/v2\/comments?post=5922"}],"wp:featuredmedia":[{"embeddable":true,"href":"https:\/\/agria-zenithcropsciences.com\/en\/wp-json\/wp\/v2\/media\/4942"}],"wp:attachment":[{"href":"https:\/\/agria-zenithcropsciences.com\/en\/wp-json\/wp\/v2\/media?parent=5922"}],"wp:term":[{"taxonomy":"product_brand","embeddable":true,"href":"https:\/\/agria-zenithcropsciences.com\/en\/wp-json\/wp\/v2\/product_brand?post=5922"},{"taxonomy":"product_cat","embeddable":true,"href":"https:\/\/agria-zenithcropsciences.com\/en\/wp-json\/wp\/v2\/product_cat?post=5922"},{"taxonomy":"product_tag","embeddable":true,"href":"https:\/\/agria-zenithcropsciences.com\/en\/wp-json\/wp\/v2\/product_tag?post=5922"}],"curies":[{"name":"wp","href":"https:\/\/api.w.org\/{rel}","templated":true}]}}