{"id":5928,"date":"2020-03-12T14:28:21","date_gmt":"2020-03-12T12:28:21","guid":{"rendered":"https:\/\/agria-zenithcropsciences.com\/product\/trepach-6\/"},"modified":"2021-09-11T17:25:44","modified_gmt":"2021-09-11T14:25:44","slug":"trepach-6","status":"publish","type":"product","link":"https:\/\/agria-zenithcropsciences.com\/en\/product\/trepach-6\/","title":{"rendered":"TREPACH\u00ae"},"content":{"rendered":"","protected":false},"excerpt":{"rendered":"<p>Pr\u00edpravok <strong>TREPACH<sup>\u00ae<\/sup><\/strong> je syst\u00e9mov\u00fd herbic\u00edd vo forme emulzn\u00e9ho koncentr\u00e1tu (EC) ur\u010den\u00fd na ochranu repky ozimnej, repky jarnej, repy cukrovej a slne\u010dnice proti jednoro\u010dn\u00fdm a trv\u00e1cim tr\u00e1vovit\u00fdm burin\u00e1m a v\u00fdmrvu obiln\u00edn.<\/p>\n<p><strong>\u00da\u010dinn\u00e1 l\u00e1tka: <\/strong>50 g\/l Quizalofop-P-ethyl<\/p>\n<p><strong>Typ zlo\u017eenia: <\/strong>emulzn\u00e9ho koncentr\u00e1tu (EC)<\/p>\n<p><span lang=\"BG\"><b>In\u00e9 dostupn\u00e9 obchodn\u00e9 n\u00e1zvy:\u00a0<\/b><\/span><b><span lang=\"EN-GB\">DARIUM<\/span><\/b><b><span lang=\"BG\">\u00ae<\/span><\/b><\/p>\n","protected":false},"featured_media":4945,"comment_status":"closed","ping_status":"closed","template":"","meta":[],"product_brand":[],"product_cat":[382,379],"product_tag":[],"class_list":{"0":"post-5928","1":"product","2":"type-product","3":"status-publish","4":"has-post-thumbnail","6":"product_cat-herbicidy-en","7":"product_cat-products-slovakia-en","9":"first","10":"instock","11":"shipping-taxable","12":"product-type-simple"},"_links":{"self":[{"href":"https:\/\/agria-zenithcropsciences.com\/en\/wp-json\/wp\/v2\/product\/5928","targetHints":{"allow":["GET"]}}],"collection":[{"href":"https:\/\/agria-zenithcropsciences.com\/en\/wp-json\/wp\/v2\/product"}],"about":[{"href":"https:\/\/agria-zenithcropsciences.com\/en\/wp-json\/wp\/v2\/types\/product"}],"replies":[{"embeddable":true,"href":"https:\/\/agria-zenithcropsciences.com\/en\/wp-json\/wp\/v2\/comments?post=5928"}],"wp:featuredmedia":[{"embeddable":true,"href":"https:\/\/agria-zenithcropsciences.com\/en\/wp-json\/wp\/v2\/media\/4945"}],"wp:attachment":[{"href":"https:\/\/agria-zenithcropsciences.com\/en\/wp-json\/wp\/v2\/media?parent=5928"}],"wp:term":[{"taxonomy":"product_brand","embeddable":true,"href":"https:\/\/agria-zenithcropsciences.com\/en\/wp-json\/wp\/v2\/product_brand?post=5928"},{"taxonomy":"product_cat","embeddable":true,"href":"https:\/\/agria-zenithcropsciences.com\/en\/wp-json\/wp\/v2\/product_cat?post=5928"},{"taxonomy":"product_tag","embeddable":true,"href":"https:\/\/agria-zenithcropsciences.com\/en\/wp-json\/wp\/v2\/product_tag?post=5928"}],"curies":[{"name":"wp","href":"https:\/\/api.w.org\/{rel}","templated":true}]}}