{"id":5939,"date":"2020-03-12T13:38:06","date_gmt":"2020-03-12T11:38:06","guid":{"rendered":"https:\/\/agria-zenithcropsciences.com\/product\/rival-12\/"},"modified":"2020-03-12T13:38:06","modified_gmt":"2020-03-12T11:38:06","slug":"rival-12","status":"publish","type":"product","link":"https:\/\/agria-zenithcropsciences.com\/en\/product\/rival-12\/","title":{"rendered":"RIVAL\u00ae"},"content":{"rendered":"","protected":false},"excerpt":{"rendered":"<p>Sredstvo <strong>RIVAL<sup>\u00ae <\/sup><\/strong>je sistemi\u010dni fungicid s preventivnim in kurativnim\u00a0 delovanjem. Vsebuje propamokarb hidroklorid iz skupine karbamatov, ki deluje lokalno, sistemi\u010dno in se akropetalno razporedi po rastlini. Inhibira biosintezo fosfolipidov in ma\u0161\u010dobnih kislin in tako zmanj\u0161a rast micelija in razvoj zoospor in sporangija, ker prepre\u010duje rast celi\u010dne membrane patogenih gliv.<\/p>\n<p>Sredstvo <strong>RIVAL<sup>\u00ae<\/sup><\/strong> se uporablja za zmanj\u0161anje oku\u017eb s padavico sadik, ki jo povzro\u010dajo glive iz rodu\u00a0 <em>Phytophthora spp<\/em>. in <em>Phytium spp<\/em>.\u00a0 pri gojenju paradi\u017enika in okrasnih rastlin v za\u0161\u010ditenih prostorih (rastlinjakih).<\/p>\n<p><strong>Vsebuje: <\/strong>722 g\/l Propamocarb hydrochloride<\/p>\n<p><strong>Vrsta formulacije: <\/strong>Vodotopnega koncentrata (SL)<\/p>\n","protected":false},"featured_media":4939,"comment_status":"closed","ping_status":"closed","template":"","meta":[],"product_brand":[],"product_cat":[384,385],"product_tag":[],"class_list":{"0":"post-5939","1":"product","2":"type-product","3":"status-publish","4":"has-post-thumbnail","6":"product_cat-fungicidi-products-slovenia-en","7":"product_cat-products-slovenia-en","9":"first","10":"instock","11":"shipping-taxable","12":"product-type-simple"},"_links":{"self":[{"href":"https:\/\/agria-zenithcropsciences.com\/en\/wp-json\/wp\/v2\/product\/5939","targetHints":{"allow":["GET"]}}],"collection":[{"href":"https:\/\/agria-zenithcropsciences.com\/en\/wp-json\/wp\/v2\/product"}],"about":[{"href":"https:\/\/agria-zenithcropsciences.com\/en\/wp-json\/wp\/v2\/types\/product"}],"replies":[{"embeddable":true,"href":"https:\/\/agria-zenithcropsciences.com\/en\/wp-json\/wp\/v2\/comments?post=5939"}],"wp:featuredmedia":[{"embeddable":true,"href":"https:\/\/agria-zenithcropsciences.com\/en\/wp-json\/wp\/v2\/media\/4939"}],"wp:attachment":[{"href":"https:\/\/agria-zenithcropsciences.com\/en\/wp-json\/wp\/v2\/media?parent=5939"}],"wp:term":[{"taxonomy":"product_brand","embeddable":true,"href":"https:\/\/agria-zenithcropsciences.com\/en\/wp-json\/wp\/v2\/product_brand?post=5939"},{"taxonomy":"product_cat","embeddable":true,"href":"https:\/\/agria-zenithcropsciences.com\/en\/wp-json\/wp\/v2\/product_cat?post=5939"},{"taxonomy":"product_tag","embeddable":true,"href":"https:\/\/agria-zenithcropsciences.com\/en\/wp-json\/wp\/v2\/product_tag?post=5939"}],"curies":[{"name":"wp","href":"https:\/\/api.w.org\/{rel}","templated":true}]}}