{"id":6213,"date":"2020-03-08T23:09:42","date_gmt":"2020-03-08T21:09:42","guid":{"rendered":"https:\/\/agria-zenithcropsciences.com\/product\/dk-zate\/"},"modified":"2020-03-08T23:09:42","modified_gmt":"2020-03-08T21:09:42","slug":"dk-zate","status":"publish","type":"product","link":"https:\/\/agria-zenithcropsciences.com\/en\/product\/dk-zate\/","title":{"rendered":"DK-ZATE"},"content":{"rendered":"","protected":false},"excerpt":{"rendered":"<p>Fungicida de contacto y sist\u00e9mico para el Control del Tiz\u00f3n Tard\u00edo en Papa y Tomate y el Mildi\u00fa de las Cucurbit\u00e1ceas y Cebolla<\/p>\n<p><strong>Composicion:<\/strong> 640 g\/kg Mancozeb + 80 g\/kg Cymoxanil<\/p>\n<p><strong>Formulado como:<\/strong> <em>Polvo<\/em> Mojable (PM)<\/p>\n","protected":false},"featured_media":4364,"comment_status":"closed","ping_status":"closed","template":"","meta":[],"product_brand":[],"product_cat":[540,541],"product_tag":[],"class_list":{"0":"post-6213","1":"product","2":"type-product","3":"status-publish","4":"has-post-thumbnail","6":"product_cat-fungicidas-2-en","7":"product_cat-productos-peru-en","9":"first","10":"instock","11":"shipping-taxable","12":"product-type-simple"},"_links":{"self":[{"href":"https:\/\/agria-zenithcropsciences.com\/en\/wp-json\/wp\/v2\/product\/6213","targetHints":{"allow":["GET"]}}],"collection":[{"href":"https:\/\/agria-zenithcropsciences.com\/en\/wp-json\/wp\/v2\/product"}],"about":[{"href":"https:\/\/agria-zenithcropsciences.com\/en\/wp-json\/wp\/v2\/types\/product"}],"replies":[{"embeddable":true,"href":"https:\/\/agria-zenithcropsciences.com\/en\/wp-json\/wp\/v2\/comments?post=6213"}],"wp:featuredmedia":[{"embeddable":true,"href":"https:\/\/agria-zenithcropsciences.com\/en\/wp-json\/wp\/v2\/media\/4364"}],"wp:attachment":[{"href":"https:\/\/agria-zenithcropsciences.com\/en\/wp-json\/wp\/v2\/media?parent=6213"}],"wp:term":[{"taxonomy":"product_brand","embeddable":true,"href":"https:\/\/agria-zenithcropsciences.com\/en\/wp-json\/wp\/v2\/product_brand?post=6213"},{"taxonomy":"product_cat","embeddable":true,"href":"https:\/\/agria-zenithcropsciences.com\/en\/wp-json\/wp\/v2\/product_cat?post=6213"},{"taxonomy":"product_tag","embeddable":true,"href":"https:\/\/agria-zenithcropsciences.com\/en\/wp-json\/wp\/v2\/product_tag?post=6213"}],"curies":[{"name":"wp","href":"https:\/\/api.w.org\/{rel}","templated":true}]}}