{"id":6351,"date":"2020-02-14T11:58:44","date_gmt":"2020-02-14T09:58:44","guid":{"rendered":"https:\/\/agria-zenithcropsciences.com\/product\/rival-5\/"},"modified":"2020-06-08T01:39:55","modified_gmt":"2020-06-07T22:39:55","slug":"rival-5","status":"publish","type":"product","link":"https:\/\/agria-zenithcropsciences.com\/en\/product\/rival-5\/","title":{"rendered":"RIVAL\u00ae"},"content":{"rendered":"","protected":false},"excerpt":{"rendered":"<p><strong>RIVAL<sup>\u00ae<\/sup><\/strong> je fungicid za suzbijanje biljnih bolesti na raj\u010dici i ukrasnom bilju u za\u0161ti\u0107enom prostoru.<\/p>\n<p>Sredstvo <strong>RIVAL<sup>\u00ae<\/sup><\/strong> je sistemi\u010dni fungicid koji se koristi na: raj\u010dici u za\u0161ti\u0107enom prostoru (prije sjetve), raj\u010dici u za\u0161ti\u0107enom prostoru nakon rasa\u0111ivanja ili nakon nicanja, ukrasnom bilju u za\u0161ti\u0107enom prostoru (prije sjetve), ukrasnom bilju u za\u0161ti\u0107enom prostoru nakon rasa\u0111ivanja ili nakon nicanja.<\/p>\n<p><strong>Sastav: <\/strong>722 g\/l Propamocarb hydrochloride<\/p>\n<p><strong>Vrsta formulacije: <\/strong>Koncentrat za otopinu\u00a0 (SL)<\/p>\n","protected":false},"featured_media":5398,"comment_status":"closed","ping_status":"closed","template":"","meta":[],"product_brand":[],"product_cat":[584,585],"product_tag":[],"class_list":{"0":"post-6351","1":"product","2":"type-product","3":"status-publish","4":"has-post-thumbnail","6":"product_cat-fungicidi-2-en","7":"product_cat-products-croatia-en","9":"first","10":"instock","11":"shipping-taxable","12":"product-type-simple"},"_links":{"self":[{"href":"https:\/\/agria-zenithcropsciences.com\/en\/wp-json\/wp\/v2\/product\/6351","targetHints":{"allow":["GET"]}}],"collection":[{"href":"https:\/\/agria-zenithcropsciences.com\/en\/wp-json\/wp\/v2\/product"}],"about":[{"href":"https:\/\/agria-zenithcropsciences.com\/en\/wp-json\/wp\/v2\/types\/product"}],"replies":[{"embeddable":true,"href":"https:\/\/agria-zenithcropsciences.com\/en\/wp-json\/wp\/v2\/comments?post=6351"}],"wp:featuredmedia":[{"embeddable":true,"href":"https:\/\/agria-zenithcropsciences.com\/en\/wp-json\/wp\/v2\/media\/5398"}],"wp:attachment":[{"href":"https:\/\/agria-zenithcropsciences.com\/en\/wp-json\/wp\/v2\/media?parent=6351"}],"wp:term":[{"taxonomy":"product_brand","embeddable":true,"href":"https:\/\/agria-zenithcropsciences.com\/en\/wp-json\/wp\/v2\/product_brand?post=6351"},{"taxonomy":"product_cat","embeddable":true,"href":"https:\/\/agria-zenithcropsciences.com\/en\/wp-json\/wp\/v2\/product_cat?post=6351"},{"taxonomy":"product_tag","embeddable":true,"href":"https:\/\/agria-zenithcropsciences.com\/en\/wp-json\/wp\/v2\/product_tag?post=6351"}],"curies":[{"name":"wp","href":"https:\/\/api.w.org\/{rel}","templated":true}]}}