{"id":6369,"date":"2020-02-14T11:42:05","date_gmt":"2020-02-14T09:42:05","guid":{"rendered":"https:\/\/agria-zenithcropsciences.com\/product\/corida-4\/"},"modified":"2021-09-11T17:46:40","modified_gmt":"2021-09-11T14:46:40","slug":"corida-4","status":"publish","type":"product","link":"https:\/\/agria-zenithcropsciences.com\/en\/product\/corida-4\/","title":{"rendered":"CORIDA\u00ae"},"content":{"rendered":"","protected":false},"excerpt":{"rendered":"<p><strong>CORIDA<sup>\u00ae<\/sup><\/strong> wird gegen zweikeimbl\u00e4ttrigen Unkr\u00e4uter in Wintergerste und Winterweichweizen angewendet. Ausgenommen ist die Bek\u00e4mpfung von Ehrenpreis-Arten und Klettenlabkraut. Das Mittel wird im Nachauflauf im Fr\u00fchjahr (BBCH 31-39) eingesetzt.<\/p>\n<p><strong>CORIDA<sup>\u00ae<\/sup><\/strong> wird \u00fcber Wurzel und Bl\u00e4tter aufgenommen.<\/p>\n<p>Der Wirkungsmechanismus der Aktivsubstanz Tribenuron ist spezifisch. Die Wirkung erfolgt durch die Hemmung von ALS. Ein Wachstumsstopp tritt umgehend ein; der vollst\u00e4ndige Absterbeprozess kann sich \u00fcber einen l\u00e4ngeren Zeitraum erstrecken.<\/p>\n<p><strong>Wirkstoff<\/strong><strong>: <\/strong>750 g\/kg Tribenuron-methyl<\/p>\n<p><strong>Formulierung<\/strong><strong>:<\/strong> Wasserl\u00f6sliches Granulat (WG)<\/p>\n<p><span lang=\"BG\"><b>Andere verf\u00fcgbare Handelsnamen<\/b>:\u00a0<b>ADENTIS\u00ae\u00a0<\/b><\/span><b><span lang=\"EN-GB\">und SHLEM<\/span><\/b><b><span lang=\"BG\">\u00ae<\/span><\/b><\/p>\n","protected":false},"featured_media":5304,"comment_status":"closed","ping_status":"closed","template":"","meta":[],"product_brand":[],"product_cat":[594,591],"product_tag":[],"class_list":{"0":"post-6369","1":"product","2":"type-product","3":"status-publish","4":"has-post-thumbnail","6":"product_cat-herbizide-2-en","7":"product_cat-products-germany-en","9":"first","10":"instock","11":"shipping-taxable","12":"product-type-simple"},"_links":{"self":[{"href":"https:\/\/agria-zenithcropsciences.com\/en\/wp-json\/wp\/v2\/product\/6369","targetHints":{"allow":["GET"]}}],"collection":[{"href":"https:\/\/agria-zenithcropsciences.com\/en\/wp-json\/wp\/v2\/product"}],"about":[{"href":"https:\/\/agria-zenithcropsciences.com\/en\/wp-json\/wp\/v2\/types\/product"}],"replies":[{"embeddable":true,"href":"https:\/\/agria-zenithcropsciences.com\/en\/wp-json\/wp\/v2\/comments?post=6369"}],"wp:featuredmedia":[{"embeddable":true,"href":"https:\/\/agria-zenithcropsciences.com\/en\/wp-json\/wp\/v2\/media\/5304"}],"wp:attachment":[{"href":"https:\/\/agria-zenithcropsciences.com\/en\/wp-json\/wp\/v2\/media?parent=6369"}],"wp:term":[{"taxonomy":"product_brand","embeddable":true,"href":"https:\/\/agria-zenithcropsciences.com\/en\/wp-json\/wp\/v2\/product_brand?post=6369"},{"taxonomy":"product_cat","embeddable":true,"href":"https:\/\/agria-zenithcropsciences.com\/en\/wp-json\/wp\/v2\/product_cat?post=6369"},{"taxonomy":"product_tag","embeddable":true,"href":"https:\/\/agria-zenithcropsciences.com\/en\/wp-json\/wp\/v2\/product_tag?post=6369"}],"curies":[{"name":"wp","href":"https:\/\/api.w.org\/{rel}","templated":true}]}}