{"id":6392,"date":"2020-02-13T22:31:13","date_gmt":"2020-02-13T20:31:13","guid":{"rendered":"https:\/\/agria-zenithcropsciences.com\/product\/rival-2\/"},"modified":"2020-06-08T01:20:36","modified_gmt":"2020-06-07T22:20:36","slug":"rival-2","status":"publish","type":"product","link":"https:\/\/agria-zenithcropsciences.com\/en\/product\/rival-2\/","title":{"rendered":"RIVAL\u00ae"},"content":{"rendered":"","protected":false},"excerpt":{"rendered":"<p>Syst\u00e9mov\u00fd fungicid ur\u010den\u00fd proti houbov\u00fdm chorob\u00e1m v zelenin\u011b a v okrasn\u00fdch rostlin\u00e1ch. Pou\u017e\u00edv\u00e1 se k ochran\u011b kl\u00ed\u010d\u00edc\u00edch semen, sazenic, \u0159\u00edzk\u016f, cibul\u00ed a rostlin p\u0159ed napaden\u00edm prav\u00fdmi pl\u00edsn\u011bmi.<\/p>\n<p>RIVAL omezuje sporulaci a r\u016fst mycelia hub. P\u0159i aplikaci do p\u016fdy je absorbov\u00e1n ko\u0159eny a rozv\u00e1d\u011bn do nadzemn\u00edch \u010d\u00e1st\u00ed rostlin.<\/p>\n<p><strong>Slo\u017een\u00ed: <\/strong>722 g\/l Propamocarb hydrochloride<\/p>\n<p><strong>Typ formulace<\/strong><strong>: <\/strong>Rozpustn\u00fd koncentr\u00e1t (SL)<\/p>\n<p><strong>Jin\u00e9 dostupn\u00e9 obchodn\u00ed n\u00e1zvy: OMIX<sup>\u00a9<\/sup><\/strong><\/p>\n","protected":false},"featured_media":5413,"comment_status":"closed","ping_status":"closed","template":"","meta":[],"product_brand":[],"product_cat":[608,609],"product_tag":[],"class_list":{"0":"post-6392","1":"product","2":"type-product","3":"status-publish","4":"has-post-thumbnail","6":"product_cat-fungicid-en","7":"product_cat-products-czech-republic-en","9":"first","10":"instock","11":"shipping-taxable","12":"product-type-simple"},"_links":{"self":[{"href":"https:\/\/agria-zenithcropsciences.com\/en\/wp-json\/wp\/v2\/product\/6392","targetHints":{"allow":["GET"]}}],"collection":[{"href":"https:\/\/agria-zenithcropsciences.com\/en\/wp-json\/wp\/v2\/product"}],"about":[{"href":"https:\/\/agria-zenithcropsciences.com\/en\/wp-json\/wp\/v2\/types\/product"}],"replies":[{"embeddable":true,"href":"https:\/\/agria-zenithcropsciences.com\/en\/wp-json\/wp\/v2\/comments?post=6392"}],"wp:featuredmedia":[{"embeddable":true,"href":"https:\/\/agria-zenithcropsciences.com\/en\/wp-json\/wp\/v2\/media\/5413"}],"wp:attachment":[{"href":"https:\/\/agria-zenithcropsciences.com\/en\/wp-json\/wp\/v2\/media?parent=6392"}],"wp:term":[{"taxonomy":"product_brand","embeddable":true,"href":"https:\/\/agria-zenithcropsciences.com\/en\/wp-json\/wp\/v2\/product_brand?post=6392"},{"taxonomy":"product_cat","embeddable":true,"href":"https:\/\/agria-zenithcropsciences.com\/en\/wp-json\/wp\/v2\/product_cat?post=6392"},{"taxonomy":"product_tag","embeddable":true,"href":"https:\/\/agria-zenithcropsciences.com\/en\/wp-json\/wp\/v2\/product_tag?post=6392"}],"curies":[{"name":"wp","href":"https:\/\/api.w.org\/{rel}","templated":true}]}}