{"id":6395,"date":"2020-02-13T22:52:37","date_gmt":"2020-02-13T20:52:37","guid":{"rendered":"https:\/\/agria-zenithcropsciences.com\/product\/corida-3\/"},"modified":"2020-06-08T01:35:56","modified_gmt":"2020-06-07T22:35:56","slug":"corida-3","status":"publish","type":"product","link":"https:\/\/agria-zenithcropsciences.com\/en\/product\/corida-3\/","title":{"rendered":"CORIDA\u00ae"},"content":{"rendered":"","protected":false},"excerpt":{"rendered":"<p>Wasserdipergierbares Granulat zur Bek\u00e4mpfung einj\u00e4hriger zweikeimbl\u00e4ttriger Unkr\u00e4uter in Winter-getreide. <strong>CORIDA<sup>\u00ae<\/sup><\/strong>\u00a0 ist ein hochaktives Herbizid aus der Gruppe der Sulfonylharnstoffe. Es wird \u00fcber Wurzeln und Bl\u00e4tter aufgenommen und schnell in der Pflanze verteilt. Nach einer raschen Hemmung der Vegetationspunkte beginnt ein Absterbeprozess, der sich \u00fcber mehrere Wochen erstrecken kann. Der Wirkstoff wird in der Getreidepflanze schnell abgebaut, der Selektivit\u00e4t liegt somit ein biochemischer Mechanismus zugrunde.<\/p>\n<p><strong>CORIDA<sup>\u00ae<\/sup><\/strong> erwies sich bei Anwendung gem\u00e4\u00df Gebrauchsanleitung in allen gepr\u00fcften Getreidearten als wirksam.<\/p>\n<p><strong>Wirkstoffe<\/strong><strong>: <\/strong>750 g\/kg Tribenuron-methyl<\/p>\n<p><strong>Art der Formulierung<\/strong><strong>:<\/strong> Wasserdispergierbares Granulat (WG)<\/p>\n","protected":false},"featured_media":3547,"comment_status":"closed","ping_status":"closed","template":"","meta":[],"product_brand":[],"product_cat":[606,602],"product_tag":[],"class_list":{"0":"post-6395","1":"product","2":"type-product","3":"status-publish","4":"has-post-thumbnail","6":"product_cat-herbizide-en","7":"product_cat-products-austria-en","9":"first","10":"instock","11":"shipping-taxable","12":"product-type-simple"},"_links":{"self":[{"href":"https:\/\/agria-zenithcropsciences.com\/en\/wp-json\/wp\/v2\/product\/6395","targetHints":{"allow":["GET"]}}],"collection":[{"href":"https:\/\/agria-zenithcropsciences.com\/en\/wp-json\/wp\/v2\/product"}],"about":[{"href":"https:\/\/agria-zenithcropsciences.com\/en\/wp-json\/wp\/v2\/types\/product"}],"replies":[{"embeddable":true,"href":"https:\/\/agria-zenithcropsciences.com\/en\/wp-json\/wp\/v2\/comments?post=6395"}],"wp:featuredmedia":[{"embeddable":true,"href":"https:\/\/agria-zenithcropsciences.com\/en\/wp-json\/wp\/v2\/media\/3547"}],"wp:attachment":[{"href":"https:\/\/agria-zenithcropsciences.com\/en\/wp-json\/wp\/v2\/media?parent=6395"}],"wp:term":[{"taxonomy":"product_brand","embeddable":true,"href":"https:\/\/agria-zenithcropsciences.com\/en\/wp-json\/wp\/v2\/product_brand?post=6395"},{"taxonomy":"product_cat","embeddable":true,"href":"https:\/\/agria-zenithcropsciences.com\/en\/wp-json\/wp\/v2\/product_cat?post=6395"},{"taxonomy":"product_tag","embeddable":true,"href":"https:\/\/agria-zenithcropsciences.com\/en\/wp-json\/wp\/v2\/product_tag?post=6395"}],"curies":[{"name":"wp","href":"https:\/\/api.w.org\/{rel}","templated":true}]}}