{"id":6399,"date":"2020-02-13T22:28:58","date_gmt":"2020-02-13T20:28:58","guid":{"rendered":"https:\/\/agria-zenithcropsciences.com\/product\/trepach-2\/"},"modified":"2020-06-08T01:38:43","modified_gmt":"2020-06-07T22:38:43","slug":"trepach-2","status":"publish","type":"product","link":"https:\/\/agria-zenithcropsciences.com\/en\/product\/trepach-2\/","title":{"rendered":"TREPACH\u00ae"},"content":{"rendered":"","protected":false},"excerpt":{"rendered":"<p><strong>TREPACH<sup>\u00ae<\/sup><\/strong> je selektivn\u00ed postemergentn\u00ed herbicid proti jednolet\u00fdm a vytrval\u00fdm jednod\u011blo\u017en\u00fdm (tr\u00e1vovit\u00fdm) plevel\u016fm.\u00a0 P\u0159\u00edpravek \u00fa\u010dinkuje systemicky, \u00fa\u010dinn\u00e1 l\u00e1tka pronik\u00e1 p\u0159es listy vze\u0161l\u00fdch plevel\u016f a meristematick\u00fdm pletivem je rozv\u00e1d\u011bna do cel\u00e9 rostliny. Mechanismus \u00fa\u010dinku spo\u010d\u00edv\u00e1 v inhibici synt\u00e9zy mastn\u00fdch kyselin, t\u00edm doch\u00e1z\u00ed ke zni\u010den\u00ed pletiv u citliv\u00fdch trav. Zasa\u017een\u00e9 citliv\u00e9 plevele p\u0159est\u00e1vaj\u00ed r\u016fst a postupn\u011b odum\u00edraj\u00ed. Dostate\u010dn\u00e1 teplota a vzdu\u0161n\u00e1 vlhkost podporuj\u00ed \u00fa\u010dinnost p\u0159\u00edpravku.<\/p>\n<p><strong>Slo\u017een\u00ed: <\/strong>50 g\/l Quizalofop-P-ethyl<\/p>\n<p><strong>Typ formulace<\/strong><strong>: <\/strong>Emulgovateln\u00fd koncentr\u00e1t (EC)<\/p>\n<p><strong>Jin\u00e9 dostupn\u00e9 obchodn\u00ed n\u00e1zvy: DARIUM<sup>\u00a9<\/sup><\/strong><\/p>\n","protected":false},"featured_media":5265,"comment_status":"closed","ping_status":"closed","template":"","meta":[],"product_brand":[],"product_cat":[612,609],"product_tag":[],"class_list":{"0":"post-6399","1":"product","2":"type-product","3":"status-publish","4":"has-post-thumbnail","6":"product_cat-herbicid-en","7":"product_cat-products-czech-republic-en","9":"first","10":"instock","11":"shipping-taxable","12":"product-type-simple"},"_links":{"self":[{"href":"https:\/\/agria-zenithcropsciences.com\/en\/wp-json\/wp\/v2\/product\/6399","targetHints":{"allow":["GET"]}}],"collection":[{"href":"https:\/\/agria-zenithcropsciences.com\/en\/wp-json\/wp\/v2\/product"}],"about":[{"href":"https:\/\/agria-zenithcropsciences.com\/en\/wp-json\/wp\/v2\/types\/product"}],"replies":[{"embeddable":true,"href":"https:\/\/agria-zenithcropsciences.com\/en\/wp-json\/wp\/v2\/comments?post=6399"}],"wp:featuredmedia":[{"embeddable":true,"href":"https:\/\/agria-zenithcropsciences.com\/en\/wp-json\/wp\/v2\/media\/5265"}],"wp:attachment":[{"href":"https:\/\/agria-zenithcropsciences.com\/en\/wp-json\/wp\/v2\/media?parent=6399"}],"wp:term":[{"taxonomy":"product_brand","embeddable":true,"href":"https:\/\/agria-zenithcropsciences.com\/en\/wp-json\/wp\/v2\/product_brand?post=6399"},{"taxonomy":"product_cat","embeddable":true,"href":"https:\/\/agria-zenithcropsciences.com\/en\/wp-json\/wp\/v2\/product_cat?post=6399"},{"taxonomy":"product_tag","embeddable":true,"href":"https:\/\/agria-zenithcropsciences.com\/en\/wp-json\/wp\/v2\/product_tag?post=6399"}],"curies":[{"name":"wp","href":"https:\/\/api.w.org\/{rel}","templated":true}]}}