{"id":6425,"date":"2020-01-22T13:36:58","date_gmt":"2020-01-22T11:36:58","guid":{"rendered":"https:\/\/agria-zenithcropsciences.com\/product\/corida\/"},"modified":"2020-01-22T13:36:58","modified_gmt":"2020-01-22T11:36:58","slug":"corida","status":"publish","type":"product","link":"https:\/\/agria-zenithcropsciences.com\/en\/product\/corida\/","title":{"rendered":"CORIDA\u00ae"},"content":{"rendered":"","protected":false},"excerpt":{"rendered":"<p><strong>Erbicid selectiv, cu ac\u0163iune sistemic\u0103 pentru combaterea postemergent\u0103 a buruienilor cu frunza lat\u0103 din culturile de cereale de toamn\u0103 \u015fi prim\u0103var\u0103<\/strong><\/p>\n<p><strong>Con\u0163ine<\/strong>:\u00a0 750 g\/kg tribenuron-metil<\/p>\n<p><strong>Formulare<\/strong>: Granule dispersabile \u00een ap\u0103 (WG)<\/p>\n<p><strong>a doua denumire comerciala:<\/strong><strong> ADENTIS<sup>\u00ae<\/sup><\/strong><\/p>\n","protected":false},"featured_media":3442,"comment_status":"closed","ping_status":"closed","template":"","meta":[],"product_brand":[],"product_cat":[622,623],"product_tag":[],"class_list":{"0":"post-6425","1":"product","2":"type-product","3":"status-publish","4":"has-post-thumbnail","6":"product_cat-erbicide-en","7":"product_cat-productos-romania-en","9":"first","10":"instock","11":"shipping-taxable","12":"product-type-simple"},"_links":{"self":[{"href":"https:\/\/agria-zenithcropsciences.com\/en\/wp-json\/wp\/v2\/product\/6425","targetHints":{"allow":["GET"]}}],"collection":[{"href":"https:\/\/agria-zenithcropsciences.com\/en\/wp-json\/wp\/v2\/product"}],"about":[{"href":"https:\/\/agria-zenithcropsciences.com\/en\/wp-json\/wp\/v2\/types\/product"}],"replies":[{"embeddable":true,"href":"https:\/\/agria-zenithcropsciences.com\/en\/wp-json\/wp\/v2\/comments?post=6425"}],"wp:featuredmedia":[{"embeddable":true,"href":"https:\/\/agria-zenithcropsciences.com\/en\/wp-json\/wp\/v2\/media\/3442"}],"wp:attachment":[{"href":"https:\/\/agria-zenithcropsciences.com\/en\/wp-json\/wp\/v2\/media?parent=6425"}],"wp:term":[{"taxonomy":"product_brand","embeddable":true,"href":"https:\/\/agria-zenithcropsciences.com\/en\/wp-json\/wp\/v2\/product_brand?post=6425"},{"taxonomy":"product_cat","embeddable":true,"href":"https:\/\/agria-zenithcropsciences.com\/en\/wp-json\/wp\/v2\/product_cat?post=6425"},{"taxonomy":"product_tag","embeddable":true,"href":"https:\/\/agria-zenithcropsciences.com\/en\/wp-json\/wp\/v2\/product_tag?post=6425"}],"curies":[{"name":"wp","href":"https:\/\/api.w.org\/{rel}","templated":true}]}}