{"id":6427,"date":"2020-01-22T13:36:51","date_gmt":"2020-01-22T11:36:51","guid":{"rendered":"https:\/\/agria-zenithcropsciences.com\/product\/trepach\/"},"modified":"2020-01-22T13:36:51","modified_gmt":"2020-01-22T11:36:51","slug":"trepach","status":"publish","type":"product","link":"https:\/\/agria-zenithcropsciences.com\/en\/product\/trepach\/","title":{"rendered":"TREPACH\u00ae"},"content":{"rendered":"","protected":false},"excerpt":{"rendered":"<p><strong>Erbicid selectiv, sistemic pentru combaterea buruienilor monocotiledonate anuale \u015fi perene din culturile de sfecl\u0103 de zah\u0103r, floarea soarelui \u015fi r<\/strong><strong>a<\/strong><strong>pi\u0163\u0103<\/strong><\/p>\n<p><strong>Con\u0163ine<\/strong>:\u00a0 50 g\/l quizalofop-p-etil<\/p>\n<p><strong>Formulare<\/strong>: Concentrat emulsionabil (EC)<\/p>\n<p><strong>a doua denumire comerciala:<\/strong><strong> DARIUM<sup>\u00ae<\/sup><\/strong><\/p>\n","protected":false},"featured_media":3569,"comment_status":"closed","ping_status":"closed","template":"","meta":[],"product_brand":[],"product_cat":[622,623],"product_tag":[],"class_list":{"0":"post-6427","1":"product","2":"type-product","3":"status-publish","4":"has-post-thumbnail","6":"product_cat-erbicide-en","7":"product_cat-productos-romania-en","9":"first","10":"instock","11":"shipping-taxable","12":"product-type-simple"},"_links":{"self":[{"href":"https:\/\/agria-zenithcropsciences.com\/en\/wp-json\/wp\/v2\/product\/6427","targetHints":{"allow":["GET"]}}],"collection":[{"href":"https:\/\/agria-zenithcropsciences.com\/en\/wp-json\/wp\/v2\/product"}],"about":[{"href":"https:\/\/agria-zenithcropsciences.com\/en\/wp-json\/wp\/v2\/types\/product"}],"replies":[{"embeddable":true,"href":"https:\/\/agria-zenithcropsciences.com\/en\/wp-json\/wp\/v2\/comments?post=6427"}],"wp:featuredmedia":[{"embeddable":true,"href":"https:\/\/agria-zenithcropsciences.com\/en\/wp-json\/wp\/v2\/media\/3569"}],"wp:attachment":[{"href":"https:\/\/agria-zenithcropsciences.com\/en\/wp-json\/wp\/v2\/media?parent=6427"}],"wp:term":[{"taxonomy":"product_brand","embeddable":true,"href":"https:\/\/agria-zenithcropsciences.com\/en\/wp-json\/wp\/v2\/product_brand?post=6427"},{"taxonomy":"product_cat","embeddable":true,"href":"https:\/\/agria-zenithcropsciences.com\/en\/wp-json\/wp\/v2\/product_cat?post=6427"},{"taxonomy":"product_tag","embeddable":true,"href":"https:\/\/agria-zenithcropsciences.com\/en\/wp-json\/wp\/v2\/product_tag?post=6427"}],"curies":[{"name":"wp","href":"https:\/\/api.w.org\/{rel}","templated":true}]}}