{"id":6459,"date":"2020-01-22T13:35:24","date_gmt":"2020-01-22T11:35:24","guid":{"rendered":"https:\/\/agria-zenithcropsciences.com\/product\/blenis\/"},"modified":"2020-01-22T13:35:24","modified_gmt":"2020-01-22T11:35:24","slug":"blenis","status":"publish","type":"product","link":"https:\/\/agria-zenithcropsciences.com\/en\/product\/blenis\/","title":{"rendered":"BLENIS\u00ae"},"content":{"rendered":"","protected":false},"excerpt":{"rendered":"<p><strong>Fungicid sistemic cu ac\u0163iune preventiv\u0103 \u015fi curativ\u0103, eradicativ\u0103 \u00een combaterea f\u0103in\u0103rii, ruginii brune \u015fi galbene din culturile de gr\u00e2u<\/strong><\/p>\n<p><strong>Con\u0163ine<\/strong>:\u00a0 125 g\/l flutriafol<\/p>\n<p><strong>Formulare<\/strong>: Suspensie concentrat\u0103 (SC)<\/p>\n","protected":false},"featured_media":3359,"comment_status":"closed","ping_status":"closed","template":"","meta":[],"product_brand":[],"product_cat":[626,623],"product_tag":[],"class_list":{"0":"post-6459","1":"product","2":"type-product","3":"status-publish","4":"has-post-thumbnail","6":"product_cat-fungicide-en","7":"product_cat-productos-romania-en","9":"first","10":"instock","11":"shipping-taxable","12":"product-type-simple"},"_links":{"self":[{"href":"https:\/\/agria-zenithcropsciences.com\/en\/wp-json\/wp\/v2\/product\/6459","targetHints":{"allow":["GET"]}}],"collection":[{"href":"https:\/\/agria-zenithcropsciences.com\/en\/wp-json\/wp\/v2\/product"}],"about":[{"href":"https:\/\/agria-zenithcropsciences.com\/en\/wp-json\/wp\/v2\/types\/product"}],"replies":[{"embeddable":true,"href":"https:\/\/agria-zenithcropsciences.com\/en\/wp-json\/wp\/v2\/comments?post=6459"}],"wp:featuredmedia":[{"embeddable":true,"href":"https:\/\/agria-zenithcropsciences.com\/en\/wp-json\/wp\/v2\/media\/3359"}],"wp:attachment":[{"href":"https:\/\/agria-zenithcropsciences.com\/en\/wp-json\/wp\/v2\/media?parent=6459"}],"wp:term":[{"taxonomy":"product_brand","embeddable":true,"href":"https:\/\/agria-zenithcropsciences.com\/en\/wp-json\/wp\/v2\/product_brand?post=6459"},{"taxonomy":"product_cat","embeddable":true,"href":"https:\/\/agria-zenithcropsciences.com\/en\/wp-json\/wp\/v2\/product_cat?post=6459"},{"taxonomy":"product_tag","embeddable":true,"href":"https:\/\/agria-zenithcropsciences.com\/en\/wp-json\/wp\/v2\/product_tag?post=6459"}],"curies":[{"name":"wp","href":"https:\/\/api.w.org\/{rel}","templated":true}]}}