{"id":6461,"date":"2020-01-12T13:45:10","date_gmt":"2020-01-12T11:45:10","guid":{"rendered":"https:\/\/agria-zenithcropsciences.com\/product\/corrida\/"},"modified":"2020-01-12T13:45:10","modified_gmt":"2020-01-12T11:45:10","slug":"corrida","status":"publish","type":"product","link":"https:\/\/agria-zenithcropsciences.com\/en\/product\/corrida\/","title":{"rendered":"Corrida\u00ae"},"content":{"rendered":"","protected":false},"excerpt":{"rendered":"<p><strong>Corrida<\/strong><strong><sup>\u00ae<\/sup><\/strong> es un insecticida del grupo de los Reguladores de Crecimiento de los Insectos (IGR) formulado como una suspensi\u00f3n concentrada de f\u00e1cil manejo y dosificaci\u00f3n para el control de estados inmaduros (larvas instares II y III) de los \u00f3rdenes Lepid\u00f3ptera y D\u00edptera tales como Spodoptera frugiperda, Heliothis virescens, Anticarsia gemmatalis, Trichoplusia ni, Opsiphanes cassina, Hydrellia sp, y Scrobipalpula absoluta en diversos cultivos tanto al aire libre como en invernadero.<\/p>\n<p><strong>Composicion:<\/strong> 480 g\/L DIFLUBENZURON<strong>\u00a0<\/strong><\/p>\n<p><strong>Formulado como:<\/strong> Suspensi\u00f3n Concentrada (SC)<\/p>\n<p><strong>APLICACIONES<\/strong><strong>: Contacte a nuestro equipo<\/strong><strong> &#8211; <\/strong><a href=\"mailto:info@agria.bg\">info@agria.bg<\/a><\/p>\n","protected":false},"featured_media":3420,"comment_status":"closed","ping_status":"closed","template":"","meta":[],"product_brand":[],"product_cat":[640,637],"product_tag":[],"class_list":{"0":"post-6461","1":"product","2":"type-product","3":"status-publish","4":"has-post-thumbnail","6":"product_cat-insecticidas-productos-colombia-en","7":"product_cat-productos-colombia-en","9":"first","10":"instock","11":"shipping-taxable","12":"product-type-simple"},"_links":{"self":[{"href":"https:\/\/agria-zenithcropsciences.com\/en\/wp-json\/wp\/v2\/product\/6461","targetHints":{"allow":["GET"]}}],"collection":[{"href":"https:\/\/agria-zenithcropsciences.com\/en\/wp-json\/wp\/v2\/product"}],"about":[{"href":"https:\/\/agria-zenithcropsciences.com\/en\/wp-json\/wp\/v2\/types\/product"}],"replies":[{"embeddable":true,"href":"https:\/\/agria-zenithcropsciences.com\/en\/wp-json\/wp\/v2\/comments?post=6461"}],"wp:featuredmedia":[{"embeddable":true,"href":"https:\/\/agria-zenithcropsciences.com\/en\/wp-json\/wp\/v2\/media\/3420"}],"wp:attachment":[{"href":"https:\/\/agria-zenithcropsciences.com\/en\/wp-json\/wp\/v2\/media?parent=6461"}],"wp:term":[{"taxonomy":"product_brand","embeddable":true,"href":"https:\/\/agria-zenithcropsciences.com\/en\/wp-json\/wp\/v2\/product_brand?post=6461"},{"taxonomy":"product_cat","embeddable":true,"href":"https:\/\/agria-zenithcropsciences.com\/en\/wp-json\/wp\/v2\/product_cat?post=6461"},{"taxonomy":"product_tag","embeddable":true,"href":"https:\/\/agria-zenithcropsciences.com\/en\/wp-json\/wp\/v2\/product_tag?post=6461"}],"curies":[{"name":"wp","href":"https:\/\/api.w.org\/{rel}","templated":true}]}}