{"id":6540,"date":"2020-01-10T20:22:27","date_gmt":"2020-01-10T18:22:27","guid":{"rendered":"https:\/\/agria-zenithcropsciences.com\/product\/fuerza-globo\/"},"modified":"2020-01-10T20:22:27","modified_gmt":"2020-01-10T18:22:27","slug":"fuerza-globo","status":"publish","type":"product","link":"https:\/\/agria-zenithcropsciences.com\/en\/product\/fuerza-globo\/","title":{"rendered":"Fuerza\u00ae Globo"},"content":{"rendered":"","protected":false},"excerpt":{"rendered":"<p>Fungicida protector que est\u00e1 indicado para la prevenci\u00f3n de numerosas enfermedades fungosas de una amplia variedad de cultivos. Su acci\u00f3n es de contacto y preventiva.<\/p>\n<p><strong>Composicion:<\/strong> 750 g\/kg Mancozeb<\/p>\n<p><strong>Formulado como:<\/strong> Gr\u00e1nulos Dispersables (<em>WG<\/em>)<\/p>\n","protected":false},"featured_media":3326,"comment_status":"closed","ping_status":"closed","template":"","meta":[],"product_brand":[],"product_cat":[658,659],"product_tag":[],"class_list":{"0":"post-6540","1":"product","2":"type-product","3":"status-publish","4":"has-post-thumbnail","6":"product_cat-fungicida-7-en","7":"product_cat-productos-ecuador-en","9":"first","10":"instock","11":"shipping-taxable","12":"product-type-simple"},"_links":{"self":[{"href":"https:\/\/agria-zenithcropsciences.com\/en\/wp-json\/wp\/v2\/product\/6540","targetHints":{"allow":["GET"]}}],"collection":[{"href":"https:\/\/agria-zenithcropsciences.com\/en\/wp-json\/wp\/v2\/product"}],"about":[{"href":"https:\/\/agria-zenithcropsciences.com\/en\/wp-json\/wp\/v2\/types\/product"}],"replies":[{"embeddable":true,"href":"https:\/\/agria-zenithcropsciences.com\/en\/wp-json\/wp\/v2\/comments?post=6540"}],"wp:featuredmedia":[{"embeddable":true,"href":"https:\/\/agria-zenithcropsciences.com\/en\/wp-json\/wp\/v2\/media\/3326"}],"wp:attachment":[{"href":"https:\/\/agria-zenithcropsciences.com\/en\/wp-json\/wp\/v2\/media?parent=6540"}],"wp:term":[{"taxonomy":"product_brand","embeddable":true,"href":"https:\/\/agria-zenithcropsciences.com\/en\/wp-json\/wp\/v2\/product_brand?post=6540"},{"taxonomy":"product_cat","embeddable":true,"href":"https:\/\/agria-zenithcropsciences.com\/en\/wp-json\/wp\/v2\/product_cat?post=6540"},{"taxonomy":"product_tag","embeddable":true,"href":"https:\/\/agria-zenithcropsciences.com\/en\/wp-json\/wp\/v2\/product_tag?post=6540"}],"curies":[{"name":"wp","href":"https:\/\/api.w.org\/{rel}","templated":true}]}}