{"id":6547,"date":"2020-01-10T20:17:18","date_gmt":"2020-01-10T18:17:18","guid":{"rendered":"https:\/\/agria-zenithcropsciences.com\/product\/desant\/"},"modified":"2020-01-10T20:17:18","modified_gmt":"2020-01-10T18:17:18","slug":"desant","status":"publish","type":"product","link":"https:\/\/agria-zenithcropsciences.com\/en\/product\/desant\/","title":{"rendered":"Desant\u00ae"},"content":{"rendered":"","protected":false},"excerpt":{"rendered":"<p><strong>Desant <\/strong>es un fungicida usado para el control de hongos Oomicetos formado por los compuestos dimetomorf y mancozeb.<strong> Desant <\/strong>posee acci\u00f3n sist\u00e9mica local, con penetraci\u00f3n sist\u00e9mica translaminar, que ofrece una protecci\u00f3n prolongada.Su acci\u00f3n antiesporulante reduce significativamente el potencial de reinfecci\u00f3n, ya que interrumpe la formaci\u00f3n de la pared celulardel hongo, teniendo as\u00ed actividad durante todos los estadios del ciclo biol\u00f3gico del hongo.La combinaci\u00f3n de estos dos ingredientes activos permite prevenir resistencias, ampliar el control de enfermedadesy ser aplicado durante todo el per\u00edodo de desarrollo del cultivo<\/p>\n<p><strong>Composicion:<\/strong> 600 g\/kg Mancozeb + 90 g\/kg Dimetomorf<\/p>\n<p><strong>Formulado como:<\/strong> <em>Polvo<\/em> Mojable (PM)<\/p>\n","protected":false},"featured_media":3332,"comment_status":"closed","ping_status":"closed","template":"","meta":[],"product_brand":[],"product_cat":[658,659],"product_tag":[],"class_list":{"0":"post-6547","1":"product","2":"type-product","3":"status-publish","4":"has-post-thumbnail","6":"product_cat-fungicida-7-en","7":"product_cat-productos-ecuador-en","9":"first","10":"instock","11":"shipping-taxable","12":"product-type-simple"},"_links":{"self":[{"href":"https:\/\/agria-zenithcropsciences.com\/en\/wp-json\/wp\/v2\/product\/6547","targetHints":{"allow":["GET"]}}],"collection":[{"href":"https:\/\/agria-zenithcropsciences.com\/en\/wp-json\/wp\/v2\/product"}],"about":[{"href":"https:\/\/agria-zenithcropsciences.com\/en\/wp-json\/wp\/v2\/types\/product"}],"replies":[{"embeddable":true,"href":"https:\/\/agria-zenithcropsciences.com\/en\/wp-json\/wp\/v2\/comments?post=6547"}],"wp:featuredmedia":[{"embeddable":true,"href":"https:\/\/agria-zenithcropsciences.com\/en\/wp-json\/wp\/v2\/media\/3332"}],"wp:attachment":[{"href":"https:\/\/agria-zenithcropsciences.com\/en\/wp-json\/wp\/v2\/media?parent=6547"}],"wp:term":[{"taxonomy":"product_brand","embeddable":true,"href":"https:\/\/agria-zenithcropsciences.com\/en\/wp-json\/wp\/v2\/product_brand?post=6547"},{"taxonomy":"product_cat","embeddable":true,"href":"https:\/\/agria-zenithcropsciences.com\/en\/wp-json\/wp\/v2\/product_cat?post=6547"},{"taxonomy":"product_tag","embeddable":true,"href":"https:\/\/agria-zenithcropsciences.com\/en\/wp-json\/wp\/v2\/product_tag?post=6547"}],"curies":[{"name":"wp","href":"https:\/\/api.w.org\/{rel}","templated":true}]}}