{"id":6557,"date":"2020-01-10T20:12:17","date_gmt":"2020-01-10T18:12:17","guid":{"rendered":"https:\/\/agria-zenithcropsciences.com\/product\/fluazenth-50-sc\/"},"modified":"2020-01-10T20:12:17","modified_gmt":"2020-01-10T18:12:17","slug":"fluazenth-50-sc","status":"publish","type":"product","link":"https:\/\/agria-zenithcropsciences.com\/en\/product\/fluazenth-50-sc\/","title":{"rendered":"Fluazenth\u00ae 50 SC"},"content":{"rendered":"","protected":false},"excerpt":{"rendered":"<p><strong>Fluazenth<sup>\u00ae<\/sup> 50 SC<\/strong> es un fungicida preventivo, de contacto, con efecto multisitio, que posee un amplio espectro de acci\u00f3n sobre enfermedades como Venturia en Manzano, Botritis en Vides, Tiz\u00f3n tard\u00edo y Sarna polvorienta en Papas y Esclerocio en Remolacha. Fluazinam pertenece a la familia qu\u00edmica de las dinitroanilinas. Act\u00faa sobre las mitocondrias interrumpiendo el proceso de producci\u00f3n de energ\u00eda de las c\u00e9lulas y bloqueando el proceso de fosforilaci\u00f3n oxidativa por atracci\u00f3n de los electrones fuera del circuito respiratorio. Interfiere la germinaci\u00f3n de esporas, la penetraci\u00f3n del hongo en el vegetal, el crecimiento del micelio y la esporulaci\u00f3n. Grupo FRAC: 29.<\/p>\n<p><strong>Composicion:<\/strong> 500 g\/L FLUAZINAM<\/p>\n<p><strong>Formulado como:<\/strong> Suspensi\u00f3n Concentrada (SC)<\/p>\n<p><strong>APLICACIONES<\/strong><strong>: Contacte a nuestro equipo<\/strong><strong> &#8211; <\/strong><a href=\"mailto:info@agria.bg\">info@agria.bg<\/a><\/p>\n","protected":false},"featured_media":4126,"comment_status":"closed","ping_status":"closed","template":"","meta":[],"product_brand":[],"product_cat":[658,659],"product_tag":[],"class_list":{"0":"post-6557","1":"product","2":"type-product","3":"status-publish","4":"has-post-thumbnail","6":"product_cat-fungicida-7-en","7":"product_cat-productos-ecuador-en","9":"first","10":"instock","11":"shipping-taxable","12":"product-type-simple"},"_links":{"self":[{"href":"https:\/\/agria-zenithcropsciences.com\/en\/wp-json\/wp\/v2\/product\/6557","targetHints":{"allow":["GET"]}}],"collection":[{"href":"https:\/\/agria-zenithcropsciences.com\/en\/wp-json\/wp\/v2\/product"}],"about":[{"href":"https:\/\/agria-zenithcropsciences.com\/en\/wp-json\/wp\/v2\/types\/product"}],"replies":[{"embeddable":true,"href":"https:\/\/agria-zenithcropsciences.com\/en\/wp-json\/wp\/v2\/comments?post=6557"}],"wp:featuredmedia":[{"embeddable":true,"href":"https:\/\/agria-zenithcropsciences.com\/en\/wp-json\/wp\/v2\/media\/4126"}],"wp:attachment":[{"href":"https:\/\/agria-zenithcropsciences.com\/en\/wp-json\/wp\/v2\/media?parent=6557"}],"wp:term":[{"taxonomy":"product_brand","embeddable":true,"href":"https:\/\/agria-zenithcropsciences.com\/en\/wp-json\/wp\/v2\/product_brand?post=6557"},{"taxonomy":"product_cat","embeddable":true,"href":"https:\/\/agria-zenithcropsciences.com\/en\/wp-json\/wp\/v2\/product_cat?post=6557"},{"taxonomy":"product_tag","embeddable":true,"href":"https:\/\/agria-zenithcropsciences.com\/en\/wp-json\/wp\/v2\/product_tag?post=6557"}],"curies":[{"name":"wp","href":"https:\/\/api.w.org\/{rel}","templated":true}]}}