{"id":6561,"date":"2020-01-10T20:09:42","date_gmt":"2020-01-10T18:09:42","guid":{"rendered":"https:\/\/agria-zenithcropsciences.com\/product\/tifon-25-ew\/"},"modified":"2020-01-10T20:09:42","modified_gmt":"2020-01-10T18:09:42","slug":"tifon-25-ew","status":"publish","type":"product","link":"https:\/\/agria-zenithcropsciences.com\/en\/product\/tifon-25-ew\/","title":{"rendered":"Tifon\u00ae 25 EW"},"content":{"rendered":"","protected":false},"excerpt":{"rendered":"<p><strong>Tifon<\/strong><strong><sup>\u00ae<\/sup><\/strong><strong> 25 EW<\/strong> es un fungicida triazol sist\u00e9mico de amplio espectro; conacci\u00f3n protectora ycurativa. Es r\u00e1pidamente absorbido y distribuido dentro de la planta. Tifon<sup>\u00ae<\/sup> 25 EW act\u00faa inhibiendo la bios\u00edntesis del ergosterol, es decir la dimetilaci\u00f3n de los esteroides, los cuales son esenciales para la s\u00edntesis normal de las membranas celulares del hongo, impidiendo finalmente la multiplicaci\u00f3n del hongo., etc.<\/p>\n<p><strong>Composicion:<\/strong> 250 g\/L TEBUCONAZOLE<\/p>\n<p><strong>Formulado como:<\/strong> Emulsi\u00f3n aceite en agua (EW)<\/p>\n<p><strong>APLICACIONES<\/strong><strong>: Contacte a nuestro equipo<\/strong><strong> &#8211; <\/strong><a href=\"mailto:info@agria.bg\">info@agria.bg<\/a><\/p>\n","protected":false},"featured_media":4132,"comment_status":"closed","ping_status":"closed","template":"","meta":[],"product_brand":[],"product_cat":[658,659],"product_tag":[],"class_list":{"0":"post-6561","1":"product","2":"type-product","3":"status-publish","4":"has-post-thumbnail","6":"product_cat-fungicida-7-en","7":"product_cat-productos-ecuador-en","9":"first","10":"instock","11":"shipping-taxable","12":"product-type-simple"},"_links":{"self":[{"href":"https:\/\/agria-zenithcropsciences.com\/en\/wp-json\/wp\/v2\/product\/6561","targetHints":{"allow":["GET"]}}],"collection":[{"href":"https:\/\/agria-zenithcropsciences.com\/en\/wp-json\/wp\/v2\/product"}],"about":[{"href":"https:\/\/agria-zenithcropsciences.com\/en\/wp-json\/wp\/v2\/types\/product"}],"replies":[{"embeddable":true,"href":"https:\/\/agria-zenithcropsciences.com\/en\/wp-json\/wp\/v2\/comments?post=6561"}],"wp:featuredmedia":[{"embeddable":true,"href":"https:\/\/agria-zenithcropsciences.com\/en\/wp-json\/wp\/v2\/media\/4132"}],"wp:attachment":[{"href":"https:\/\/agria-zenithcropsciences.com\/en\/wp-json\/wp\/v2\/media?parent=6561"}],"wp:term":[{"taxonomy":"product_brand","embeddable":true,"href":"https:\/\/agria-zenithcropsciences.com\/en\/wp-json\/wp\/v2\/product_brand?post=6561"},{"taxonomy":"product_cat","embeddable":true,"href":"https:\/\/agria-zenithcropsciences.com\/en\/wp-json\/wp\/v2\/product_cat?post=6561"},{"taxonomy":"product_tag","embeddable":true,"href":"https:\/\/agria-zenithcropsciences.com\/en\/wp-json\/wp\/v2\/product_tag?post=6561"}],"curies":[{"name":"wp","href":"https:\/\/api.w.org\/{rel}","templated":true}]}}