{"id":6567,"date":"2020-01-10T20:06:03","date_gmt":"2020-01-10T18:06:03","guid":{"rendered":"https:\/\/agria-zenithcropsciences.com\/product\/arma-gan-53-ec\/"},"modified":"2020-01-10T20:06:03","modified_gmt":"2020-01-10T18:06:03","slug":"arma-gan-53-ec","status":"publish","type":"product","link":"https:\/\/agria-zenithcropsciences.com\/en\/product\/arma-gan-53-ec\/","title":{"rendered":"Arma-gan\u00ae 53 EC"},"content":{"rendered":"","protected":false},"excerpt":{"rendered":"<p><strong>Arma-gan<\/strong><strong><sup>\u00ae<\/sup><\/strong><strong> 53 EC <\/strong>es un insecticida fosforado m\u00e1s un piretroide, lo que le confiere un gran poder de volteo y eficacia en el control de las plagas. CLORPIRIFOS: Act\u00faa por contacto, ingesti\u00f3n e inhalaci\u00f3n, con una marcada penetraci\u00f3n en los tejidos de las hojas, siendo muy eficaz en el control de los insectos masticadores, chupadores y minadores. CIPERMETRINA: Insecticida de acci\u00f3n neurot\u00f3xica que act\u00faa por contacto, ingesti\u00f3n y posee una buena acci\u00f3n inmediata y acepta-ble persistencia, controlando una amplia gama de insectos adultos y larvas de mariposas y moscas. La formulaci\u00f3n permite aplicaciones con alto o bajo volumen, ya sea en aplicaciones terrestres o a\u00e9reas.<\/p>\n<p><strong>Composicion:<\/strong> 480 g\/L CLORPIRIFOS + 50 g\/L CIPERMETRINA<\/p>\n<p><strong>Formulado como:<\/strong> Concentrado Emulsionable (EC)<\/p>\n<p><strong>APLICACIONES<\/strong><strong>: Contacte a nuestro equipo<\/strong><strong> &#8211; <\/strong><a href=\"mailto:info@agria.bg\">info@agria.bg<\/a><\/p>\n","protected":false},"featured_media":4150,"comment_status":"closed","ping_status":"closed","template":"","meta":[],"product_brand":[],"product_cat":[662,659],"product_tag":[],"class_list":{"0":"post-6567","1":"product","2":"type-product","3":"status-publish","4":"has-post-thumbnail","6":"product_cat-insecticida-2-en","7":"product_cat-productos-ecuador-en","9":"first","10":"instock","11":"shipping-taxable","12":"product-type-simple"},"_links":{"self":[{"href":"https:\/\/agria-zenithcropsciences.com\/en\/wp-json\/wp\/v2\/product\/6567","targetHints":{"allow":["GET"]}}],"collection":[{"href":"https:\/\/agria-zenithcropsciences.com\/en\/wp-json\/wp\/v2\/product"}],"about":[{"href":"https:\/\/agria-zenithcropsciences.com\/en\/wp-json\/wp\/v2\/types\/product"}],"replies":[{"embeddable":true,"href":"https:\/\/agria-zenithcropsciences.com\/en\/wp-json\/wp\/v2\/comments?post=6567"}],"wp:featuredmedia":[{"embeddable":true,"href":"https:\/\/agria-zenithcropsciences.com\/en\/wp-json\/wp\/v2\/media\/4150"}],"wp:attachment":[{"href":"https:\/\/agria-zenithcropsciences.com\/en\/wp-json\/wp\/v2\/media?parent=6567"}],"wp:term":[{"taxonomy":"product_brand","embeddable":true,"href":"https:\/\/agria-zenithcropsciences.com\/en\/wp-json\/wp\/v2\/product_brand?post=6567"},{"taxonomy":"product_cat","embeddable":true,"href":"https:\/\/agria-zenithcropsciences.com\/en\/wp-json\/wp\/v2\/product_cat?post=6567"},{"taxonomy":"product_tag","embeddable":true,"href":"https:\/\/agria-zenithcropsciences.com\/en\/wp-json\/wp\/v2\/product_tag?post=6567"}],"curies":[{"name":"wp","href":"https:\/\/api.w.org\/{rel}","templated":true}]}}