{"id":6571,"date":"2020-01-10T20:00:53","date_gmt":"2020-01-10T18:00:53","guid":{"rendered":"https:\/\/agria-zenithcropsciences.com\/product\/tsar-247-sc\/"},"modified":"2020-01-10T20:00:53","modified_gmt":"2020-01-10T18:00:53","slug":"tsar-247-sc","status":"publish","type":"product","link":"https:\/\/agria-zenithcropsciences.com\/en\/product\/tsar-247-sc\/","title":{"rendered":"Tsar\u00ae 24,7 SC"},"content":{"rendered":"","protected":false},"excerpt":{"rendered":"<p><strong>Tsar<\/strong><strong><sup>\u00ae<\/sup><\/strong><strong> 24,7 SC<\/strong> es un insecticida compuesto por dos ingredientes activos thiamethoxam y Lambda cyhalothrin. Thiamethoxam que act\u00faa por contacto e ingesti\u00f3n, presenta una actividad traslaminar y con alta sistemicidad en forma ascendente, tiene una excelente translocaci\u00f3n acrop\u00e9tala en el xilema y adem\u00e1s una peque\u00f1a cantidad de producto es transportado a trav\u00e9s del floema (basip\u00e9talo). Entre el 15-40% del material aplicado es traslocado dentro del follaje poco despu\u00e9s de la aplicaci\u00f3n. Thiamethoxam act\u00faa interfiriendo los receptores acetil colina nicot\u00ednicos post sin\u00e1pticos, afectando la sinapsis en el sistema nervioso central del insecto. Los insectos quedan paralizados y mueren.<\/p>\n<p>Lambda cyhalothrin es un insecticida que act\u00faa por ingesti\u00f3n y por contacto, su acci\u00f3n de control es muy r\u00e1pida y tiene efecto repelente. Act\u00faa sobre el sistema nervioso de los insectos, y perturba la funci\u00f3n neuronal por interacci\u00f3n con los canales de sodio, produciendo una modificaci\u00f3n de la membrana de las fibras nerviosas, lo que causa el bloqueo de la transmisi\u00f3n del flujo nervioso. La desorientaci\u00f3n y cese de la actividad de alimentaci\u00f3n ocurre en minutos como consecuencia el insecto queda paralizado y muere. Seg\u00fan el IRAC (Insecticide Resistance Action Committee), <strong>Tsar<\/strong><strong><sup>\u00ae<\/sup><\/strong><strong> 24,7 SC<\/strong> forma parte del grupo 4 (Thiamethoxam) y 3 (Lambda-cyhalothrin) reduciendo as\u00ed el riesgo de resistencia.<\/p>\n<p><strong>Composicion:<\/strong> 141 g\/L THIAMETHOXAM<strong> + <\/strong>141 g\/L LAMBDA-CYHALOTHRIN<strong>\u00a0<\/strong><\/p>\n<p><strong>Formulado como:<\/strong> Suspensi\u00f3n Concentrada (SC)<\/p>\n<p><strong>APLICACIONES<\/strong><strong>: Contacte a nuestro equipo<\/strong><strong> &#8211; <\/strong><a href=\"mailto:info@agria.bg\">info@agria.bg<\/a><\/p>\n","protected":false},"featured_media":4156,"comment_status":"closed","ping_status":"closed","template":"","meta":[],"product_brand":[],"product_cat":[662,659],"product_tag":[],"class_list":{"0":"post-6571","1":"product","2":"type-product","3":"status-publish","4":"has-post-thumbnail","6":"product_cat-insecticida-2-en","7":"product_cat-productos-ecuador-en","9":"first","10":"instock","11":"shipping-taxable","12":"product-type-simple"},"_links":{"self":[{"href":"https:\/\/agria-zenithcropsciences.com\/en\/wp-json\/wp\/v2\/product\/6571","targetHints":{"allow":["GET"]}}],"collection":[{"href":"https:\/\/agria-zenithcropsciences.com\/en\/wp-json\/wp\/v2\/product"}],"about":[{"href":"https:\/\/agria-zenithcropsciences.com\/en\/wp-json\/wp\/v2\/types\/product"}],"replies":[{"embeddable":true,"href":"https:\/\/agria-zenithcropsciences.com\/en\/wp-json\/wp\/v2\/comments?post=6571"}],"wp:featuredmedia":[{"embeddable":true,"href":"https:\/\/agria-zenithcropsciences.com\/en\/wp-json\/wp\/v2\/media\/4156"}],"wp:attachment":[{"href":"https:\/\/agria-zenithcropsciences.com\/en\/wp-json\/wp\/v2\/media?parent=6571"}],"wp:term":[{"taxonomy":"product_brand","embeddable":true,"href":"https:\/\/agria-zenithcropsciences.com\/en\/wp-json\/wp\/v2\/product_brand?post=6571"},{"taxonomy":"product_cat","embeddable":true,"href":"https:\/\/agria-zenithcropsciences.com\/en\/wp-json\/wp\/v2\/product_cat?post=6571"},{"taxonomy":"product_tag","embeddable":true,"href":"https:\/\/agria-zenithcropsciences.com\/en\/wp-json\/wp\/v2\/product_tag?post=6571"}],"curies":[{"name":"wp","href":"https:\/\/api.w.org\/{rel}","templated":true}]}}