{"id":6579,"date":"2020-01-10T19:47:25","date_gmt":"2020-01-10T17:47:25","guid":{"rendered":"https:\/\/agria-zenithcropsciences.com\/product\/arventalin-40-ec\/"},"modified":"2020-01-10T19:47:25","modified_gmt":"2020-01-10T17:47:25","slug":"arventalin-40-ec","status":"publish","type":"product","link":"https:\/\/agria-zenithcropsciences.com\/en\/product\/arventalin-40-ec\/","title":{"rendered":"Arventalin\u00ae 40 EC"},"content":{"rendered":"","protected":false},"excerpt":{"rendered":"<p>Herbicida agr\u00edcola absorbido por las ra\u00edces y losbrotes, inhibe la divisi\u00f3n y elongaci\u00f3n celular, por la inhibici\u00f3n en la formaci\u00f3n de la tubulina. Una vez absorbido en los tejidos vegetales, la traslocaci\u00f3n es limitada y el pendimethalin se rompe a trav\u00e9s de la oxidaci\u00f3n. El pendimethalin no se absorbe por las hojas de los pastos y s\u00f3lo en cantidades muy peque\u00f1as son absorbidos por las plantas de la tierra.Arventalin es un herbicida selectivo, recomendado para el control de arvenses como: taraxaco, pactilla, siline, r\u00e1bano, ashpa quinua, anisillo, echinochloa, cuscuta, alfilerillo, cola de zorra gigante, cola de zorra verde, colada zorro amarillo, eleusine, ortiga mansa, amaranto, bledo, verdolaga. El producto se aplica en condiciones de campo abierto en cultivos de arroz, ma\u00edz, algod\u00f3n, tabaco, girasol, fr\u00e9jol, tomate y cebolla.No deja residuos que puedan da\u00f1ar a cultivos subsiguientes.<\/p>\n<p><strong>Composicion:<\/strong> 400 g\/L PENDIMETALIN<strong>\u00a0<\/strong><\/p>\n<p><strong>Formulado como:<\/strong> Concentrado Emulsionable (EC)<\/p>\n","protected":false},"featured_media":4147,"comment_status":"closed","ping_status":"closed","template":"","meta":[],"product_brand":[],"product_cat":[664,659],"product_tag":[],"class_list":{"0":"post-6579","1":"product","2":"type-product","3":"status-publish","4":"has-post-thumbnail","6":"product_cat-herbicida-productos-ecuador-en","7":"product_cat-productos-ecuador-en","9":"first","10":"instock","11":"shipping-taxable","12":"product-type-simple"},"_links":{"self":[{"href":"https:\/\/agria-zenithcropsciences.com\/en\/wp-json\/wp\/v2\/product\/6579","targetHints":{"allow":["GET"]}}],"collection":[{"href":"https:\/\/agria-zenithcropsciences.com\/en\/wp-json\/wp\/v2\/product"}],"about":[{"href":"https:\/\/agria-zenithcropsciences.com\/en\/wp-json\/wp\/v2\/types\/product"}],"replies":[{"embeddable":true,"href":"https:\/\/agria-zenithcropsciences.com\/en\/wp-json\/wp\/v2\/comments?post=6579"}],"wp:featuredmedia":[{"embeddable":true,"href":"https:\/\/agria-zenithcropsciences.com\/en\/wp-json\/wp\/v2\/media\/4147"}],"wp:attachment":[{"href":"https:\/\/agria-zenithcropsciences.com\/en\/wp-json\/wp\/v2\/media?parent=6579"}],"wp:term":[{"taxonomy":"product_brand","embeddable":true,"href":"https:\/\/agria-zenithcropsciences.com\/en\/wp-json\/wp\/v2\/product_brand?post=6579"},{"taxonomy":"product_cat","embeddable":true,"href":"https:\/\/agria-zenithcropsciences.com\/en\/wp-json\/wp\/v2\/product_cat?post=6579"},{"taxonomy":"product_tag","embeddable":true,"href":"https:\/\/agria-zenithcropsciences.com\/en\/wp-json\/wp\/v2\/product_tag?post=6579"}],"curies":[{"name":"wp","href":"https:\/\/api.w.org\/{rel}","templated":true}]}}