{"id":6581,"date":"2020-01-10T19:27:45","date_gmt":"2020-01-10T17:27:45","guid":{"rendered":"https:\/\/agria-zenithcropsciences.com\/product\/fortuna-800-wp\/"},"modified":"2024-01-12T10:00:02","modified_gmt":"2024-01-12T08:00:02","slug":"mancobul-800wp","status":"publish","type":"product","link":"https:\/\/agria-zenithcropsciences.com\/en\/product\/mancobul-800wp\/","title":{"rendered":"Mancobul\u00ae 800WP"},"content":{"rendered":"","protected":false},"excerpt":{"rendered":"<p><strong>Mancobul\u00ae 800WP <\/strong>\u00e9 um acaricida e fungicida protetor que, atrav\u00e9s do seu ingrediente ativo Mancozebe, bloqueia o metabolismo do pat\u00f3geno no n\u00edvel celular em v\u00e1rias etapas do ciclo de Krebs, indicado para controle de doen\u00e7as nas culturas de Ab\u00f3bora, Alho, Amendoim, Arroz, Banana, Batata, Berinjela, Beterraba, Br\u00f3colis, Caf\u00e9, Cenoura, Cevada, Citros, Couve, Couve-Flor, Ervilha, Feij\u00e3o, Feij\u00e3o-Vagem, Figo, Fumo, Ma\u00e7\u00e3, Mam\u00e3o, Manga, Melancia, Mel\u00e3o, Milho, Pepino, P\u00eara, P\u00eassego, Piment\u00e3o, Repolho, Soja, Tomate, Trigo e Uva.<\/p>\n<p><strong>COMPOSI\u00c7\u00c3O<\/strong><strong>:<\/strong> 800 g\/kg MANCOZEBE<\/p>\n<p><strong>TIPO DE FORMULA\u00c7\u00c3O: <\/strong>P\u00f3 Molh\u00e1vel (WP)<\/p>\n","protected":false},"featured_media":3277,"comment_status":"closed","ping_status":"closed","template":"","meta":[],"product_brand":[],"product_cat":[666,667],"product_tag":[],"class_list":{"0":"post-6581","1":"product","2":"type-product","3":"status-publish","4":"has-post-thumbnail","6":"product_cat-fungicidas-productos-brazil-en","7":"product_cat-productos-brazil-en","9":"first","10":"instock","11":"shipping-taxable","12":"product-type-simple"},"_links":{"self":[{"href":"https:\/\/agria-zenithcropsciences.com\/en\/wp-json\/wp\/v2\/product\/6581","targetHints":{"allow":["GET"]}}],"collection":[{"href":"https:\/\/agria-zenithcropsciences.com\/en\/wp-json\/wp\/v2\/product"}],"about":[{"href":"https:\/\/agria-zenithcropsciences.com\/en\/wp-json\/wp\/v2\/types\/product"}],"replies":[{"embeddable":true,"href":"https:\/\/agria-zenithcropsciences.com\/en\/wp-json\/wp\/v2\/comments?post=6581"}],"wp:featuredmedia":[{"embeddable":true,"href":"https:\/\/agria-zenithcropsciences.com\/en\/wp-json\/wp\/v2\/media\/3277"}],"wp:attachment":[{"href":"https:\/\/agria-zenithcropsciences.com\/en\/wp-json\/wp\/v2\/media?parent=6581"}],"wp:term":[{"taxonomy":"product_brand","embeddable":true,"href":"https:\/\/agria-zenithcropsciences.com\/en\/wp-json\/wp\/v2\/product_brand?post=6581"},{"taxonomy":"product_cat","embeddable":true,"href":"https:\/\/agria-zenithcropsciences.com\/en\/wp-json\/wp\/v2\/product_cat?post=6581"},{"taxonomy":"product_tag","embeddable":true,"href":"https:\/\/agria-zenithcropsciences.com\/en\/wp-json\/wp\/v2\/product_tag?post=6581"}],"curies":[{"name":"wp","href":"https:\/\/api.w.org\/{rel}","templated":true}]}}