{"id":6583,"date":"2020-01-10T19:25:48","date_gmt":"2020-01-10T17:25:48","guid":{"rendered":"https:\/\/agria-zenithcropsciences.com\/product\/fuerza\/"},"modified":"2020-01-10T19:25:48","modified_gmt":"2020-01-10T17:25:48","slug":"fuerza","status":"publish","type":"product","link":"https:\/\/agria-zenithcropsciences.com\/en\/product\/fuerza\/","title":{"rendered":"Fuerza\u00ae"},"content":{"rendered":"","protected":false},"excerpt":{"rendered":"<p><strong>Fuerza<sup>\u00ae<\/sup><\/strong> \u00e9 um acaricida\/fungicida de a\u00e7\u00e3o protetora, do grupo qu\u00edmico alquilenobis (ditiocarbamato), que cont\u00e9m o ingrediente ativo Mancozebe 750 g\/Kg na formula\u00e7\u00e3o granulado dispers\u00edvel (WG), indicado para o controle de \u00e1caros e doen\u00e7as f\u00fangicas na cultura dos citros e de doen\u00e7as f\u00fangicas nas culturas do algod\u00e3o, arroz, banana, batata, caf\u00e9, cevada, citros, feij\u00e3o, ma\u00e7\u00e3, milho, soja, tomate, trigo e uva.<\/p>\n<p><strong>COMPOSI\u00c7\u00c3O<\/strong><strong>:<\/strong> 750 g\/kg MANCOZEBE<\/p>\n<p><strong>TIPO DE FORMULA\u00c7\u00c3O: <\/strong>Gr\u00e2nulos Dispers\u00edveis em \u00c1gua (WG)<\/p>\n","protected":false},"featured_media":3341,"comment_status":"closed","ping_status":"closed","template":"","meta":[],"product_brand":[],"product_cat":[666,667],"product_tag":[],"class_list":{"0":"post-6583","1":"product","2":"type-product","3":"status-publish","4":"has-post-thumbnail","6":"product_cat-fungicidas-productos-brazil-en","7":"product_cat-productos-brazil-en","9":"first","10":"instock","11":"shipping-taxable","12":"product-type-simple"},"_links":{"self":[{"href":"https:\/\/agria-zenithcropsciences.com\/en\/wp-json\/wp\/v2\/product\/6583","targetHints":{"allow":["GET"]}}],"collection":[{"href":"https:\/\/agria-zenithcropsciences.com\/en\/wp-json\/wp\/v2\/product"}],"about":[{"href":"https:\/\/agria-zenithcropsciences.com\/en\/wp-json\/wp\/v2\/types\/product"}],"replies":[{"embeddable":true,"href":"https:\/\/agria-zenithcropsciences.com\/en\/wp-json\/wp\/v2\/comments?post=6583"}],"wp:featuredmedia":[{"embeddable":true,"href":"https:\/\/agria-zenithcropsciences.com\/en\/wp-json\/wp\/v2\/media\/3341"}],"wp:attachment":[{"href":"https:\/\/agria-zenithcropsciences.com\/en\/wp-json\/wp\/v2\/media?parent=6583"}],"wp:term":[{"taxonomy":"product_brand","embeddable":true,"href":"https:\/\/agria-zenithcropsciences.com\/en\/wp-json\/wp\/v2\/product_brand?post=6583"},{"taxonomy":"product_cat","embeddable":true,"href":"https:\/\/agria-zenithcropsciences.com\/en\/wp-json\/wp\/v2\/product_cat?post=6583"},{"taxonomy":"product_tag","embeddable":true,"href":"https:\/\/agria-zenithcropsciences.com\/en\/wp-json\/wp\/v2\/product_tag?post=6583"}],"curies":[{"name":"wp","href":"https:\/\/api.w.org\/{rel}","templated":true}]}}