{"id":6604,"date":"2020-01-09T21:44:34","date_gmt":"2020-01-09T19:44:34","guid":{"rendered":"https:\/\/agria-zenithcropsciences.com\/product\/azorta-66-sc\/"},"modified":"2020-01-09T21:44:34","modified_gmt":"2020-01-09T19:44:34","slug":"azorta-66-sc","status":"publish","type":"product","link":"https:\/\/agria-zenithcropsciences.com\/en\/product\/azorta-66-sc\/","title":{"rendered":"Azorta\u00ae 66 SC"},"content":{"rendered":"","protected":false},"excerpt":{"rendered":"<p><strong>Azorta<sup>\u00ae<\/sup> 66 SC <\/strong>es un fungicida que contiene dos ingredientes activos con diferente modo de acci\u00f3n, combina la acci\u00f3n sist\u00e9mica de Azoxystrobin y la acci\u00f3n de contacto de Clorotalonil, para el control de cenicilla y mildi\u00fa en los cultivos de: calabacita, mel\u00f3n, pepino, sand\u00eda de Alternaria solani, Alternaria alternata en el cultivo de papa, Botrytis cinerea en jitomate, Alternaria alternata en jitomate, tomate de c\u00e1scara de Sphaerotheca pannosa en rosal y de Peronospora destructor, en cebolla.<\/p>\n<p><strong>Composicion:<\/strong> 600 g\/L CLOROTALONIL + 60 g\/L AZOXYSTROBIN<\/p>\n<p><strong>Otros nombres comerciales<\/strong><strong>:<\/strong> Armagan<strong><sup>\u00ae<\/sup><\/strong> 66 SC<\/p>\n<p><strong>Formulado como:<\/strong> Suspensi\u00f3n Concentrada (SC)<\/p>\n<p><strong>APLICACIONES<\/strong><strong>: Contacte a nuestro equipo<\/strong><strong> &#8211; <\/strong><a href=\"mailto:info@agria.bg\">info@agria.bg<\/a><\/p>\n","protected":false},"featured_media":3384,"comment_status":"closed","ping_status":"closed","template":"","meta":[],"product_brand":[],"product_cat":[672,673],"product_tag":[],"class_list":{"0":"post-6604","1":"product","2":"type-product","3":"status-publish","4":"has-post-thumbnail","6":"product_cat-fungicida-4-en","7":"product_cat-productos-nicaragua-en","9":"first","10":"instock","11":"shipping-taxable","12":"product-type-simple"},"_links":{"self":[{"href":"https:\/\/agria-zenithcropsciences.com\/en\/wp-json\/wp\/v2\/product\/6604","targetHints":{"allow":["GET"]}}],"collection":[{"href":"https:\/\/agria-zenithcropsciences.com\/en\/wp-json\/wp\/v2\/product"}],"about":[{"href":"https:\/\/agria-zenithcropsciences.com\/en\/wp-json\/wp\/v2\/types\/product"}],"replies":[{"embeddable":true,"href":"https:\/\/agria-zenithcropsciences.com\/en\/wp-json\/wp\/v2\/comments?post=6604"}],"wp:featuredmedia":[{"embeddable":true,"href":"https:\/\/agria-zenithcropsciences.com\/en\/wp-json\/wp\/v2\/media\/3384"}],"wp:attachment":[{"href":"https:\/\/agria-zenithcropsciences.com\/en\/wp-json\/wp\/v2\/media?parent=6604"}],"wp:term":[{"taxonomy":"product_brand","embeddable":true,"href":"https:\/\/agria-zenithcropsciences.com\/en\/wp-json\/wp\/v2\/product_brand?post=6604"},{"taxonomy":"product_cat","embeddable":true,"href":"https:\/\/agria-zenithcropsciences.com\/en\/wp-json\/wp\/v2\/product_cat?post=6604"},{"taxonomy":"product_tag","embeddable":true,"href":"https:\/\/agria-zenithcropsciences.com\/en\/wp-json\/wp\/v2\/product_tag?post=6604"}],"curies":[{"name":"wp","href":"https:\/\/api.w.org\/{rel}","templated":true}]}}