{"id":6613,"date":"2020-01-09T21:36:37","date_gmt":"2020-01-09T19:36:37","guid":{"rendered":"https:\/\/agria-zenithcropsciences.com\/product\/imidafen\/"},"modified":"2020-01-09T21:36:37","modified_gmt":"2020-01-09T19:36:37","slug":"imidafen","status":"publish","type":"product","link":"https:\/\/agria-zenithcropsciences.com\/en\/product\/imidafen\/","title":{"rendered":"Imidafen\u00ae"},"content":{"rendered":"","protected":false},"excerpt":{"rendered":"<p><strong>Imidafen<\/strong><strong><sup>\u00ae<\/sup><\/strong> es un Insecticida que combina 2 principios activos: Imidacloprid que es sist\u00e9mico con acci\u00f3n de contacto y estomacal y Bifentrina que es de acci\u00f3n directa por contacto con una larga actividad residual, para el control de amplio espectro de plagas, Imidacloprid (grupo qu\u00edmico: Neonicotinoide) posee actividad sist\u00e9mica, bloqueando los receptores postsinapticos; mientras que Bifenthrin (grupo qu\u00edmico:<\/p>\n<p>Piretroides) interfiere en la membrana nerviosa con cambios conformacionales de las prote\u00ednas en la interface l\u00edpidos- prote\u00edna.<\/p>\n<p><strong>Composicion:<\/strong> 250 g\/L IMIDACLOPRID + 50 g\/L BIFENTRIN<\/p>\n<p><strong>Otros nombres comerciales<\/strong><strong>:<\/strong> Bimida<strong><sup>\u00ae<\/sup><\/strong> 30 SC<\/p>\n<p><strong>Formulado como:<\/strong> Suspensi\u00f3n Concentrada (SC)<\/p>\n<p><strong>APLICACIONES<\/strong><strong>: Contacte a nuestro equipo<\/strong><strong> &#8211; <\/strong><a href=\"mailto:info@agria.bg\">info@agria.bg<\/a><\/p>\n","protected":false},"featured_media":3396,"comment_status":"closed","ping_status":"closed","template":"","meta":[],"product_brand":[],"product_cat":[676,673],"product_tag":[],"class_list":{"0":"post-6613","1":"product","2":"type-product","3":"status-publish","4":"has-post-thumbnail","6":"product_cat-insecticida-en","7":"product_cat-productos-nicaragua-en","9":"first","10":"instock","11":"shipping-taxable","12":"product-type-simple"},"_links":{"self":[{"href":"https:\/\/agria-zenithcropsciences.com\/en\/wp-json\/wp\/v2\/product\/6613","targetHints":{"allow":["GET"]}}],"collection":[{"href":"https:\/\/agria-zenithcropsciences.com\/en\/wp-json\/wp\/v2\/product"}],"about":[{"href":"https:\/\/agria-zenithcropsciences.com\/en\/wp-json\/wp\/v2\/types\/product"}],"replies":[{"embeddable":true,"href":"https:\/\/agria-zenithcropsciences.com\/en\/wp-json\/wp\/v2\/comments?post=6613"}],"wp:featuredmedia":[{"embeddable":true,"href":"https:\/\/agria-zenithcropsciences.com\/en\/wp-json\/wp\/v2\/media\/3396"}],"wp:attachment":[{"href":"https:\/\/agria-zenithcropsciences.com\/en\/wp-json\/wp\/v2\/media?parent=6613"}],"wp:term":[{"taxonomy":"product_brand","embeddable":true,"href":"https:\/\/agria-zenithcropsciences.com\/en\/wp-json\/wp\/v2\/product_brand?post=6613"},{"taxonomy":"product_cat","embeddable":true,"href":"https:\/\/agria-zenithcropsciences.com\/en\/wp-json\/wp\/v2\/product_cat?post=6613"},{"taxonomy":"product_tag","embeddable":true,"href":"https:\/\/agria-zenithcropsciences.com\/en\/wp-json\/wp\/v2\/product_tag?post=6613"}],"curies":[{"name":"wp","href":"https:\/\/api.w.org\/{rel}","templated":true}]}}