{"id":6619,"date":"2020-01-09T21:31:38","date_gmt":"2020-01-09T19:31:38","guid":{"rendered":"https:\/\/agria-zenithcropsciences.com\/product\/ribac-40-sc\/"},"modified":"2020-01-09T21:31:38","modified_gmt":"2020-01-09T19:31:38","slug":"ribac-40-sc","status":"publish","type":"product","link":"https:\/\/agria-zenithcropsciences.com\/en\/product\/ribac-40-sc\/","title":{"rendered":"Ribac\u00ae 40 SC"},"content":{"rendered":"","protected":false},"excerpt":{"rendered":"<p>Herbicida muy selectivo al arroz. Es un herbicida del grupo de los compuestos carboxi pirimidinilo. Su ingrediente activo Bispiribac de sodio, bloquea la bios\u00edntesis de amino\u00e1cidos en las malezas.<\/p>\n<p>El producto se absorbe r\u00e1pidamente por las ra\u00edces, se transloca dentro de la maleza e inhibe la enzima de Acetato Lactato Sintetasa (ALS) responsable de la s\u00edntesis de amino\u00e1cidos esenciales de la planta.<\/p>\n<p>El <strong>Ribac<\/strong><strong><sup>\u00ae<\/sup><\/strong><strong> 40 SC <\/strong>es de amplio espectro de control, al resultar eficaz ante pr\u00e1cticamentetodas las especies de malezas que afectan al cultivo y de notable plasticidad en su uso, al ser tolerado por el arroz a cualquier edad.<\/p>\n<p><strong>Composicion:<\/strong> 400 g\/L BISPIRIBAC DE SODIO<\/p>\n<p><strong>Formulado como:<\/strong> Suspensi\u00f3n Concentrada (SC)<\/p>\n<p><strong>APLICACIONES<\/strong><strong>: Contacte a nuestro equipo<\/strong><strong> &#8211; <\/strong><a href=\"mailto:info@agria.bg\">info@agria.bg<\/a><\/p>\n","protected":false},"featured_media":3387,"comment_status":"closed","ping_status":"closed","template":"","meta":[],"product_brand":[],"product_cat":[680,673],"product_tag":[],"class_list":{"0":"post-6619","1":"product","2":"type-product","3":"status-publish","4":"has-post-thumbnail","6":"product_cat-herbicida-en","7":"product_cat-productos-nicaragua-en","9":"first","10":"instock","11":"shipping-taxable","12":"product-type-simple"},"_links":{"self":[{"href":"https:\/\/agria-zenithcropsciences.com\/en\/wp-json\/wp\/v2\/product\/6619","targetHints":{"allow":["GET"]}}],"collection":[{"href":"https:\/\/agria-zenithcropsciences.com\/en\/wp-json\/wp\/v2\/product"}],"about":[{"href":"https:\/\/agria-zenithcropsciences.com\/en\/wp-json\/wp\/v2\/types\/product"}],"replies":[{"embeddable":true,"href":"https:\/\/agria-zenithcropsciences.com\/en\/wp-json\/wp\/v2\/comments?post=6619"}],"wp:featuredmedia":[{"embeddable":true,"href":"https:\/\/agria-zenithcropsciences.com\/en\/wp-json\/wp\/v2\/media\/3387"}],"wp:attachment":[{"href":"https:\/\/agria-zenithcropsciences.com\/en\/wp-json\/wp\/v2\/media?parent=6619"}],"wp:term":[{"taxonomy":"product_brand","embeddable":true,"href":"https:\/\/agria-zenithcropsciences.com\/en\/wp-json\/wp\/v2\/product_brand?post=6619"},{"taxonomy":"product_cat","embeddable":true,"href":"https:\/\/agria-zenithcropsciences.com\/en\/wp-json\/wp\/v2\/product_cat?post=6619"},{"taxonomy":"product_tag","embeddable":true,"href":"https:\/\/agria-zenithcropsciences.com\/en\/wp-json\/wp\/v2\/product_tag?post=6619"}],"curies":[{"name":"wp","href":"https:\/\/api.w.org\/{rel}","templated":true}]}}