{"id":6626,"date":"2020-01-09T12:49:41","date_gmt":"2020-01-09T10:49:41","guid":{"rendered":"https:\/\/agria-zenithcropsciences.com\/product\/mancozeb-agro-regional-75-wdg\/"},"modified":"2020-01-09T12:49:41","modified_gmt":"2020-01-09T10:49:41","slug":"mancozeb-agro-regional-75-wdg","status":"publish","type":"product","link":"https:\/\/agria-zenithcropsciences.com\/en\/product\/mancozeb-agro-regional-75-wdg\/","title":{"rendered":"Mancozeb Agro Regional 75 WDG"},"content":{"rendered":"","protected":false},"excerpt":{"rendered":"<p><strong>Mancozeb Agro Regional 75 WDG<\/strong><\/p>\n<p><strong>Mancozeb Agro Regional 75 WDG <\/strong>es un fungicida preventivo de amplio espectro, con acci\u00f3n de contacto para control de enfermedades fungosas en los cultivos. Posee un amplio espectro de acci\u00f3n y est\u00e1 recomendado para el control preventivo de enfermedades fungosas, seg\u00fan se indica en las recomendaciones de uso. Mecanismo de acci\u00f3n multisitio, induce inhibici\u00f3n enzim\u00e1tica m\u00faltiple, inhibe respiraci\u00f3n, inactiva grupos sulfidrilos (-SH) desnaturaliza enzimas, afecta ciclo Krebs, impide formaci\u00f3n de ATP, afecta l\u00edpidos de la membrana. Es clasificado por FRAC como un fungicida Ditiocarbamato, Multisitio, con riesgo de Resistencia muy bajo. Inhibe la germinaci\u00f3n de las esporas y la formaci\u00f3n del tubo germinativo sobre la superficie de la hoja; no afectacrecimiento de micelio ni esporulaci\u00f3n. Su uso impide la colonizaci\u00f3n del hongo. Su acci\u00f3n multisitio impide la aparici\u00f3n de fen\u00f3menos de resistencia.<\/p>\n<p><strong>Composicion:<\/strong> 750 g\/kg Mancozeb<\/p>\n<p><strong>Formulado como:<\/strong> Gr\u00e1nulos Dispersables (<em>WG<\/em>)<\/p>\n<p><strong>APLICACIONES<\/strong><strong>: Contacte a nuestro equipo<\/strong><strong> &#8211; <\/strong><a href=\"mailto:info@agria.bg\">info@agria.bg<\/a><\/p>\n","protected":false},"featured_media":3271,"comment_status":"closed","ping_status":"closed","template":"","meta":[],"product_brand":[],"product_cat":[540,541],"product_tag":[],"class_list":{"0":"post-6626","1":"product","2":"type-product","3":"status-publish","4":"has-post-thumbnail","6":"product_cat-fungicidas-2-en","7":"product_cat-productos-peru-en","9":"first","10":"instock","11":"shipping-taxable","12":"product-type-simple"},"_links":{"self":[{"href":"https:\/\/agria-zenithcropsciences.com\/en\/wp-json\/wp\/v2\/product\/6626","targetHints":{"allow":["GET"]}}],"collection":[{"href":"https:\/\/agria-zenithcropsciences.com\/en\/wp-json\/wp\/v2\/product"}],"about":[{"href":"https:\/\/agria-zenithcropsciences.com\/en\/wp-json\/wp\/v2\/types\/product"}],"replies":[{"embeddable":true,"href":"https:\/\/agria-zenithcropsciences.com\/en\/wp-json\/wp\/v2\/comments?post=6626"}],"wp:featuredmedia":[{"embeddable":true,"href":"https:\/\/agria-zenithcropsciences.com\/en\/wp-json\/wp\/v2\/media\/3271"}],"wp:attachment":[{"href":"https:\/\/agria-zenithcropsciences.com\/en\/wp-json\/wp\/v2\/media?parent=6626"}],"wp:term":[{"taxonomy":"product_brand","embeddable":true,"href":"https:\/\/agria-zenithcropsciences.com\/en\/wp-json\/wp\/v2\/product_brand?post=6626"},{"taxonomy":"product_cat","embeddable":true,"href":"https:\/\/agria-zenithcropsciences.com\/en\/wp-json\/wp\/v2\/product_cat?post=6626"},{"taxonomy":"product_tag","embeddable":true,"href":"https:\/\/agria-zenithcropsciences.com\/en\/wp-json\/wp\/v2\/product_tag?post=6626"}],"curies":[{"name":"wp","href":"https:\/\/api.w.org\/{rel}","templated":true}]}}