{"id":6654,"date":"2020-01-08T18:10:45","date_gmt":"2020-01-08T16:10:45","guid":{"rendered":"https:\/\/agria-zenithcropsciences.com\/product\/rebeld-76-wp\/"},"modified":"2020-01-08T18:10:45","modified_gmt":"2020-01-08T16:10:45","slug":"rebeld-76-wp","status":"publish","type":"product","link":"https:\/\/agria-zenithcropsciences.com\/en\/product\/rebeld-76-wp\/","title":{"rendered":"Rebeld\u00ae 76 WP"},"content":{"rendered":"","protected":false},"excerpt":{"rendered":"<p><strong>Rebeld<sup>\u00ae<\/sup> 76 WP <\/strong>es un potente fungicida tanto preventivo como curativo, ya que es una mezcla con un innovador balance entre dos diferentes principios qu\u00edmicos activos: unos sist\u00e9mico del grupo de las Ac-etamidas, que es el Cymoxanil, y otro de contacto, del grupo de los Carbamatos que es el Mancozeb. Act\u00faa en multiples sitios del metabolismo del pat\u00f3geno, impide el restablecimiento del pat\u00f3geno al in-hibir la formaci\u00f3n de esporangios, con lo que reduce el in\u00f3culo en el campo. Su f\u00f3rmula ha sido espe-cialmente balanceada para suplir las exigencias para el control de Phytopthora infestans en las condi-ciones de los pa\u00edses del \u00e1rea.<\/p>\n<p><strong>Composicion:<\/strong> 700 g\/kg Mancozeb + 60 g\/kg Cymoxanil<\/p>\n<p><strong>Otros nombres comerciales:<\/strong> Respect Bul<strong><sup>\u00ae<\/sup><\/strong> <em>76 WP<\/em><\/p>\n<p><strong>Formulado como:<\/strong> <em>Polvo<\/em> Mojable (PM)<\/p>\n","protected":false},"featured_media":3295,"comment_status":"closed","ping_status":"closed","template":"","meta":[],"product_brand":[],"product_cat":[698,699],"product_tag":[],"class_list":{"0":"post-6654","1":"product","2":"type-product","3":"status-publish","4":"has-post-thumbnail","6":"product_cat-fungicidas-en","7":"product_cat-productos-costa-rica-en","9":"first","10":"instock","11":"shipping-taxable","12":"product-type-simple"},"_links":{"self":[{"href":"https:\/\/agria-zenithcropsciences.com\/en\/wp-json\/wp\/v2\/product\/6654","targetHints":{"allow":["GET"]}}],"collection":[{"href":"https:\/\/agria-zenithcropsciences.com\/en\/wp-json\/wp\/v2\/product"}],"about":[{"href":"https:\/\/agria-zenithcropsciences.com\/en\/wp-json\/wp\/v2\/types\/product"}],"replies":[{"embeddable":true,"href":"https:\/\/agria-zenithcropsciences.com\/en\/wp-json\/wp\/v2\/comments?post=6654"}],"wp:featuredmedia":[{"embeddable":true,"href":"https:\/\/agria-zenithcropsciences.com\/en\/wp-json\/wp\/v2\/media\/3295"}],"wp:attachment":[{"href":"https:\/\/agria-zenithcropsciences.com\/en\/wp-json\/wp\/v2\/media?parent=6654"}],"wp:term":[{"taxonomy":"product_brand","embeddable":true,"href":"https:\/\/agria-zenithcropsciences.com\/en\/wp-json\/wp\/v2\/product_brand?post=6654"},{"taxonomy":"product_cat","embeddable":true,"href":"https:\/\/agria-zenithcropsciences.com\/en\/wp-json\/wp\/v2\/product_cat?post=6654"},{"taxonomy":"product_tag","embeddable":true,"href":"https:\/\/agria-zenithcropsciences.com\/en\/wp-json\/wp\/v2\/product_tag?post=6654"}],"curies":[{"name":"wp","href":"https:\/\/api.w.org\/{rel}","templated":true}]}}