{"id":6737,"date":"2017-08-30T15:58:54","date_gmt":"2017-08-30T12:58:54","guid":{"rendered":"https:\/\/agria-zenithcropsciences.com\/product\/tecnokel-amino-%d1%81u\/"},"modified":"2023-11-13T17:38:26","modified_gmt":"2023-11-13T15:38:26","slug":"tecnokel-amino-%d1%81u","status":"publish","type":"product","link":"https:\/\/agria-zenithcropsciences.com\/en\/product\/tecnokel-amino-%d1%81u\/","title":{"rendered":"Tecnokel Amino \u0421u"},"content":{"rendered":"","protected":false},"excerpt":{"rendered":"<p>Previene y corrige la deficiencia de cobre (Cu). TECNOKEL AMINO \u0421U se puede utilizar en todos los cultivos: hortalizas, frutas, c\u00edtricos, vides, ornamentales y otros.<br \/>\n<strong>VENTAJAS:<\/strong> Plantas m\u00e1s sanas y fuertes. Reducci\u00f3n sensible de los tratamientos con cobre. Totalmente natural y aplicable en agricultura ecol\u00f3gica. TECNOKEL AMINO \u0421U aumenta la acci\u00f3n fungicida de los productos fitosanitarios. TECNOKEL AMINO \u0421U estimula la resistencia a los hongos de \u00f3xido, la podredumbre marr\u00f3n temprana y tard\u00eda, el mildiu com\u00fan, el alternador, etc., y las bacterias. Recomendado para uso preventivo. TECNOKEL AMINO \u0421U es resistente a las hojas y no se lava despu\u00e9s de la lluvia. TECNOKEL AMINO \u0421U no deja manchas en las hojas o frutas, ni residuos en la planta o en el suelo. Reducci\u00f3n cuantitativa y cualitativa de ataques bacterianos, f\u00fangicos y virales.<\/p>\n<p><strong>ALMACENAMIENTO, MISCIBILIDAD:<br \/>\n<\/strong><\/p>\n<p>No guardar la soluci\u00f3n preparada durante mucho tiempo. No exponerla a altas temperaturas y a la luz directa del sol. Miscible con la mayor\u00eda de los productos fitosanitarios usados. No mezclar con productos con alto contenido de azufre, calcio, aceites minerales y productos alcalinos (pH> 8). Recomendamos una prueba de mezcla preliminar. No aplicar durante la floraci\u00f3n y en variedades sensibles al cobre.<\/p>\n","protected":false},"featured_media":1821,"comment_status":"open","ping_status":"closed","template":"","meta":[],"product_brand":[],"product_cat":[121],"product_tag":[],"class_list":{"0":"post-6737","1":"product","2":"type-product","3":"status-publish","4":"has-post-thumbnail","6":"product_cat-liquid-fertilizers","8":"first","9":"instock","10":"shipping-taxable","11":"product-type-simple"},"_links":{"self":[{"href":"https:\/\/agria-zenithcropsciences.com\/en\/wp-json\/wp\/v2\/product\/6737","targetHints":{"allow":["GET"]}}],"collection":[{"href":"https:\/\/agria-zenithcropsciences.com\/en\/wp-json\/wp\/v2\/product"}],"about":[{"href":"https:\/\/agria-zenithcropsciences.com\/en\/wp-json\/wp\/v2\/types\/product"}],"replies":[{"embeddable":true,"href":"https:\/\/agria-zenithcropsciences.com\/en\/wp-json\/wp\/v2\/comments?post=6737"}],"wp:featuredmedia":[{"embeddable":true,"href":"https:\/\/agria-zenithcropsciences.com\/en\/wp-json\/wp\/v2\/media\/1821"}],"wp:attachment":[{"href":"https:\/\/agria-zenithcropsciences.com\/en\/wp-json\/wp\/v2\/media?parent=6737"}],"wp:term":[{"taxonomy":"product_brand","embeddable":true,"href":"https:\/\/agria-zenithcropsciences.com\/en\/wp-json\/wp\/v2\/product_brand?post=6737"},{"taxonomy":"product_cat","embeddable":true,"href":"https:\/\/agria-zenithcropsciences.com\/en\/wp-json\/wp\/v2\/product_cat?post=6737"},{"taxonomy":"product_tag","embeddable":true,"href":"https:\/\/agria-zenithcropsciences.com\/en\/wp-json\/wp\/v2\/product_tag?post=6737"}],"curies":[{"name":"wp","href":"https:\/\/api.w.org\/{rel}","templated":true}]}}