{"id":6907,"date":"2020-06-08T00:40:03","date_gmt":"2020-06-07T21:40:03","guid":{"rendered":"https:\/\/agria-zenithcropsciences.com\/?post_type=product&#038;p=6907\/"},"modified":"2020-06-08T00:55:14","modified_gmt":"2020-06-07T21:55:14","slug":"biostimulants-and-plant-growth","status":"publish","type":"product","link":"https:\/\/agria-zenithcropsciences.com\/en\/product\/biostimulants-and-plant-growth\/","title":{"rendered":"Biostimulants and Plant growth"},"content":{"rendered":"","protected":false},"excerpt":{"rendered":"<table style= \"height: 227px;\" width=\"873\">\n<tbody>\n<tr>\n<td width=\"399\"><strong>PRODUCTO <\/strong><\/td>\n<td width=\"399\"><strong>INGREDIENTE ACTIVO<\/strong><\/td>\n<\/tr>\n<tr>\n<td width=\"399\">PROTECTOZENTH 3.3. GG<\/td>\n<td width=\"399\">METHYLCYCLOPROPENO 200<\/td>\n<\/tr>\n<tr>\n<td width=\"399\">FERTIZENTH GOLD PH\u00a0 60\u00a0 SC<\/td>\n<td width=\"399\">ALCOHOL TRIDECILICO POLIOXIETIL\u00c9NICO + \u00c1CIDO FOSF\u00d3RICO<\/td>\n<\/tr>\n<tr>\n<td width=\"399\">FERTIZENTH GOLD ALGAS 27.5 SC<\/td>\n<td width=\"399\">EXTRACTO DE ALGAS (ASCOPHYLLUM NODOSUM)\u00a0 + AMINO\u00c1CIDOS LIBRES + CITOQUININAS + GIBERELINAS + AUXINAS<\/td>\n<\/tr>\n<\/tbody>\n<\/table>\n<p><strong>\u00a0<\/strong><\/p>\n<p><strong>APLICACIONES<\/strong><strong>: Contacte a nuestro equipo<\/strong><strong> &#8211; <\/strong><a href=\"mailto:info@agria.bg\">info@agria.bg<\/a><\/p>\n","protected":false},"featured_media":6911,"comment_status":"closed","ping_status":"closed","template":"","meta":[],"product_brand":[],"product_cat":[390],"product_tag":[],"class_list":{"0":"post-6907","1":"product","2":"type-product","3":"status-publish","4":"has-post-thumbnail","6":"product_cat-products-dominicana-en","8":"first","9":"instock","10":"shipping-taxable","11":"product-type-simple"},"_links":{"self":[{"href":"https:\/\/agria-zenithcropsciences.com\/en\/wp-json\/wp\/v2\/product\/6907","targetHints":{"allow":["GET"]}}],"collection":[{"href":"https:\/\/agria-zenithcropsciences.com\/en\/wp-json\/wp\/v2\/product"}],"about":[{"href":"https:\/\/agria-zenithcropsciences.com\/en\/wp-json\/wp\/v2\/types\/product"}],"replies":[{"embeddable":true,"href":"https:\/\/agria-zenithcropsciences.com\/en\/wp-json\/wp\/v2\/comments?post=6907"}],"wp:featuredmedia":[{"embeddable":true,"href":"https:\/\/agria-zenithcropsciences.com\/en\/wp-json\/wp\/v2\/media\/6911"}],"wp:attachment":[{"href":"https:\/\/agria-zenithcropsciences.com\/en\/wp-json\/wp\/v2\/media?parent=6907"}],"wp:term":[{"taxonomy":"product_brand","embeddable":true,"href":"https:\/\/agria-zenithcropsciences.com\/en\/wp-json\/wp\/v2\/product_brand?post=6907"},{"taxonomy":"product_cat","embeddable":true,"href":"https:\/\/agria-zenithcropsciences.com\/en\/wp-json\/wp\/v2\/product_cat?post=6907"},{"taxonomy":"product_tag","embeddable":true,"href":"https:\/\/agria-zenithcropsciences.com\/en\/wp-json\/wp\/v2\/product_tag?post=6907"}],"curies":[{"name":"wp","href":"https:\/\/api.w.org\/{rel}","templated":true}]}}