{"id":6947,"date":"2020-06-19T13:17:02","date_gmt":"2020-06-19T10:17:02","guid":{"rendered":"https:\/\/agria-zenithcropsciences.com\/?post_type=product&#038;p=6947\/"},"modified":"2020-06-19T13:20:11","modified_gmt":"2020-06-19T10:20:11","slug":"ducel","status":"publish","type":"product","link":"https:\/\/agria-zenithcropsciences.com\/en\/product\/ducel\/","title":{"rendered":"DUCEL\u00ae"},"content":{"rendered":"","protected":false},"excerpt":{"rendered":"<p>Systemisches Herbizid zur Bek\u00e4mpfung von wirtschaftlich wichtigem Getreide- und Breitblattunkraut, sowie von einigen mehrj\u00e4hrigen Unkr\u00e4utern im Mais nach dem Auflaufen.<\/p>\n<p><strong>DUCEL\u00ae<\/strong> ist in der Form einer \u00d6ldispersion, mit einem Gehalt von 40g\/l Nicosulfuron.<\/p>\n<p><strong>Wirkstoffe:<\/strong> 40 g\/l nicosufluron<\/p>\n<p><strong>Art der Formulierung:<\/strong> \u00a0\u00d6ldispersion (OD)<\/p>\n","protected":false},"featured_media":6951,"comment_status":"closed","ping_status":"closed","template":"","meta":[],"product_brand":[],"product_cat":[607,605],"product_tag":[],"class_list":{"0":"post-6947","1":"product","2":"type-product","3":"status-publish","4":"has-post-thumbnail","6":"product_cat-herbizide-es","7":"product_cat-products-austria-es","9":"first","10":"instock","11":"shipping-taxable","12":"product-type-simple"},"_links":{"self":[{"href":"https:\/\/agria-zenithcropsciences.com\/en\/wp-json\/wp\/v2\/product\/6947","targetHints":{"allow":["GET"]}}],"collection":[{"href":"https:\/\/agria-zenithcropsciences.com\/en\/wp-json\/wp\/v2\/product"}],"about":[{"href":"https:\/\/agria-zenithcropsciences.com\/en\/wp-json\/wp\/v2\/types\/product"}],"replies":[{"embeddable":true,"href":"https:\/\/agria-zenithcropsciences.com\/en\/wp-json\/wp\/v2\/comments?post=6947"}],"wp:featuredmedia":[{"embeddable":true,"href":"https:\/\/agria-zenithcropsciences.com\/en\/wp-json\/wp\/v2\/media\/6951"}],"wp:attachment":[{"href":"https:\/\/agria-zenithcropsciences.com\/en\/wp-json\/wp\/v2\/media?parent=6947"}],"wp:term":[{"taxonomy":"product_brand","embeddable":true,"href":"https:\/\/agria-zenithcropsciences.com\/en\/wp-json\/wp\/v2\/product_brand?post=6947"},{"taxonomy":"product_cat","embeddable":true,"href":"https:\/\/agria-zenithcropsciences.com\/en\/wp-json\/wp\/v2\/product_cat?post=6947"},{"taxonomy":"product_tag","embeddable":true,"href":"https:\/\/agria-zenithcropsciences.com\/en\/wp-json\/wp\/v2\/product_tag?post=6947"}],"curies":[{"name":"wp","href":"https:\/\/api.w.org\/{rel}","templated":true}]}}