{"id":6981,"date":"2020-07-24T19:10:06","date_gmt":"2020-07-24T16:10:06","guid":{"rendered":"https:\/\/agria-zenithcropsciences.com\/?post_type=product&#038;p=6981\/"},"modified":"2020-07-27T21:10:25","modified_gmt":"2020-07-27T18:10:25","slug":"stretch-10","status":"publish","type":"product","link":"https:\/\/agria-zenithcropsciences.com\/en\/product\/stretch-10\/","title":{"rendered":"STRETCH\u00ae"},"content":{"rendered":"","protected":false},"excerpt":{"rendered":"<p><strong>STRETCH\u00ae <\/strong>je herbicid namijenjen suzbijanju jednogodi\u0161njih i vi\u0161egodi\u0161njih uskolisnih i nekih jednogodi\u0161njih \u0161irokolisnih korova u kukuruzu za zrno i sila\u017eu.<\/p>\n<p><strong>STRETCH\u00ae <\/strong>je selektivno sistemi\u010dno herbicidno sredstvo namijenjeno suzbijanju jednogodi\u0161njih i vi\u0161egodi\u0161njih uskolisnih i nekih jednogodi\u0161njih \u0161irokolisnih korova u kukuruzu za zrno i kukuruzu za sila\u017eu.<\/p>\n<p><strong>Sastav: <\/strong>40 g\/l Nicosulfuron<\/p>\n<p><strong>Vrsta formulacije: <\/strong>Uljni koncentrat za suspenziju (OD)<\/p>\n","protected":false},"featured_media":7007,"comment_status":"closed","ping_status":"closed","template":"","meta":[],"product_brand":[],"product_cat":[209,207],"product_tag":[],"class_list":{"0":"post-6981","1":"product","2":"type-product","3":"status-publish","4":"has-post-thumbnail","6":"product_cat-herbicidi","7":"product_cat-products-croatia","9":"first","10":"instock","11":"shipping-taxable","12":"product-type-simple"},"_links":{"self":[{"href":"https:\/\/agria-zenithcropsciences.com\/en\/wp-json\/wp\/v2\/product\/6981","targetHints":{"allow":["GET"]}}],"collection":[{"href":"https:\/\/agria-zenithcropsciences.com\/en\/wp-json\/wp\/v2\/product"}],"about":[{"href":"https:\/\/agria-zenithcropsciences.com\/en\/wp-json\/wp\/v2\/types\/product"}],"replies":[{"embeddable":true,"href":"https:\/\/agria-zenithcropsciences.com\/en\/wp-json\/wp\/v2\/comments?post=6981"}],"wp:featuredmedia":[{"embeddable":true,"href":"https:\/\/agria-zenithcropsciences.com\/en\/wp-json\/wp\/v2\/media\/7007"}],"wp:attachment":[{"href":"https:\/\/agria-zenithcropsciences.com\/en\/wp-json\/wp\/v2\/media?parent=6981"}],"wp:term":[{"taxonomy":"product_brand","embeddable":true,"href":"https:\/\/agria-zenithcropsciences.com\/en\/wp-json\/wp\/v2\/product_brand?post=6981"},{"taxonomy":"product_cat","embeddable":true,"href":"https:\/\/agria-zenithcropsciences.com\/en\/wp-json\/wp\/v2\/product_cat?post=6981"},{"taxonomy":"product_tag","embeddable":true,"href":"https:\/\/agria-zenithcropsciences.com\/en\/wp-json\/wp\/v2\/product_tag?post=6981"}],"curies":[{"name":"wp","href":"https:\/\/api.w.org\/{rel}","templated":true}]}}