{"id":7023,"date":"2020-09-18T12:13:30","date_gmt":"2020-09-18T09:13:30","guid":{"rendered":"https:\/\/agria-zenithcropsciences.com\/?post_type=product&#038;p=7023\/"},"modified":"2022-02-22T23:48:58","modified_gmt":"2022-02-22T21:48:58","slug":"stretch-11","status":"publish","type":"product","link":"https:\/\/agria-zenithcropsciences.com\/en\/product\/stretch-11\/","title":{"rendered":"STRETCH\u00ae"},"content":{"rendered":"","protected":false},"excerpt":{"rendered":"<p><strong>STRETCH\u00ae<\/strong> je herbic\u00eddny pr\u00edpravok ur\u010den\u00fd na postemergentn\u00e9 ni\u010denie jednoro\u010dn\u00fdch tr\u00e1v a dvojkl\u00ed\u010dnolistov\u00fdch bur\u00edn v kukurici. Patr\u00ed do skupiny sulfonylmo\u010dov\u00edn. Nicosulfuron ovplyv\u0148uje citliv\u00e9 buriny v\u010faka inhib\u00edcii enz\u00fdmu acetolakt\u00e1t synt\u00e1zy (ALS).<\/p>\n<p><strong>\u00da\u010dinn\u00e1 l\u00e1tka:<\/strong> 40 g\/l Nicosulfuron<\/p>\n<p><strong>Typ zlo\u017eenia: <\/strong>suspenzn\u00fd koncentr\u00e1t na b\u00e1ze oleja (OD)<\/p>\n<p><strong>In\u00e9 dostupn\u00e9 obchodn\u00e9 n\u00e1zvy: DUCEL\u00ae a CRASHER\u00ae<\/strong><\/p>\n","protected":false},"featured_media":5379,"comment_status":"closed","ping_status":"closed","template":"","meta":[],"product_brand":[],"product_cat":[315,314],"product_tag":[],"class_list":{"0":"post-7023","1":"product","2":"type-product","3":"status-publish","4":"has-post-thumbnail","6":"product_cat-herbicidy","7":"product_cat-products-slovakia","9":"first","10":"instock","11":"shipping-taxable","12":"product-type-simple"},"_links":{"self":[{"href":"https:\/\/agria-zenithcropsciences.com\/en\/wp-json\/wp\/v2\/product\/7023","targetHints":{"allow":["GET"]}}],"collection":[{"href":"https:\/\/agria-zenithcropsciences.com\/en\/wp-json\/wp\/v2\/product"}],"about":[{"href":"https:\/\/agria-zenithcropsciences.com\/en\/wp-json\/wp\/v2\/types\/product"}],"replies":[{"embeddable":true,"href":"https:\/\/agria-zenithcropsciences.com\/en\/wp-json\/wp\/v2\/comments?post=7023"}],"wp:featuredmedia":[{"embeddable":true,"href":"https:\/\/agria-zenithcropsciences.com\/en\/wp-json\/wp\/v2\/media\/5379"}],"wp:attachment":[{"href":"https:\/\/agria-zenithcropsciences.com\/en\/wp-json\/wp\/v2\/media?parent=7023"}],"wp:term":[{"taxonomy":"product_brand","embeddable":true,"href":"https:\/\/agria-zenithcropsciences.com\/en\/wp-json\/wp\/v2\/product_brand?post=7023"},{"taxonomy":"product_cat","embeddable":true,"href":"https:\/\/agria-zenithcropsciences.com\/en\/wp-json\/wp\/v2\/product_cat?post=7023"},{"taxonomy":"product_tag","embeddable":true,"href":"https:\/\/agria-zenithcropsciences.com\/en\/wp-json\/wp\/v2\/product_tag?post=7023"}],"curies":[{"name":"wp","href":"https:\/\/api.w.org\/{rel}","templated":true}]}}