{"id":7332,"date":"2021-09-11T17:05:50","date_gmt":"2021-09-11T14:05:50","guid":{"rendered":"https:\/\/agria-zenithcropsciences.com\/product\/eltivis-2\/"},"modified":"2021-09-11T17:05:50","modified_gmt":"2021-09-11T14:05:50","slug":"eltivis-2","status":"publish","type":"product","link":"https:\/\/agria-zenithcropsciences.com\/en\/product\/eltivis-2\/","title":{"rendered":"ELTIVIS\u00ae"},"content":{"rendered":"","protected":false},"excerpt":{"rendered":"<p><strong>ELTIVIS<sup>\u00ae<\/sup> <\/strong>je herbicid namijenjen suzbijanju jednogodi\u0161njih i vi\u0161egodi\u0161njih \u0161irokolisnih korova u ozimim \u017eitaricama<strong>.<\/strong><\/p>\n<p><strong>Sastav: <\/strong>250 g\/l Fluroksipir (u obliku fluroksipir-meptila, 360 g\/L)<\/p>\n<p><strong>Vrsta formulacije:<\/strong> Koncentrat za emulziju (EC)<\/p>\n","protected":false},"featured_media":7321,"comment_status":"closed","ping_status":"closed","template":"","meta":[],"product_brand":[],"product_cat":[586,585],"product_tag":[],"class_list":{"0":"post-7332","1":"product","2":"type-product","3":"status-publish","4":"has-post-thumbnail","6":"product_cat-herbicidi-en","7":"product_cat-products-croatia-en","9":"first","10":"instock","11":"shipping-taxable","12":"product-type-simple"},"_links":{"self":[{"href":"https:\/\/agria-zenithcropsciences.com\/en\/wp-json\/wp\/v2\/product\/7332","targetHints":{"allow":["GET"]}}],"collection":[{"href":"https:\/\/agria-zenithcropsciences.com\/en\/wp-json\/wp\/v2\/product"}],"about":[{"href":"https:\/\/agria-zenithcropsciences.com\/en\/wp-json\/wp\/v2\/types\/product"}],"replies":[{"embeddable":true,"href":"https:\/\/agria-zenithcropsciences.com\/en\/wp-json\/wp\/v2\/comments?post=7332"}],"wp:featuredmedia":[{"embeddable":true,"href":"https:\/\/agria-zenithcropsciences.com\/en\/wp-json\/wp\/v2\/media\/7321"}],"wp:attachment":[{"href":"https:\/\/agria-zenithcropsciences.com\/en\/wp-json\/wp\/v2\/media?parent=7332"}],"wp:term":[{"taxonomy":"product_brand","embeddable":true,"href":"https:\/\/agria-zenithcropsciences.com\/en\/wp-json\/wp\/v2\/product_brand?post=7332"},{"taxonomy":"product_cat","embeddable":true,"href":"https:\/\/agria-zenithcropsciences.com\/en\/wp-json\/wp\/v2\/product_cat?post=7332"},{"taxonomy":"product_tag","embeddable":true,"href":"https:\/\/agria-zenithcropsciences.com\/en\/wp-json\/wp\/v2\/product_tag?post=7332"}],"curies":[{"name":"wp","href":"https:\/\/api.w.org\/{rel}","templated":true}]}}