{"id":7347,"date":"2020-07-02T22:26:43","date_gmt":"2020-07-02T19:26:43","guid":{"rendered":"https:\/\/agria-zenithcropsciences.com\/product\/stretch-3\/"},"modified":"2020-07-02T22:26:43","modified_gmt":"2020-07-02T19:26:43","slug":"stretch-3","status":"publish","type":"product","link":"https:\/\/agria-zenithcropsciences.com\/en\/product\/stretch-3\/","title":{"rendered":"STRETCH\u00ae"},"content":{"rendered":"","protected":false},"excerpt":{"rendered":"<p>Szelekt\u00edv herbicidet tartalmaz az egyny\u00e1ri f\u0171 \u00e9s a lombos gyomok kukoric\u00e1ban t\u00f6rt\u00e9n\u0151 megjelen\u00e9se ut\u00e1ni ellen\u0151rz\u00e9s\u00e9re.<\/p>\n<p><strong>STRETCH<sup>\u00ae<\/sup><\/strong> (olaj alap\u00fa szuszpenzi\u00f3 koncentr\u00e1tum) form\u00e1j\u00e1ban, amely 40 g\/l nikoszulfuron.<\/p>\n<p><strong>Hat\u00f3anyag megnevez\u00e9se, koncentr\u00e1ci\u00f3ja<\/strong><strong>: <\/strong>40 g\/l nicosulfuron<\/p>\n<p><strong>Szerforma<\/strong><strong>:<\/strong> olaj alap\u00fa szuszpenzi\u00f3 koncentr\u00e1tum (OD)<\/p>\n<p><span lang=\"BG\"><b>Egy\u00e9b el\u00e9rhet\u0151 kereskedelmi nevek: DUCEL\u00ae,\u00a0<\/b><\/span><b><span lang=\"EN-GB\">CRASHER<\/span><\/b><b><span lang=\"BG\">\u00ae<\/span><\/b><\/p>\n","protected":false},"featured_media":6962,"comment_status":"closed","ping_status":"closed","template":"","meta":[],"product_brand":[],"product_cat":[360,357],"product_tag":[],"class_list":{"0":"post-7347","1":"product","2":"type-product","3":"status-publish","4":"has-post-thumbnail","6":"product_cat-herbicidek-en","7":"product_cat-termekek-en","9":"first","10":"instock","11":"shipping-taxable","12":"product-type-simple"},"_links":{"self":[{"href":"https:\/\/agria-zenithcropsciences.com\/en\/wp-json\/wp\/v2\/product\/7347","targetHints":{"allow":["GET"]}}],"collection":[{"href":"https:\/\/agria-zenithcropsciences.com\/en\/wp-json\/wp\/v2\/product"}],"about":[{"href":"https:\/\/agria-zenithcropsciences.com\/en\/wp-json\/wp\/v2\/types\/product"}],"replies":[{"embeddable":true,"href":"https:\/\/agria-zenithcropsciences.com\/en\/wp-json\/wp\/v2\/comments?post=7347"}],"wp:featuredmedia":[{"embeddable":true,"href":"https:\/\/agria-zenithcropsciences.com\/en\/wp-json\/wp\/v2\/media\/6962"}],"wp:attachment":[{"href":"https:\/\/agria-zenithcropsciences.com\/en\/wp-json\/wp\/v2\/media?parent=7347"}],"wp:term":[{"taxonomy":"product_brand","embeddable":true,"href":"https:\/\/agria-zenithcropsciences.com\/en\/wp-json\/wp\/v2\/product_brand?post=7347"},{"taxonomy":"product_cat","embeddable":true,"href":"https:\/\/agria-zenithcropsciences.com\/en\/wp-json\/wp\/v2\/product_cat?post=7347"},{"taxonomy":"product_tag","embeddable":true,"href":"https:\/\/agria-zenithcropsciences.com\/en\/wp-json\/wp\/v2\/product_tag?post=7347"}],"curies":[{"name":"wp","href":"https:\/\/api.w.org\/{rel}","templated":true}]}}