{"id":7492,"date":"2021-11-22T18:20:16","date_gmt":"2021-11-22T16:20:16","guid":{"rendered":"https:\/\/agria-zenithcropsciences.com\/product\/copforce-extra-7\/"},"modified":"2021-11-22T18:20:16","modified_gmt":"2021-11-22T16:20:16","slug":"copforce-extra-7","status":"publish","type":"product","link":"https:\/\/agria-zenithcropsciences.com\/en\/product\/copforce-extra-7\/","title":{"rendered":"COPFORCE\u00ae EXTRA"},"content":{"rendered":"","protected":false},"excerpt":{"rendered":"<p>O <strong>COPFORCE<sup>\u00ae <\/sup>EXTRA <\/strong>\u00e9 um fungicida \u00e0 base de cimoxanil e cobre. O cimoxanil pertence ao grupo qu\u00edmico das cianoacetamidas oximas, \u00e9 um fungicida penetrante que penetra no interior dos tecidos vegetais, inibindo a forma\u00e7\u00e3o das paredes celulares dos fungos, por mecanismo(s) de a\u00e7\u00e3o desconhecido(s), possui atividade curativa quando aplicado imediatamente ap\u00f3s a infe\u00e7\u00e3o. O cobre pertence ao grupo qu\u00edmico dos inorg\u00e2nicos, \u00e9 um fungicida de superf\u00edcie, que inibe v\u00e1rios processos metab\u00f3licos, atuando em diversos enzimas, com atividade preventiva.<\/p>\n<p><strong>Composi\u00e7\u00e3o: <\/strong>60 g\/Kg Cimoxanil + 300 g\/Kg cobre (461 g\/Kg na forma de hidr\u00f3xido)<\/p>\n<p><strong>Tipo de formula\u00e7\u00e3o: <\/strong>Gr\u00e2nulos dispers\u00edveis em \u00e1gua (WG)<\/p>\n","protected":false},"featured_media":7490,"comment_status":"closed","ping_status":"closed","template":"","meta":[],"product_brand":[],"product_cat":[372,373],"product_tag":[],"class_list":{"0":"post-7492","1":"product","2":"type-product","3":"status-publish","4":"has-post-thumbnail","6":"product_cat-fungicides-en","7":"product_cat-products-portugal-en","9":"first","10":"instock","11":"shipping-taxable","12":"product-type-simple"},"_links":{"self":[{"href":"https:\/\/agria-zenithcropsciences.com\/en\/wp-json\/wp\/v2\/product\/7492","targetHints":{"allow":["GET"]}}],"collection":[{"href":"https:\/\/agria-zenithcropsciences.com\/en\/wp-json\/wp\/v2\/product"}],"about":[{"href":"https:\/\/agria-zenithcropsciences.com\/en\/wp-json\/wp\/v2\/types\/product"}],"replies":[{"embeddable":true,"href":"https:\/\/agria-zenithcropsciences.com\/en\/wp-json\/wp\/v2\/comments?post=7492"}],"wp:featuredmedia":[{"embeddable":true,"href":"https:\/\/agria-zenithcropsciences.com\/en\/wp-json\/wp\/v2\/media\/7490"}],"wp:attachment":[{"href":"https:\/\/agria-zenithcropsciences.com\/en\/wp-json\/wp\/v2\/media?parent=7492"}],"wp:term":[{"taxonomy":"product_brand","embeddable":true,"href":"https:\/\/agria-zenithcropsciences.com\/en\/wp-json\/wp\/v2\/product_brand?post=7492"},{"taxonomy":"product_cat","embeddable":true,"href":"https:\/\/agria-zenithcropsciences.com\/en\/wp-json\/wp\/v2\/product_cat?post=7492"},{"taxonomy":"product_tag","embeddable":true,"href":"https:\/\/agria-zenithcropsciences.com\/en\/wp-json\/wp\/v2\/product_tag?post=7492"}],"curies":[{"name":"wp","href":"https:\/\/api.w.org\/{rel}","templated":true}]}}