{"id":7551,"date":"2022-02-22T18:19:14","date_gmt":"2022-02-22T16:19:14","guid":{"rendered":"https:\/\/agria-zenithcropsciences.com\/product\/eltivis-3\/"},"modified":"2022-02-22T18:19:14","modified_gmt":"2022-02-22T16:19:14","slug":"eltivis-3","status":"publish","type":"product","link":"https:\/\/agria-zenithcropsciences.com\/en\/product\/eltivis-3\/","title":{"rendered":"ELTIVIS\u00ae"},"content":{"rendered":"","protected":false},"excerpt":{"rendered":"<p>Pr\u00edpravok <strong>\u00a0ELTIVIS<sup>\u00ae <\/sup><\/strong>je selekt\u00edvny post-emergentn\u00fd herbic\u00edd na b\u00e1ze \u00fa\u010dinnej l\u00e1tky fluroxypyr, ktor\u00e1 sp\u00f4sobuje reakcie typu aux\u00ednu v citliv\u00fdch jednoro\u010dn\u00fdch a niektor\u00fdch trv\u00e1cich dvojkl\u00ed\u010dnolistov\u00fdch burin\u00e1ch (aux\u00edn je typ rastov\u00e9ho horm\u00f3nu rastl\u00edn). Ke\u010f sa absorbuje do rastliny, akumuluje sa v rast\u00facich tkaniv\u00e1ch vo vy\u0161\u0161\u00edch koncentr\u00e1ci\u00e1ch ne\u017e pr\u00edrodn\u00fd aux\u00edn a tie\u017e sa pomal\u0161ie rozp\u00fa\u0161\u0165a. Jeho naru\u0161enie k\u013e\u00fa\u010dov\u00fdch metabolick\u00fdch procesov sp\u00f4sobuje ni\u010denie bur\u00edn.<\/p>\n<p><strong>\u00da\u010dinn\u00e1 l\u00e1tka: <\/strong>360 g\/l fluroxypyr-meptyl<\/p>\n<p><strong>Typ zlo\u017eenia: <\/strong>emulzn\u00e9ho koncentr\u00e1tu (EC)<\/p>\n","protected":false},"featured_media":7547,"comment_status":"closed","ping_status":"closed","template":"","meta":[],"product_brand":[],"product_cat":[382,379],"product_tag":[],"class_list":{"0":"post-7551","1":"product","2":"type-product","3":"status-publish","4":"has-post-thumbnail","6":"product_cat-herbicidy-en","7":"product_cat-products-slovakia-en","9":"first","10":"instock","11":"shipping-taxable","12":"product-type-simple"},"_links":{"self":[{"href":"https:\/\/agria-zenithcropsciences.com\/en\/wp-json\/wp\/v2\/product\/7551","targetHints":{"allow":["GET"]}}],"collection":[{"href":"https:\/\/agria-zenithcropsciences.com\/en\/wp-json\/wp\/v2\/product"}],"about":[{"href":"https:\/\/agria-zenithcropsciences.com\/en\/wp-json\/wp\/v2\/types\/product"}],"replies":[{"embeddable":true,"href":"https:\/\/agria-zenithcropsciences.com\/en\/wp-json\/wp\/v2\/comments?post=7551"}],"wp:featuredmedia":[{"embeddable":true,"href":"https:\/\/agria-zenithcropsciences.com\/en\/wp-json\/wp\/v2\/media\/7547"}],"wp:attachment":[{"href":"https:\/\/agria-zenithcropsciences.com\/en\/wp-json\/wp\/v2\/media?parent=7551"}],"wp:term":[{"taxonomy":"product_brand","embeddable":true,"href":"https:\/\/agria-zenithcropsciences.com\/en\/wp-json\/wp\/v2\/product_brand?post=7551"},{"taxonomy":"product_cat","embeddable":true,"href":"https:\/\/agria-zenithcropsciences.com\/en\/wp-json\/wp\/v2\/product_cat?post=7551"},{"taxonomy":"product_tag","embeddable":true,"href":"https:\/\/agria-zenithcropsciences.com\/en\/wp-json\/wp\/v2\/product_tag?post=7551"}],"curies":[{"name":"wp","href":"https:\/\/api.w.org\/{rel}","templated":true}]}}