{"id":7581,"date":"2022-06-04T11:19:33","date_gmt":"2022-06-04T08:19:33","guid":{"rendered":"https:\/\/agria-zenithcropsciences.com\/?post_type=product&#038;p=7581\/"},"modified":"2022-06-04T11:24:14","modified_gmt":"2022-06-04T08:24:14","slug":"nasa-5","status":"publish","type":"product","link":"https:\/\/agria-zenithcropsciences.com\/en\/product\/nasa-5\/","title":{"rendered":"NASA\u00ae"},"content":{"rendered":"","protected":false},"excerpt":{"rendered":"<p>O <strong>NASA<sup>\u00ae <\/sup><\/strong>\u00e9 um herbicida sist\u00e9mico de p\u00f3s-emerg\u00eancia com base em glifosato. Derivado da glicina. Absorvido pelas folhas e caules. R\u00e1pida transloca\u00e7\u00e3o atrav\u00e9s do simplasto. Inibe a bioss\u00edntese do amino\u00e1cido shiquimato (inibindo a actividade da enzima (5-enolpiruvil-shiquimato-3-fosfato) sintase, EPSP sintase) (Grupo 9 do HRAC).<\/p>\n<p><strong>Composi\u00e7\u00e3o: <\/strong>360 g\/L glifosato<\/p>\n<p><strong>Tipo de formula\u00e7\u00e3o: <\/strong>Solu\u00e7\u00e3o concentrada (SL)<\/p>\n","protected":false},"featured_media":7585,"comment_status":"closed","ping_status":"closed","template":"","meta":[],"product_brand":[],"product_cat":[376,373],"product_tag":[],"class_list":{"0":"post-7581","1":"product","2":"type-product","3":"status-publish","4":"has-post-thumbnail","6":"product_cat-herbicides-en","7":"product_cat-products-portugal-en","9":"first","10":"instock","11":"shipping-taxable","12":"product-type-simple"},"_links":{"self":[{"href":"https:\/\/agria-zenithcropsciences.com\/en\/wp-json\/wp\/v2\/product\/7581","targetHints":{"allow":["GET"]}}],"collection":[{"href":"https:\/\/agria-zenithcropsciences.com\/en\/wp-json\/wp\/v2\/product"}],"about":[{"href":"https:\/\/agria-zenithcropsciences.com\/en\/wp-json\/wp\/v2\/types\/product"}],"replies":[{"embeddable":true,"href":"https:\/\/agria-zenithcropsciences.com\/en\/wp-json\/wp\/v2\/comments?post=7581"}],"wp:featuredmedia":[{"embeddable":true,"href":"https:\/\/agria-zenithcropsciences.com\/en\/wp-json\/wp\/v2\/media\/7585"}],"wp:attachment":[{"href":"https:\/\/agria-zenithcropsciences.com\/en\/wp-json\/wp\/v2\/media?parent=7581"}],"wp:term":[{"taxonomy":"product_brand","embeddable":true,"href":"https:\/\/agria-zenithcropsciences.com\/en\/wp-json\/wp\/v2\/product_brand?post=7581"},{"taxonomy":"product_cat","embeddable":true,"href":"https:\/\/agria-zenithcropsciences.com\/en\/wp-json\/wp\/v2\/product_cat?post=7581"},{"taxonomy":"product_tag","embeddable":true,"href":"https:\/\/agria-zenithcropsciences.com\/en\/wp-json\/wp\/v2\/product_tag?post=7581"}],"curies":[{"name":"wp","href":"https:\/\/api.w.org\/{rel}","templated":true}]}}