{"id":7649,"date":"2022-09-09T17:32:06","date_gmt":"2022-09-09T14:32:06","guid":{"rendered":"https:\/\/agria-zenithcropsciences.com\/?post_type=product&#038;p=7649\/"},"modified":"2022-09-09T17:35:17","modified_gmt":"2022-09-09T14:35:17","slug":"zenforce-7-5-ew","status":"publish","type":"product","link":"https:\/\/agria-zenithcropsciences.com\/en\/product\/zenforce-7-5-ew\/","title":{"rendered":"ZENFORCE\u00ae 7.5 EW"},"content":{"rendered":"","protected":false},"excerpt":{"rendered":"<p><strong>Erbicid selectiv pentru combaterea \u00een post-emergen\u021b\u0103 a buruienilor monocotile din cereale (gr\u00e2u \u015fi orz)<\/strong><\/p>\n<p><strong>Con\u0163ine: <\/strong>75 g\/l Fenoxaprop-p-ethyl<\/p>\n<p><strong>Formulare: <\/strong>Emulsie de ulei in apa (EW)<\/p>\n","protected":false},"featured_media":7653,"comment_status":"closed","ping_status":"closed","template":"","meta":[],"product_brand":[],"product_cat":[189,187],"product_tag":[],"class_list":{"0":"post-7649","1":"product","2":"type-product","3":"status-publish","4":"has-post-thumbnail","6":"product_cat-erbicide","7":"product_cat-productos-romania","9":"first","10":"instock","11":"shipping-taxable","12":"product-type-simple"},"_links":{"self":[{"href":"https:\/\/agria-zenithcropsciences.com\/en\/wp-json\/wp\/v2\/product\/7649","targetHints":{"allow":["GET"]}}],"collection":[{"href":"https:\/\/agria-zenithcropsciences.com\/en\/wp-json\/wp\/v2\/product"}],"about":[{"href":"https:\/\/agria-zenithcropsciences.com\/en\/wp-json\/wp\/v2\/types\/product"}],"replies":[{"embeddable":true,"href":"https:\/\/agria-zenithcropsciences.com\/en\/wp-json\/wp\/v2\/comments?post=7649"}],"wp:featuredmedia":[{"embeddable":true,"href":"https:\/\/agria-zenithcropsciences.com\/en\/wp-json\/wp\/v2\/media\/7653"}],"wp:attachment":[{"href":"https:\/\/agria-zenithcropsciences.com\/en\/wp-json\/wp\/v2\/media?parent=7649"}],"wp:term":[{"taxonomy":"product_brand","embeddable":true,"href":"https:\/\/agria-zenithcropsciences.com\/en\/wp-json\/wp\/v2\/product_brand?post=7649"},{"taxonomy":"product_cat","embeddable":true,"href":"https:\/\/agria-zenithcropsciences.com\/en\/wp-json\/wp\/v2\/product_cat?post=7649"},{"taxonomy":"product_tag","embeddable":true,"href":"https:\/\/agria-zenithcropsciences.com\/en\/wp-json\/wp\/v2\/product_tag?post=7649"}],"curies":[{"name":"wp","href":"https:\/\/api.w.org\/{rel}","templated":true}]}}