{"id":7823,"date":"2023-06-28T20:16:49","date_gmt":"2023-06-28T17:16:49","guid":{"rendered":"https:\/\/agria-zenithcropsciences.com\/?post_type=product&#038;p=7823\/"},"modified":"2023-06-28T20:18:45","modified_gmt":"2023-06-28T17:18:45","slug":"eltivis-5","status":"publish","type":"product","link":"https:\/\/agria-zenithcropsciences.com\/en\/product\/eltivis-5\/","title":{"rendered":"ELTIVIS\u00ae"},"content":{"rendered":"","protected":false},"excerpt":{"rendered":"<p>Szelekt\u00edv sziszt\u00e9m\u00e1s gyomirt\u00f3 szer az \u0151szi b\u00faza \u00e9s \u00e1rpa sz\u00e9leslevel\u0171 gyomok irt\u00e1s\u00e1ra<\/p>\n<p><strong>Hat\u00f3anyag megnevez\u00e9se, koncentr\u00e1ci\u00f3ja<\/strong><strong>: <\/strong>250 g\/l Fluroxipir<\/p>\n<p><strong>Szerforma<\/strong><strong>:<\/strong> emulzi\u00f3k\u00e9pz\u0151 koncentr\u00e1tum (EC)<\/p>\n","protected":false},"featured_media":7824,"comment_status":"closed","ping_status":"closed","template":"","meta":[],"product_brand":[],"product_cat":[327,325],"product_tag":[],"class_list":{"0":"post-7823","1":"product","2":"type-product","3":"status-publish","4":"has-post-thumbnail","6":"product_cat-herbicidek","7":"product_cat-termekek","9":"first","10":"instock","11":"shipping-taxable","12":"product-type-simple"},"_links":{"self":[{"href":"https:\/\/agria-zenithcropsciences.com\/en\/wp-json\/wp\/v2\/product\/7823","targetHints":{"allow":["GET"]}}],"collection":[{"href":"https:\/\/agria-zenithcropsciences.com\/en\/wp-json\/wp\/v2\/product"}],"about":[{"href":"https:\/\/agria-zenithcropsciences.com\/en\/wp-json\/wp\/v2\/types\/product"}],"replies":[{"embeddable":true,"href":"https:\/\/agria-zenithcropsciences.com\/en\/wp-json\/wp\/v2\/comments?post=7823"}],"wp:featuredmedia":[{"embeddable":true,"href":"https:\/\/agria-zenithcropsciences.com\/en\/wp-json\/wp\/v2\/media\/7824"}],"wp:attachment":[{"href":"https:\/\/agria-zenithcropsciences.com\/en\/wp-json\/wp\/v2\/media?parent=7823"}],"wp:term":[{"taxonomy":"product_brand","embeddable":true,"href":"https:\/\/agria-zenithcropsciences.com\/en\/wp-json\/wp\/v2\/product_brand?post=7823"},{"taxonomy":"product_cat","embeddable":true,"href":"https:\/\/agria-zenithcropsciences.com\/en\/wp-json\/wp\/v2\/product_cat?post=7823"},{"taxonomy":"product_tag","embeddable":true,"href":"https:\/\/agria-zenithcropsciences.com\/en\/wp-json\/wp\/v2\/product_tag?post=7823"}],"curies":[{"name":"wp","href":"https:\/\/api.w.org\/{rel}","templated":true}]}}