{"id":7890,"date":"2023-06-29T21:26:45","date_gmt":"2023-06-29T18:26:45","guid":{"rendered":"https:\/\/agria-zenithcropsciences.com\/?post_type=product&#038;p=7890\/"},"modified":"2023-06-29T21:29:35","modified_gmt":"2023-06-29T18:29:35","slug":"nasa-10","status":"publish","type":"product","link":"https:\/\/agria-zenithcropsciences.com\/en\/product\/nasa-10\/","title":{"rendered":"NASA\u00ae"},"content":{"rendered":"","protected":false},"excerpt":{"rendered":"<p>Pr\u00edpravok <strong>NASA\u00ae<\/strong> je \u0161irokospektr\u00e1lny listov\u00fd herbic\u00edd so syst\u00e9mov\u00fdm \u00fa\u010dinkom, ktor\u00fd \u00fa\u010dinkuje na listov\u00fa \u010das\u0165 cie\u013eovej rastliny aj s podzemn\u00fdmi kore\u0148mi. Inhibuje synt\u00e9zu aminokysel\u00edn. \u00da\u010dinok sa prejavuje v\u00e4dnut\u00edm, \u017eltnut\u00edm a nekr\u00f3zou.<\/p>\n<p><strong>\u00da\u010dinn\u00e1 l\u00e1tka:<\/strong> 360 g\/l Glyphosate<\/p>\n<p><strong>Typ zlo\u017eenia:<\/strong> riedenie vodou (SL)<\/p>\n","protected":false},"featured_media":7891,"comment_status":"closed","ping_status":"closed","template":"","meta":[],"product_brand":[],"product_cat":[383,381],"product_tag":[],"class_list":{"0":"post-7890","1":"product","2":"type-product","3":"status-publish","4":"has-post-thumbnail","6":"product_cat-herbicidy-es","7":"product_cat-products-slovakia-es","9":"first","10":"instock","11":"shipping-taxable","12":"product-type-simple"},"_links":{"self":[{"href":"https:\/\/agria-zenithcropsciences.com\/en\/wp-json\/wp\/v2\/product\/7890","targetHints":{"allow":["GET"]}}],"collection":[{"href":"https:\/\/agria-zenithcropsciences.com\/en\/wp-json\/wp\/v2\/product"}],"about":[{"href":"https:\/\/agria-zenithcropsciences.com\/en\/wp-json\/wp\/v2\/types\/product"}],"replies":[{"embeddable":true,"href":"https:\/\/agria-zenithcropsciences.com\/en\/wp-json\/wp\/v2\/comments?post=7890"}],"wp:featuredmedia":[{"embeddable":true,"href":"https:\/\/agria-zenithcropsciences.com\/en\/wp-json\/wp\/v2\/media\/7891"}],"wp:attachment":[{"href":"https:\/\/agria-zenithcropsciences.com\/en\/wp-json\/wp\/v2\/media?parent=7890"}],"wp:term":[{"taxonomy":"product_brand","embeddable":true,"href":"https:\/\/agria-zenithcropsciences.com\/en\/wp-json\/wp\/v2\/product_brand?post=7890"},{"taxonomy":"product_cat","embeddable":true,"href":"https:\/\/agria-zenithcropsciences.com\/en\/wp-json\/wp\/v2\/product_cat?post=7890"},{"taxonomy":"product_tag","embeddable":true,"href":"https:\/\/agria-zenithcropsciences.com\/en\/wp-json\/wp\/v2\/product_tag?post=7890"}],"curies":[{"name":"wp","href":"https:\/\/api.w.org\/{rel}","templated":true}]}}