{"id":7897,"date":"2023-06-29T21:32:06","date_gmt":"2023-06-29T18:32:06","guid":{"rendered":"https:\/\/agria-zenithcropsciences.com\/?post_type=product&#038;p=7897\/"},"modified":"2023-06-29T21:36:17","modified_gmt":"2023-06-29T18:36:17","slug":"eltivis-6","status":"publish","type":"product","link":"https:\/\/agria-zenithcropsciences.com\/en\/product\/eltivis-6\/","title":{"rendered":"ELTIVIS\u00ae"},"content":{"rendered":"","protected":false},"excerpt":{"rendered":"<p>Selektivni herbicid za zatiranje enoletnega \u0161irokolistnega plevela in nekaterih vrst ve\u010dletnega \u0161irokolistnega plevela v ozimni p\u0161enici in ozimnem je\u010dmenu, koruza in mak.<\/p>\n<p><strong>Vsebuje :<\/strong> 250 g\/l fluoroksipir<\/p>\n<p><strong>Vrsta formulacije :<\/strong> koncentrat za emulzijo (EC)<\/p>\n","protected":false},"featured_media":7904,"comment_status":"closed","ping_status":"closed","template":"","meta":[],"product_brand":[],"product_cat":[312,311],"product_tag":[],"class_list":{"0":"post-7897","1":"product","2":"type-product","3":"status-publish","4":"has-post-thumbnail","6":"product_cat-herbicidi-products-slovenia","7":"product_cat-products-slovenia","9":"first","10":"instock","11":"shipping-taxable","12":"product-type-simple"},"_links":{"self":[{"href":"https:\/\/agria-zenithcropsciences.com\/en\/wp-json\/wp\/v2\/product\/7897","targetHints":{"allow":["GET"]}}],"collection":[{"href":"https:\/\/agria-zenithcropsciences.com\/en\/wp-json\/wp\/v2\/product"}],"about":[{"href":"https:\/\/agria-zenithcropsciences.com\/en\/wp-json\/wp\/v2\/types\/product"}],"replies":[{"embeddable":true,"href":"https:\/\/agria-zenithcropsciences.com\/en\/wp-json\/wp\/v2\/comments?post=7897"}],"wp:featuredmedia":[{"embeddable":true,"href":"https:\/\/agria-zenithcropsciences.com\/en\/wp-json\/wp\/v2\/media\/7904"}],"wp:attachment":[{"href":"https:\/\/agria-zenithcropsciences.com\/en\/wp-json\/wp\/v2\/media?parent=7897"}],"wp:term":[{"taxonomy":"product_brand","embeddable":true,"href":"https:\/\/agria-zenithcropsciences.com\/en\/wp-json\/wp\/v2\/product_brand?post=7897"},{"taxonomy":"product_cat","embeddable":true,"href":"https:\/\/agria-zenithcropsciences.com\/en\/wp-json\/wp\/v2\/product_cat?post=7897"},{"taxonomy":"product_tag","embeddable":true,"href":"https:\/\/agria-zenithcropsciences.com\/en\/wp-json\/wp\/v2\/product_tag?post=7897"}],"curies":[{"name":"wp","href":"https:\/\/api.w.org\/{rel}","templated":true}]}}