{"id":8506,"date":"2024-02-28T17:07:56","date_gmt":"2024-02-28T15:07:56","guid":{"rendered":"https:\/\/agria-zenithcropsciences.com\/product\/golero-480-sc-shlem-480-sc\/"},"modified":"2024-02-28T17:24:51","modified_gmt":"2024-02-28T15:24:51","slug":"golero-480-sc-shlem-480-sc","status":"publish","type":"product","link":"https:\/\/agria-zenithcropsciences.com\/en\/product\/golero-480-sc-shlem-480-sc\/","title":{"rendered":"Golero\u00ae 480 SC \/ Shlem\u00ae 480 SC"},"content":{"rendered":"","protected":false},"excerpt":{"rendered":"<p><strong>Golero<sup>\u00ae<\/sup> 480 SC \/ Shlem<sup>\u00ae<\/sup> 480 SC <\/strong>\u00e9 um inseticida fisiol\u00f3gico inibidor da bioss\u00edntese de quitina indicado para o controle de pragas nas culturas de Algod\u00e3o e Soja. Atua principalmente por ingest\u00e3o.<\/p>\n<p><strong>COMPOSI\u00c7\u00c3O<\/strong><strong>: <\/strong>480 g\/l Diflubenzuron SC<\/p>\n<p><strong>TIPO DE FORMULA\u00c7\u00c3O: <\/strong>Suspens\u00e3o Concentrada (SC)<\/p>\n","protected":false},"featured_media":8504,"comment_status":"closed","ping_status":"closed","template":"","meta":[],"product_brand":[],"product_cat":[739,667],"product_tag":[],"class_list":{"0":"post-8506","1":"product","2":"type-product","3":"status-publish","4":"has-post-thumbnail","6":"product_cat-em-andamento-en","7":"product_cat-productos-brazil-en","9":"first","10":"instock","11":"shipping-taxable","12":"product-type-simple"},"_links":{"self":[{"href":"https:\/\/agria-zenithcropsciences.com\/en\/wp-json\/wp\/v2\/product\/8506","targetHints":{"allow":["GET"]}}],"collection":[{"href":"https:\/\/agria-zenithcropsciences.com\/en\/wp-json\/wp\/v2\/product"}],"about":[{"href":"https:\/\/agria-zenithcropsciences.com\/en\/wp-json\/wp\/v2\/types\/product"}],"replies":[{"embeddable":true,"href":"https:\/\/agria-zenithcropsciences.com\/en\/wp-json\/wp\/v2\/comments?post=8506"}],"wp:featuredmedia":[{"embeddable":true,"href":"https:\/\/agria-zenithcropsciences.com\/en\/wp-json\/wp\/v2\/media\/8504"}],"wp:attachment":[{"href":"https:\/\/agria-zenithcropsciences.com\/en\/wp-json\/wp\/v2\/media?parent=8506"}],"wp:term":[{"taxonomy":"product_brand","embeddable":true,"href":"https:\/\/agria-zenithcropsciences.com\/en\/wp-json\/wp\/v2\/product_brand?post=8506"},{"taxonomy":"product_cat","embeddable":true,"href":"https:\/\/agria-zenithcropsciences.com\/en\/wp-json\/wp\/v2\/product_cat?post=8506"},{"taxonomy":"product_tag","embeddable":true,"href":"https:\/\/agria-zenithcropsciences.com\/en\/wp-json\/wp\/v2\/product_tag?post=8506"}],"curies":[{"name":"wp","href":"https:\/\/api.w.org\/{rel}","templated":true}]}}