{"id":8571,"date":"2024-09-25T20:22:41","date_gmt":"2024-09-25T17:22:41","guid":{"rendered":"https:\/\/agria-zenithcropsciences.com\/product\/trepak-duo\/"},"modified":"2024-09-25T20:22:49","modified_gmt":"2024-09-25T17:22:49","slug":"trepak-duo","status":"publish","type":"product","link":"https:\/\/agria-zenithcropsciences.com\/en\/product\/trepak-duo\/","title":{"rendered":"TREPAK DUO"},"content":{"rendered":"","protected":false},"excerpt":{"rendered":"<p><strong>TREPAK DUO <\/strong>es un fungicida sist\u00e9mico de acci\u00f3n preventiva y curativa que combina la acci\u00f3n de dos ingredientes activos.<\/p>\n<p><strong>Cimoxanil:<\/strong> Posee acci\u00f3n preventiva y curativa, su modo de acci\u00f3n es sist\u00e9mico local (translaminar) y de contacto, inhibe la esporulaci\u00f3n. Inhibe el crecimiento micelial y la formaci\u00f3n del tubo germinativo, esporangios y zoosporas enquistadas.<br \/>\nPenetra r\u00e1pidamente al interior de la planta y es movilizado desde el punto de penetraci\u00f3n hacia arriba (movimiento acrop\u00e9talo). <\/p>\n<p><strong>Propamocarb:<\/strong> Es un fungicida sist\u00e9mico con acci\u00f3n preventiva y curativa, el cual se absorbe por las ra\u00edces y las hojas de las plantas tratadas. Afecta la permeabilidad de la membrana celular con la consiguiente p\u00e9rdida de los constituyentes celulares. Provoca la acumulaci\u00f3n de un \u00e1cido degenerativo inusual que afecta el crecimiento del hongo. Su actividad sist\u00e9mica hace que el producto se trasloque dentro de la planta y que se absorba por ra\u00edces.<\/p>\n<p>Esta asociaci\u00f3n de dos principios activos resulta muy adecuada para disminuir la aparici\u00f3n de razas resistentes en las enfermedades indicadas<\/p>\n<p><strong>Composici\u00f3n:<\/strong> Propamocarb clorhidrato 400 g\/L + Cimoxanil 50 g\/L<\/p>\n<p><strong>Formulado como:<\/strong> Suspensi\u00f3n Concentrada (SC)<\/p>\n","protected":false},"featured_media":8569,"comment_status":"closed","ping_status":"closed","template":"","meta":[],"product_brand":[],"product_cat":[456,457],"product_tag":[],"class_list":{"0":"post-8571","1":"product","2":"type-product","3":"status-publish","4":"has-post-thumbnail","6":"product_cat-fungicida-en","7":"product_cat-products-argentina-en","9":"first","10":"instock","11":"shipping-taxable","12":"product-type-simple"},"_links":{"self":[{"href":"https:\/\/agria-zenithcropsciences.com\/en\/wp-json\/wp\/v2\/product\/8571","targetHints":{"allow":["GET"]}}],"collection":[{"href":"https:\/\/agria-zenithcropsciences.com\/en\/wp-json\/wp\/v2\/product"}],"about":[{"href":"https:\/\/agria-zenithcropsciences.com\/en\/wp-json\/wp\/v2\/types\/product"}],"replies":[{"embeddable":true,"href":"https:\/\/agria-zenithcropsciences.com\/en\/wp-json\/wp\/v2\/comments?post=8571"}],"wp:featuredmedia":[{"embeddable":true,"href":"https:\/\/agria-zenithcropsciences.com\/en\/wp-json\/wp\/v2\/media\/8569"}],"wp:attachment":[{"href":"https:\/\/agria-zenithcropsciences.com\/en\/wp-json\/wp\/v2\/media?parent=8571"}],"wp:term":[{"taxonomy":"product_brand","embeddable":true,"href":"https:\/\/agria-zenithcropsciences.com\/en\/wp-json\/wp\/v2\/product_brand?post=8571"},{"taxonomy":"product_cat","embeddable":true,"href":"https:\/\/agria-zenithcropsciences.com\/en\/wp-json\/wp\/v2\/product_cat?post=8571"},{"taxonomy":"product_tag","embeddable":true,"href":"https:\/\/agria-zenithcropsciences.com\/en\/wp-json\/wp\/v2\/product_tag?post=8571"}],"curies":[{"name":"wp","href":"https:\/\/api.w.org\/{rel}","templated":true}]}}