{"id":1848,"date":"2017-05-10T12:01:44","date_gmt":"2017-05-10T09:01:44","guid":{"rendered":"https:\/\/agria-zenithcropsciences.com\/our-mission\/"},"modified":"2017-11-01T14:23:07","modified_gmt":"2017-11-01T12:23:07","slug":"nuestra-mision","status":"publish","type":"page","link":"https:\/\/agria-zenithcropsciences.com\/es\/nuestra-mision\/","title":{"rendered":"Nuestra Misi\u00f3n"},"content":{"rendered":"<div class=\"wpb-content-wrapper\"><p>[vc_row full_width=\u00bbstretch_row\u00bb css=\u00bb.vc_custom_1494421877871{padding-top: 80px !important;padding-bottom: 80px !important;background-image: url(https:\/\/agria-zenithcropsciences.com\/wp-content\/uploads\/2017\/05\/bread-2.jpg?id=664) !important;background-position: center !important;background-repeat: no-repeat !important;background-size: cover !important;}\u00bb][vc_column]<div id=\"ultimate-heading-641669dfcdbe114c0\" class=\"uvc-heading ult-adjust-bottom-margin ultimate-heading-641669dfcdbe114c0 uvc-2714 \" data-hspacer=\"line_with_icon\" data-hline_width=\"150\" data-hicon_type=\"selector\" data-hborder_style=\"solid\" data-hborder_height=\"1\" data-hborder_color=\"rgba(206,206,206,0.39)\" data-icon_width=\"32\" data-hfixer=\"10\"  data-halign=\"center\" style=\"text-align:center\"><div class=\"uvc-main-heading ult-responsive\"  data-ultimate-target='.uvc-heading.ultimate-heading-641669dfcdbe114c0 h1'  data-responsive-json-new='{\"font-size\":\"desktop:30px;\",\"line-height\":\"\"}' ><h1 style=\"font-weight:normal;color:#ffffff;\">NUESTRA MISI\u00d3N<\/h1><\/div><div class=\"uvc-heading-spacer line_with_icon\" style=\"topheight:32px;\"><div class=\"ult-just-icon-wrapper  \"><div class=\"align-icon\" style=\"text-align:center;\">\n<div class=\"aio-icon none \"  style=\"color:rgba(219,242,188,0.41);font-size:32px;display:inline-block;\">\n\t<i class=\"Defaults-leaf\"><\/i>\n<\/div><\/div><\/div><\/div><div class=\"uvc-sub-heading ult-responsive\"  data-ultimate-target='.uvc-heading.ultimate-heading-641669dfcdbe114c0 .uvc-sub-heading '  data-responsive-json-new='{\"font-size\":\"desktop:20px;\",\"line-height\":\"\"}'  style=\"font-weight:normal;color:#ffffff;\">Agria SA es el \u00fanico productor b\u00falgaro de productos fitosanitarios.<\/div><\/div>[\/vc_column][\/vc_row][vc_row][vc_column][vc_column_text]Agria S.A. es el \u00fanico productor b\u00falgaro de productos fitosanitarios. Nosotros colocamos la calidad, la protecci\u00f3n del medio ambiente y las condiciones de trabajo seguras y saludables de nuestros empleados entre nuestras principales prioridades en respuesta a la tendencia global de la sociedad contempor\u00e1nea hacia el logro del desarrollo sostenible.<\/p>\n<p>Agria S.A. siempre ofrece productos y servicios de calidad que cumplen con los altos requisitos y expectativas de nuestros clientes.<\/p>\n<p>El Consejo de Administraci\u00f3n y todos los empleados de la empresa participan activamente en el proceso de mantenimiento y gesti\u00f3n de la calidad.<\/p>\n<p>Con el fin de satisfacer a nuestros clientes y socios, nos comprometemos a establecer y desarrollar el ya introducido Sistema Integrado de Gesti\u00f3n de Calidad y a mejorar continuamente nuestra actividad y organizaci\u00f3n\u00a0[\/vc_column_text][\/vc_column][\/vc_row]<\/p>\n<\/div>","protected":false},"excerpt":{"rendered":"<p>[vc_row full_width=\u00bbstretch_row\u00bb css=\u00bb.vc_custom_1494421877871{padding-top: 80px !important;padding-bottom: 80px !important;background-image: url(https:\/\/agria-zenithcropsciences.com\/wp-content\/uploads\/2017\/05\/bread-2.jpg?id=664) !important;background-position: center !important;background-repeat: no-repeat !important;background-size: cover !important;}\u00bb][vc_column][\/vc_column][\/vc_row][vc_row][vc_column][vc_column_text]Agria S.A. es el \u00fanico productor b\u00falgaro de productos fitosanitarios. Nosotros colocamos la calidad, la protecci\u00f3n del medio ambiente y las condiciones de trabajo seguras y saludables de nuestros empleados entre nuestras principales prioridades en respuesta a la tendencia global de [&hellip;]<\/p>\n","protected":false},"author":3,"featured_media":0,"parent":0,"menu_order":0,"comment_status":"closed","ping_status":"closed","template":"","meta":{"footnotes":""},"class_list":["post-1848","page","type-page","status-publish","hentry"],"_links":{"self":[{"href":"https:\/\/agria-zenithcropsciences.com\/es\/wp-json\/wp\/v2\/pages\/1848","targetHints":{"allow":["GET"]}}],"collection":[{"href":"https:\/\/agria-zenithcropsciences.com\/es\/wp-json\/wp\/v2\/pages"}],"about":[{"href":"https:\/\/agria-zenithcropsciences.com\/es\/wp-json\/wp\/v2\/types\/page"}],"author":[{"embeddable":true,"href":"https:\/\/agria-zenithcropsciences.com\/es\/wp-json\/wp\/v2\/users\/3"}],"replies":[{"embeddable":true,"href":"https:\/\/agria-zenithcropsciences.com\/es\/wp-json\/wp\/v2\/comments?post=1848"}],"version-history":[{"count":4,"href":"https:\/\/agria-zenithcropsciences.com\/es\/wp-json\/wp\/v2\/pages\/1848\/revisions"}],"predecessor-version":[{"id":1854,"href":"https:\/\/agria-zenithcropsciences.com\/es\/wp-json\/wp\/v2\/pages\/1848\/revisions\/1854"}],"wp:attachment":[{"href":"https:\/\/agria-zenithcropsciences.com\/es\/wp-json\/wp\/v2\/media?parent=1848"}],"curies":[{"name":"wp","href":"https:\/\/api.w.org\/{rel}","templated":true}]}}