{"id":1938,"date":"2016-06-20T07:48:11","date_gmt":"2016-06-20T07:48:11","guid":{"rendered":"https:\/\/agria-zenithcropsciences.com\/home\/"},"modified":"2024-10-18T14:16:12","modified_gmt":"2024-10-18T11:16:12","slug":"home","status":"publish","type":"page","link":"https:\/\/agria-zenithcropsciences.com\/es\/","title":{"rendered":"Home"},"content":{"rendered":"<div class=\"wpb-content-wrapper\"><p>[vc_row full_width=\u00bbstretch_row\u00bb wrap_container=\u00bbyes\u00bb][vc_column][vc_empty_space]<div id=\"ultimate-heading-865969d0a17256dca\" class=\"uvc-heading ult-adjust-bottom-margin ultimate-heading-865969d0a17256dca uvc-5242 \" data-hspacer=\"no_spacer\"  data-halign=\"center\" style=\"text-align:center\"><div class=\"uvc-heading-spacer no_spacer\" style=\"top\"><\/div><div class=\"uvc-main-heading ult-responsive\"  data-ultimate-target='.uvc-heading.ultimate-heading-865969d0a17256dca h2'  data-responsive-json-new='{\"font-size\":\"\",\"line-height\":\"\"}' ><h2 style=\"font-weight:normal;\">PRODUCTOS<\/h2><\/div><div class=\"uvc-sub-heading ult-responsive\"  data-ultimate-target='.uvc-heading.ultimate-heading-865969d0a17256dca .uvc-sub-heading '  data-responsive-json-new='{\"font-size\":\"\",\"line-height\":\"\"}'  style=\"font-weight:normal;\">que cumplen con los altos requerimientos y expectativas de nuestros clientes<\/div><\/div>[vc_empty_space height=\u00bb12px\u00bb][\/vc_column][\/vc_row][vc_row full_width=\u00bbstretch_row_content\u00bb wrap_container=\u00bbyes\u00bb][vc_column]<div class=\"woocommerce columns-3\"><ul class=\"products products-container grid has-ccols has-ccols-spacing ccols-xl-3 ccols-lg-3 ccols-md-3 ccols-sm-2 ccols-2 pwidth-lg-3 pwidth-md-3 pwidth-xs-2 pwidth-ls-1 is-shortcode\"\r\n\t data-product_layout=\"product-default\" role=\"none\">\r\n\r\n<li role=\"none\" class=\"product-category product-col\">\r\n\t\t\t<a href=\"https:\/\/agria-zenithcropsciences.com\/es\/produkt-kategoriya\/insecticidas\/\" aria-label=\"Go to category page\">\r\n\t\t<div class=\"thumb-info \">\r\n\t\t\t\t\t\t\t\t\t<div class=\"thumb-info-wrapper\">\r\n\t\t\t\t\t<img loading=\"lazy\" decoding=\"async\" src=\"https:\/\/agria-zenithcropsciences.com\/wp-content\/uploads\/2017\/11\/insecticidas-400x300.jpg\" alt=\"Insecticidas\" width=\"400\" height=\"300\" \/>\t\t\t\t<\/div>\r\n\t\t\t\t\t\t\t\t\t\t\t\t\t<div class=\"thumb-info-wrap\">\r\n\t\t\t\t\t<div class=\"thumb-info-title\">\r\n\t\t\t\t\t\t\t\t\t\t\t\t\t\t\t\t<h3 class=\"sub-title thumb-info-inner\">Insecticidas<\/h3>\r\n\t\t\t\t\t\t\t\t\t\t\t\t\t\t\t\t\t\t<span class=\"thumb-info-type\">\r\n\t\t\t\t\t\t\t\t\t\t\t\t\t\t\t\t <mark class=\"count\">4<\/mark> productos\t\t\t\t\t\t\t<\/span>\r\n\t\t\t\t\t\t\t\t\t\t\t\t\t\t\t\t\t\t\t<\/div>\r\n\t\t\t\t<\/div>\r\n\t\t\t\t\t<\/div>\r\n\t<\/a>\r\n\r\n\t\r\n\t<\/li>\r\n\r\n<li role=\"none\" class=\"product-category product-col\">\r\n\t\t\t<a href=\"https:\/\/agria-zenithcropsciences.com\/es\/produkt-kategoriya\/herbicidas-es\/\" aria-label=\"Go to category page\">\r\n\t\t<div class=\"thumb-info \">\r\n\t\t\t\t\t\t\t\t\t<div class=\"thumb-info-wrapper\">\r\n\t\t\t\t\t<img loading=\"lazy\" decoding=\"async\" src=\"https:\/\/agria-zenithcropsciences.com\/wp-content\/uploads\/2017\/11\/herbicidas-400x300.jpg\" alt=\"Herbicidas\" width=\"400\" height=\"300\" \/>\t\t\t\t<\/div>\r\n\t\t\t\t\t\t\t\t\t\t\t\t\t<div class=\"thumb-info-wrap\">\r\n\t\t\t\t\t<div class=\"thumb-info-title\">\r\n\t\t\t\t\t\t\t\t\t\t\t\t\t\t\t\t<h3 class=\"sub-title thumb-info-inner\">Herbicidas<\/h3>\r\n\t\t\t\t\t\t\t\t\t\t\t\t\t\t\t\t\t\t<span class=\"thumb-info-type\">\r\n\t\t\t\t\t\t\t\t\t\t\t\t\t\t\t\t <mark class=\"count\">9<\/mark> productos\t\t\t\t\t\t\t<\/span>\r\n\t\t\t\t\t\t\t\t\t\t\t\t\t\t\t\t\t\t\t<\/div>\r\n\t\t\t\t<\/div>\r\n\t\t\t\t\t<\/div>\r\n\t<\/a>\r\n\r\n\t\r\n\t<\/li>\r\n\r\n<li role=\"none\" class=\"product-category product-col\">\r\n\t\t\t<a href=\"https:\/\/agria-zenithcropsciences.com\/es\/produkt-kategoriya\/fungicidas-es\/\" aria-label=\"Go to category page\">\r\n\t\t<div class=\"thumb-info \">\r\n\t\t\t\t\t\t\t\t\t<div class=\"thumb-info-wrapper\">\r\n\t\t\t\t\t<img loading=\"lazy\" decoding=\"async\" src=\"https:\/\/agria-zenithcropsciences.com\/wp-content\/uploads\/2017\/11\/fungicidas-400x300.jpg\" alt=\"Fungicidas\" width=\"400\" height=\"300\" \/>\t\t\t\t<\/div>\r\n\t\t\t\t\t\t\t\t\t\t\t\t\t<div class=\"thumb-info-wrap\">\r\n\t\t\t\t\t<div class=\"thumb-info-title\">\r\n\t\t\t\t\t\t\t\t\t\t\t\t\t\t\t\t<h3 class=\"sub-title thumb-info-inner\">Fungicidas<\/h3>\r\n\t\t\t\t\t\t\t\t\t\t\t\t\t\t\t\t\t\t<span class=\"thumb-info-type\">\r\n\t\t\t\t\t\t\t\t\t\t\t\t\t\t\t\t <mark class=\"count\">7<\/mark> productos\t\t\t\t\t\t\t<\/span>\r\n\t\t\t\t\t\t\t\t\t\t\t\t\t\t\t\t\t\t\t<\/div>\r\n\t\t\t\t<\/div>\r\n\t\t\t\t\t<\/div>\r\n\t<\/a>\r\n\r\n\t\r\n\t<\/li>\r\n\r\n<li role=\"none\" class=\"product-category product-col\">\r\n\t\t\t<a href=\"https:\/\/agria-zenithcropsciences.com\/es\/produkt-kategoriya\/biocidas\/\" aria-label=\"Go to category page\">\r\n\t\t<div class=\"thumb-info \">\r\n\t\t\t\t\t\t\t\t\t<div class=\"thumb-info-wrapper\">\r\n\t\t\t\t\t<img loading=\"lazy\" decoding=\"async\" src=\"https:\/\/agria-zenithcropsciences.com\/wp-content\/uploads\/2017\/11\/biocidas-400x300.jpg\" alt=\"Biocidas\" width=\"400\" height=\"300\" \/>\t\t\t\t<\/div>\r\n\t\t\t\t\t\t\t\t\t\t\t\t\t<div class=\"thumb-info-wrap\">\r\n\t\t\t\t\t<div class=\"thumb-info-title\">\r\n\t\t\t\t\t\t\t\t\t\t\t\t\t\t\t\t<h3 class=\"sub-title thumb-info-inner\">Biocidas<\/h3>\r\n\t\t\t\t\t\t\t\t\t\t\t\t\t\t\t\t\t\t<span class=\"thumb-info-type\">\r\n\t\t\t\t\t\t\t\t\t\t\t\t\t\t\t\t <mark class=\"count\">3<\/mark> productos\t\t\t\t\t\t\t<\/span>\r\n\t\t\t\t\t\t\t\t\t\t\t\t\t\t\t\t\t\t\t<\/div>\r\n\t\t\t\t<\/div>\r\n\t\t\t\t\t<\/div>\r\n\t<\/a>\r\n\r\n\t\r\n\t<\/li>\r\n\r\n<li role=\"none\" class=\"product-category product-col\">\r\n\t\t\t<a href=\"https:\/\/agria-zenithcropsciences.com\/es\/produkt-kategoriya\/adyuvantes\/\" aria-label=\"Go to category page\">\r\n\t\t<div class=\"thumb-info \">\r\n\t\t\t\t\t\t\t\t\t<div class=\"thumb-info-wrapper\">\r\n\t\t\t\t\t<img loading=\"lazy\" decoding=\"async\" src=\"https:\/\/agria-zenithcropsciences.com\/wp-content\/uploads\/2017\/11\/adjuvanti.jpg\" alt=\"Adyuvantes\" width=\"400\" height=\"300\" \/>\t\t\t\t<\/div>\r\n\t\t\t\t\t\t\t\t\t\t\t\t\t<div class=\"thumb-info-wrap\">\r\n\t\t\t\t\t<div class=\"thumb-info-title\">\r\n\t\t\t\t\t\t\t\t\t\t\t\t\t\t\t\t<h3 class=\"sub-title thumb-info-inner\">Adyuvantes<\/h3>\r\n\t\t\t\t\t\t\t\t\t\t\t\t\t\t\t\t\t\t<span class=\"thumb-info-type\">\r\n\t\t\t\t\t\t\t\t\t\t\t\t\t\t\t\t <mark class=\"count\">5<\/mark> productos\t\t\t\t\t\t\t<\/span>\r\n\t\t\t\t\t\t\t\t\t\t\t\t\t\t\t\t\t\t\t<\/div>\r\n\t\t\t\t<\/div>\r\n\t\t\t\t\t<\/div>\r\n\t<\/a>\r\n\r\n\t\r\n\t<\/li>\r\n\r\n<li role=\"none\" class=\"product-category product-col\">\r\n\t\t\t<a href=\"https:\/\/agria-zenithcropsciences.com\/es\/produkt-kategoriya\/abonos-foliares\/\" aria-label=\"Go to category page\">\r\n\t\t<div class=\"thumb-info \">\r\n\t\t\t\t\t\t\t\t\t<div class=\"thumb-info-wrapper\">\r\n\t\t\t\t\t<img loading=\"lazy\" decoding=\"async\" src=\"https:\/\/agria-zenithcropsciences.com\/wp-content\/uploads\/2017\/11\/torove.jpg\" alt=\"Abonos foliares\" width=\"400\" height=\"300\" \/>\t\t\t\t<\/div>\r\n\t\t\t\t\t\t\t\t\t\t\t\t\t<div class=\"thumb-info-wrap\">\r\n\t\t\t\t\t<div class=\"thumb-info-title\">\r\n\t\t\t\t\t\t\t\t\t\t\t\t\t\t\t\t<h3 class=\"sub-title thumb-info-inner\">Abonos foliares<\/h3>\r\n\t\t\t\t\t\t\t\t\t\t\t\t\t\t\t\t\t\t<span class=\"thumb-info-type\">\r\n\t\t\t\t\t\t\t\t\t\t\t\t\t\t\t\t <mark class=\"count\">14<\/mark> productos\t\t\t\t\t\t\t<\/span>\r\n\t\t\t\t\t\t\t\t\t\t\t\t\t\t\t\t\t\t\t<\/div>\r\n\t\t\t\t<\/div>\r\n\t\t\t\t\t<\/div>\r\n\t<\/a>\r\n\r\n\t\r\n\t<\/li>\r\n<\/ul>\r\n<\/div>[vc_raw_html]JTNDZGl2JTIwc3R5bGUlM0QlMjJkaXNwbGF5JTNBJTIwZmxleCUzQiUyMGp1c3RpZnktY29udGVudCUzQSUyMGNlbnRlciUzQiUyMiUzRSUwQSUzQ2RpdiUyMGNsYXNzJTNEJTIydGh1bWItaW5mbyUyMiUyMHN0eWxlJTNEJTIyd2lkdGglM0E0MDBweCUyMiUzRSUwQSUwOSUzQ2RpdiUyMGNsYXNzJTNEJTIydGh1bWItaW5mby13cmFwcGVyJTIyJTNFJTBBJTA5JTA5JTNDaW1nJTIwc3JjJTNEJTIyaHR0cHMlM0ElMkYlMkZhZ3JpYS5iZyUyRmNhdGFsb2clMkZiYXJjb2RlLmdpZiUyMiUyMGFsdCUzRCUyMjQwJTIwRklIQVYlMjAyMDI0JTIyJTIwd2lkdGglM0QlMjI0MDAlMjIlMjBoZWlnaHQlM0QlMjIzMDAlMjIlM0UlMEElMDklM0MlMkZkaXYlM0UlMEElM0MlMkZkaXYlM0UlMEElM0MlMkZkaXYlM0U=[\/vc_raw_html][\/vc_column][\/vc_row][vc_row full_width=\u00bbstretch_row_content_no_spaces\u00bb css=\u00bb.vc_custom_1495219508153{margin-bottom: -35px !important;}\u00bb][vc_column][vc_single_image image=\u00bb1957&#8243; img_size=\u00bbfull\u00bb][\/vc_column][\/vc_row][vc_row full_width=\u00bbstretch_row\u00bb wrap_container=\u00bbyes\u00bb el_class=\u00bbhome-intro\u00bb][vc_column width=\u00bb2\/3&#8243;][vc_column_text el_class=\u00bbm-b-none\u00bb]<strong>Agria SA es el \u00fanico productor b\u00falgaro de <em>productos fitosanitarios<\/em>.<\/strong>[\/vc_column_text][\/vc_column][vc_column width=\u00bb1\/3&#8243; el_class=\u00bbget-started\u00bb][vc_btn title=\u00bbQUIEN SOMOS\u00bb size=\u00bblg\u00bb skin=\u00bbprimary\u00bb link=\u00bburl:https%3A%2F%2Fagria-zenithcropsciences.com%2F%25d0%25b7%25d0%25b0-%25d0%25bd%25d0%25b0%25d1%2581%2F|||\u00bb el_class=\u00bbm-b-none\u00bb][vc_column_text el_class=\u00bbm-b-none learn-more\u00bb]<a href=\"https:\/\/agria-zenithcropsciences.com\/es\/quien-somos\/\">Ver m\u00e1s<\/a>.[\/vc_column_text][\/vc_column][\/vc_row][vc_row full_width=\u00bbstretch_row\u00bb wrap_container=\u00bbyes\u00bb css=\u00bb.vc_custom_1495122217512{margin-bottom: -35px !important;}\u00bb][vc_column][vc_empty_space][vc_custom_heading text=\u00bb\u00daltimas <strong> noticias<\/strong>\u00bb font_container=\u00bbtag:h3|text_align:center\u00bb use_theme_fonts=\u00bbyes\u00bb]<div class=\"porto-recent-posts wpb_content_element  wpb_custom_8d967c2e2658a31efb9fd37ae26ff686\">\t<div class=\"post-carousel porto-carousel owl-carousel has-ccols ccols-1 ccols-lg-5 ccols-md-3 ccols-sm-2 has-ccols-spacing\" data-plugin-options=\"{&quot;themeConfig&quot;:true,&quot;lg&quot;:5,&quot;md&quot;:3,&quot;sm&quot;:2,&quot;margin&quot;:30}\">\r\n\t\t<div class=\"post-slide\">\r\n<div class=\"post-item style-2\">\r\n\t\t\t<div class=\"post-recent-main\">\r\n\t<!-- Post meta before content -->\r\n\t\t<div class=\"post-recent-content\"> \r\n\t\t<h5> <a class=\"text-dark\" href=\"https:\/\/agria-zenithcropsciences.com\/es\/2023\/10\/04\/%d1%83%d0%b2%d0%b5%d0%b4%d0%be%d0%bc%d1%8f%d0%b2%d0%b0%d0%bc%d0%b5-%d0%b2%d0%b8-%d1%87%d0%b5-%d0%b0%d0%b3%d1%80%d0%b8%d1%8f-%d0%b0%d0%b4-%d0%b8%d0%bc%d0%b0-%d1%81%d0%bb%d0%b5%d0%b4\/\">\r\n\t\t\u0423\u0432\u0435\u0434\u043e\u043c\u044f\u0432\u0430\u043c\u0435 \u0412\u0438, \u0447\u0435 \u201e\u0410\u0433\u0440\u0438\u044f\u201c \u0410\u0414 \u0438\u043c\u0430 \u0441\u043b\u0435\u0434\u043d\u043e\u0442\u043e \u0418\u043d\u0432\u0435\u0441\u0442\u0438\u0446\u0438\u043e\u043d\u043d\u043e \u043d\u0430\u043c\u0435\u0440\u0435\u043d\u0438\u0435: \u041f\u0420\u041e\u041c\u042f\u041d\u0410 \u0412 \u041f\u041e\u041b\u0417\u0412\u0410\u041d\u0418\u0422\u0415 \u041e\u041f\u0410\u0421\u041d\u0418 \u0421\u0423\u0420\u041e\u0412\u0418\u041d\u0418\t\t<\/a> <\/h5>\r\n\t\t<p class=\"post-excerpt\">\u0423\u0432\u0435\u0434\u043e\u043c\u044f\u0432\u0430\u043c\u0435 \u0412\u0438, \u0447\u0435 \u201e\u0410\u0433\u0440\u0438\u044f\u201c...<\/p>\t<\/div>\r\n\t<!-- Post meta after content -->\r\n\t\r\n<div class=\"post-meta \">\r\n\t\t\t\t\r\n\t\r\n\t<\/div>\r\n\t<\/div>\r\n<\/div>\r\n<\/div><div class=\"post-slide\">\r\n<div class=\"post-item style-2\">\r\n\t\t\t<a aria-label=\"Go to post page\" href=\"https:\/\/agria-zenithcropsciences.com\/es\/2016\/09\/01\/jornada-de-informacion-de-agria-sa\/\"> <span class=\"post-image thumb-info thumb-info-lighten thumb-info-no-borders m-b-md\"> <span class=\"thumb-info-wrapper\"> <img loading=\"lazy\" decoding=\"async\" class=\"img-responsive\" width=\"450\" height=\"231\" src=\"https:\/\/agria-zenithcropsciences.com\/wp-content\/uploads\/2016\/09\/post-5-450x231.jpg\" alt=\"\" \/>\r\n\t\t\t<span class=\"zoom\" data-src=\"https:\/\/agria-zenithcropsciences.com\/wp-content\/uploads\/2016\/09\/post-5.jpg\" data-title=\"\"><i class=\"fas fa-search\"><\/i><\/span>\r\n\t\t<\/span> <\/span> <\/a>\r\n\t\t<div class=\"post-recent-main\">\r\n\t<!-- Post meta before content -->\r\n\t\t<div class=\"post-recent-content\"> \r\n\t\t<h5> <a class=\"text-dark\" href=\"https:\/\/agria-zenithcropsciences.com\/es\/2016\/09\/01\/jornada-de-informacion-de-agria-sa\/\">\r\n\t\tJornada de informaci\u00f3n de AGRIA SA bajo proyecto BG16rfOP002-2.001-0912-C01 \/ 09.02.2016\t\t<\/a> <\/h5>\r\n\t\t<p class=\"post-excerpt\">[vc_row][vc_column][vc_column_text]Invitados a asistir a...<\/p>\t<\/div>\r\n\t<!-- Post meta after content -->\r\n\t\r\n<div class=\"post-meta \">\r\n\t\t\t\t\r\n\t\r\n\t<\/div>\r\n\t<\/div>\r\n<\/div>\r\n<\/div><div class=\"post-slide\">\r\n<div class=\"post-item style-2\">\r\n\t\t\t<a aria-label=\"Go to post page\" href=\"https:\/\/agria-zenithcropsciences.com\/es\/2016\/04\/20\/agria-sa-documentacion-de-licitacion\/\"> <span class=\"post-image thumb-info thumb-info-lighten thumb-info-no-borders m-b-md\"> <span class=\"thumb-info-wrapper\"> <img loading=\"lazy\" decoding=\"async\" class=\"img-responsive\" width=\"450\" height=\"231\" src=\"https:\/\/agria-zenithcropsciences.com\/wp-content\/uploads\/2016\/04\/post-7-450x231.jpg\" alt=\"\" \/>\r\n\t\t\t<span class=\"zoom\" data-src=\"https:\/\/agria-zenithcropsciences.com\/wp-content\/uploads\/2016\/04\/post-7.jpg\" data-title=\"\"><i class=\"fas fa-search\"><\/i><\/span>\r\n\t\t<\/span> <\/span> <\/a>\r\n\t\t<div class=\"post-recent-main\">\r\n\t<!-- Post meta before content -->\r\n\t\t<div class=\"post-recent-content\"> \r\n\t\t<h5> <a class=\"text-dark\" href=\"https:\/\/agria-zenithcropsciences.com\/es\/2016\/04\/20\/agria-sa-documentacion-de-licitacion\/\">\r\n\t\tAGRIA SA, documentaci\u00f3n de licitaci\u00f3n para el procedimiento \u00abSelecci\u00f3n por invitaci\u00f3n p\u00fablica\u00bb, objeto \u00abSuministro de equipo: planta de granulaci\u00f3n en lecho fluido\u00bb.\t\t<\/a> <\/h5>\r\n\t\t<p class=\"post-excerpt\">[vc_row][vc_column][vc_column_text]Documentos de Licitaci\u00f3n para...<\/p>\t<\/div>\r\n\t<!-- Post meta after content -->\r\n\t\r\n<div class=\"post-meta \">\r\n\t\t\t\t\r\n\t\r\n\t<\/div>\r\n\t<\/div>\r\n<\/div>\r\n<\/div><div class=\"post-slide\">\r\n<div class=\"post-item style-2\">\r\n\t\t\t<a aria-label=\"Go to post page\" href=\"https:\/\/agria-zenithcropsciences.com\/es\/2016\/03\/01\/la-aplicacion-de-un-proyecto-en-los-marcos-del-opic\/\"> <span class=\"post-image thumb-info thumb-info-lighten thumb-info-no-borders m-b-md\"> <span class=\"thumb-info-wrapper\"> <img loading=\"lazy\" decoding=\"async\" class=\"img-responsive\" width=\"450\" height=\"231\" src=\"https:\/\/agria-zenithcropsciences.com\/wp-content\/uploads\/2016\/03\/post-4-450x231.jpg\" alt=\"\" \/>\r\n\t\t\t<span class=\"zoom\" data-src=\"https:\/\/agria-zenithcropsciences.com\/wp-content\/uploads\/2016\/03\/post-4.jpg\" data-title=\"\"><i class=\"fas fa-search\"><\/i><\/span>\r\n\t\t<\/span> <\/span> <\/a>\r\n\t\t<div class=\"post-recent-main\">\r\n\t<!-- Post meta before content -->\r\n\t\t<div class=\"post-recent-content\"> \r\n\t\t<h5> <a class=\"text-dark\" href=\"https:\/\/agria-zenithcropsciences.com\/es\/2016\/03\/01\/la-aplicacion-de-un-proyecto-en-los-marcos-del-opic\/\">\r\n\t\tla aplicaci\u00f3n de un proyecto en los marcos del OPIC 2014-2020\t\t<\/a> <\/h5>\r\n\t\t<p class=\"post-excerpt\">[vc_row][vc_column][vc_column_text]La empresa \"Agria\" SA...<\/p>\t<\/div>\r\n\t<!-- Post meta after content -->\r\n\t\r\n<div class=\"post-meta \">\r\n\t\t\t\t\r\n\t\r\n\t<\/div>\r\n\t<\/div>\r\n<\/div>\r\n<\/div><div class=\"post-slide\">\r\n<div class=\"post-item style-2\">\r\n\t\t\t<a aria-label=\"Go to post page\" href=\"https:\/\/agria-zenithcropsciences.com\/es\/2012\/06\/14\/el-13-06-2012-agria-sa-adquirio-unipest-control-ltd\/\"> <span class=\"post-image thumb-info thumb-info-lighten thumb-info-no-borders m-b-md\"> <span class=\"thumb-info-wrapper\"> <img loading=\"lazy\" decoding=\"async\" class=\"img-responsive\" width=\"450\" height=\"231\" src=\"https:\/\/agria-zenithcropsciences.com\/wp-content\/uploads\/2012\/06\/post-3-450x231.jpg\" alt=\"\" \/>\r\n\t\t\t<span class=\"zoom\" data-src=\"https:\/\/agria-zenithcropsciences.com\/wp-content\/uploads\/2012\/06\/post-3.jpg\" data-title=\"\"><i class=\"fas fa-search\"><\/i><\/span>\r\n\t\t<\/span> <\/span> <\/a>\r\n\t\t<div class=\"post-recent-main\">\r\n\t<!-- Post meta before content -->\r\n\t\t<div class=\"post-recent-content\"> \r\n\t\t<h5> <a class=\"text-dark\" href=\"https:\/\/agria-zenithcropsciences.com\/es\/2012\/06\/14\/el-13-06-2012-agria-sa-adquirio-unipest-control-ltd\/\">\r\n\t\tEl 13.06.2012 AGRIA SA adquiri\u00f3 unipest control LTD\t\t<\/a> <\/h5>\r\n\t\t<p class=\"post-excerpt\">[vc_row][vc_column][vc_column_text]La empresa ofrece una...<\/p>\t<\/div>\r\n\t<!-- Post meta after content -->\r\n\t\r\n<div class=\"post-meta \">\r\n\t\t\t\t\r\n\t\r\n\t<\/div>\r\n\t<\/div>\r\n<\/div>\r\n<\/div>\t<\/div>\r\n\t<\/div>[\/vc_column][\/vc_row][vc_row full_width=\u00bbstretch_row_content_no_spaces\u00bb css=\u00bb.vc_custom_1495117333007{margin-bottom: -35px !important;}\u00bb][vc_column][vc_single_image image=\u00bb1948&#8243; img_size=\u00bbfull\u00bb][\/vc_column][\/vc_row]<\/p>\n<\/div>","protected":false},"excerpt":{"rendered":"<p>[vc_row full_width=\u00bbstretch_row\u00bb wrap_container=\u00bbyes\u00bb][vc_column][vc_empty_space][vc_empty_space height=\u00bb12px\u00bb][\/vc_column][\/vc_row][vc_row full_width=\u00bbstretch_row_content\u00bb wrap_container=\u00bbyes\u00bb][vc_column][vc_raw_html]JTNDZGl2JTIwc3R5bGUlM0QlMjJkaXNwbGF5JTNBJTIwZmxleCUzQiUyMGp1c3RpZnktY29udGVudCUzQSUyMGNlbnRlciUzQiUyMiUzRSUwQSUzQ2RpdiUyMGNsYXNzJTNEJTIydGh1bWItaW5mbyUyMiUyMHN0eWxlJTNEJTIyd2lkdGglM0E0MDBweCUyMiUzRSUwQSUwOSUzQ2RpdiUyMGNsYXNzJTNEJTIydGh1bWItaW5mby13cmFwcGVyJTIyJTNFJTBBJTA5JTA5JTNDaW1nJTIwc3JjJTNEJTIyaHR0cHMlM0ElMkYlMkZhZ3JpYS5iZyUyRmNhdGFsb2clMkZiYXJjb2RlLmdpZiUyMiUyMGFsdCUzRCUyMjQwJTIwRklIQVYlMjAyMDI0JTIyJTIwd2lkdGglM0QlMjI0MDAlMjIlMjBoZWlnaHQlM0QlMjIzMDAlMjIlM0UlMEElMDklM0MlMkZkaXYlM0UlMEElM0MlMkZkaXYlM0UlMEElM0MlMkZkaXYlM0U=[\/vc_raw_html][\/vc_column][\/vc_row][vc_row full_width=\u00bbstretch_row_content_no_spaces\u00bb css=\u00bb.vc_custom_1495219508153{margin-bottom: -35px !important;}\u00bb][vc_column][vc_single_image image=\u00bb1957&#8243; img_size=\u00bbfull\u00bb][\/vc_column][\/vc_row][vc_row full_width=\u00bbstretch_row\u00bb wrap_container=\u00bbyes\u00bb el_class=\u00bbhome-intro\u00bb][vc_column width=\u00bb2\/3&#8243;][vc_column_text el_class=\u00bbm-b-none\u00bb]Agria SA es el \u00fanico productor b\u00falgaro de productos fitosanitarios.[\/vc_column_text][\/vc_column][vc_column width=\u00bb1\/3&#8243; el_class=\u00bbget-started\u00bb][vc_btn title=\u00bbQUIEN SOMOS\u00bb size=\u00bblg\u00bb skin=\u00bbprimary\u00bb link=\u00bburl:https%3A%2F%2Fagria-zenithcropsciences.com%2F%25d0%25b7%25d0%25b0-%25d0%25bd%25d0%25b0%25d1%2581%2F|||\u00bb el_class=\u00bbm-b-none\u00bb][vc_column_text el_class=\u00bbm-b-none learn-more\u00bb]Ver m\u00e1s.[\/vc_column_text][\/vc_column][\/vc_row][vc_row full_width=\u00bbstretch_row\u00bb wrap_container=\u00bbyes\u00bb css=\u00bb.vc_custom_1495122217512{margin-bottom: -35px !important;}\u00bb][vc_column][vc_empty_space][vc_custom_heading text=\u00bb\u00daltimas noticias\u00bb font_container=\u00bbtag:h3|text_align:center\u00bb use_theme_fonts=\u00bbyes\u00bb][\/vc_column][\/vc_row][vc_row full_width=\u00bbstretch_row_content_no_spaces\u00bb css=\u00bb.vc_custom_1495117333007{margin-bottom: -35px !important;}\u00bb][vc_column][vc_single_image image=\u00bb1948&#8243; img_size=\u00bbfull\u00bb][\/vc_column][\/vc_row]<\/p>\n","protected":false},"author":3,"featured_media":0,"parent":0,"menu_order":0,"comment_status":"closed","ping_status":"closed","template":"","meta":{"footnotes":""},"class_list":["post-1938","page","type-page","status-publish","hentry"],"_links":{"self":[{"href":"https:\/\/agria-zenithcropsciences.com\/es\/wp-json\/wp\/v2\/pages\/1938","targetHints":{"allow":["GET"]}}],"collection":[{"href":"https:\/\/agria-zenithcropsciences.com\/es\/wp-json\/wp\/v2\/pages"}],"about":[{"href":"https:\/\/agria-zenithcropsciences.com\/es\/wp-json\/wp\/v2\/types\/page"}],"author":[{"embeddable":true,"href":"https:\/\/agria-zenithcropsciences.com\/es\/wp-json\/wp\/v2\/users\/3"}],"replies":[{"embeddable":true,"href":"https:\/\/agria-zenithcropsciences.com\/es\/wp-json\/wp\/v2\/comments?post=1938"}],"version-history":[{"count":9,"href":"https:\/\/agria-zenithcropsciences.com\/es\/wp-json\/wp\/v2\/pages\/1938\/revisions"}],"predecessor-version":[{"id":8608,"href":"https:\/\/agria-zenithcropsciences.com\/es\/wp-json\/wp\/v2\/pages\/1938\/revisions\/8608"}],"wp:attachment":[{"href":"https:\/\/agria-zenithcropsciences.com\/es\/wp-json\/wp\/v2\/media?parent=1938"}],"curies":[{"name":"wp","href":"https:\/\/api.w.org\/{rel}","templated":true}]}}